{"id":735540,"date":"2025-08-27T22:49:41","date_gmt":"2025-08-27T19:49:41","guid":{"rendered":"https:\/\/roveyayinevi.com.tr\/index.php\/urun\/kotulerin-kralligi\/"},"modified":"2026-04-16T02:43:50","modified_gmt":"2026-04-15T23:43:50","slug":"kotulerin-kralligi","status":"publish","type":"product","link":"https:\/\/roveyayinevi.com.tr\/index.php\/urun\/kotulerin-kralligi\/","title":{"rendered":"K\u00f6t\u00fclerin Krall\u0131\u011f\u0131"},"content":{"rendered":"<p>\u0130ki k\u0131z karde\u015f.   Bir vah\u015fi cinayet ve intikam aray\u0131\u015f\u0131\u2026   Cehennem\u2019in ta kendisi yery\u00fcz\u00fcne inecek.   Emilia ve ikiz karde\u015fi Vittoria, fark edilmeden hayatlar\u0131n\u0131 s\u00fcrd\u00fcrmek zorunda kalan ve s\u0131radan insanlar\u0131n aras\u0131nda ya\u015fayan cad\u0131lard\u0131r. Bir ak\u015fam Vittoria, aile restoranlar\u0131n\u0131n servis saatini ka\u00e7\u0131r\u0131nca Emilia onu aramaya \u00e7\u0131kar ve deh\u015fet verici bir olayla kar\u015f\u0131la\u015f\u0131r.   \u0130ntikam ate\u015fiyle yan\u0131p tutu\u015fan Emilia, karanl\u0131k b\u00fcy\u00fclerin pe\u015fine d\u00fc\u015fmeye karar verir ve Cehennem Prensleri\u2019nden \u00d6fke ile tan\u0131\u015f\u0131p Cehennem\u2019in kendisiyle y\u00fczle\u015fmek zorunda kal\u0131r.   Emilia, bu yolculu\u011funda, hi\u00e7bir \u015feyin kendisine anlat\u0131ld\u0131\u011f\u0131 gibi olmad\u0131\u011f\u0131n\u0131 fark edecek, ailesi ve kendisi hakk\u0131ndaki b\u00fcy\u00fck s\u0131rlar\u0131 ke\u015ffedecektir.   Unutmay\u0131n, hi\u00e7bir \u015fey g\u00f6r\u00fcnd\u00fc\u011f\u00fc gibi de\u011fildir<\/p>\n","protected":false},"excerpt":{"rendered":"<p>\u0130ki k\u0131z karde\u015f. Bir vah\u015fi cinayet ve intikam aray\u0131\u015f\u0131\u2026 Cehennem\u2019in ta kendisi yery\u00fcz\u00fcne inecek. Emilia ve ikiz karde\u015fi Vittoria, fark edilmeden hayatlar\u0131n\u0131 s\u00fcrd\u00fcrmek zorunda kalan ve<span class=\"excerpt-hellip\"> [\u2026]<\/span><\/p>\n","protected":false},"featured_media":0,"template":"","meta":{"_monsterinsights_skip_tracking":false,"_monsterinsights_sitenote_active":false,"_monsterinsights_sitenote_note":"","_monsterinsights_sitenote_category":0},"product_brand":[],"product_cat":[12291,12711],"product_tag":[],"class_list":{"0":"post-735540","1":"product","2":"type-product","3":"status-publish","5":"product_cat-edebiyat","6":"product_cat-roman-oyku","7":"pa_cilt-ciltsiz","8":"pa_tur-kitap","9":"pa_yayinevi-ephesus-yayinlari","10":"pa_yazar-kerrimaniscalco","12":"first","13":"instock","14":"sale","15":"shipping-taxable","16":"purchasable","17":"product-type-simple"},"_links":{"self":[{"href":"https:\/\/roveyayinevi.com.tr\/index.php\/wp-json\/wp\/v2\/product\/735540","targetHints":{"allow":["GET"]}}],"collection":[{"href":"https:\/\/roveyayinevi.com.tr\/index.php\/wp-json\/wp\/v2\/product"}],"about":[{"href":"https:\/\/roveyayinevi.com.tr\/index.php\/wp-json\/wp\/v2\/types\/product"}],"wp:attachment":[{"href":"https:\/\/roveyayinevi.com.tr\/index.php\/wp-json\/wp\/v2\/media?parent=735540"}],"wp:term":[{"taxonomy":"product_brand","embeddable":true,"href":"https:\/\/roveyayinevi.com.tr\/index.php\/wp-json\/wp\/v2\/product_brand?post=735540"},{"taxonomy":"product_cat","embeddable":true,"href":"https:\/\/roveyayinevi.com.tr\/index.php\/wp-json\/wp\/v2\/product_cat?post=735540"},{"taxonomy":"product_tag","embeddable":true,"href":"https:\/\/roveyayinevi.com.tr\/index.php\/wp-json\/wp\/v2\/product_tag?post=735540"}],"curies":[{"name":"wp","href":"https:\/\/api.w.org\/{rel}","templated":true}]}}