{"id":735538,"date":"2025-08-27T22:49:39","date_gmt":"2025-08-27T19:49:39","guid":{"rendered":"https:\/\/roveyayinevi.com.tr\/index.php\/urun\/bozulan-fenerin-biraz-huzunlu-hikayesi-ya-da-ask-tutmasi\/"},"modified":"2026-04-07T02:52:43","modified_gmt":"2026-04-06T23:52:43","slug":"bozulan-fenerin-biraz-huzunlu-hikayesi-ya-da-ask-tutmasi","status":"publish","type":"product","link":"https:\/\/roveyayinevi.com.tr\/index.php\/urun\/bozulan-fenerin-biraz-huzunlu-hikayesi-ya-da-ask-tutmasi\/","title":{"rendered":"Bozulan Fenerin Biraz H\u00fcz\u00fcnl\u00fc Hikayesi ya da A\u015fk Tutmas\u0131"},"content":{"rendered":"<p>Olcay Ma\u011fden \u00dcnal ve Ceylan Aran\u2019dan tatl\u0131 m\u0131 tatl\u0131, komik mi komik bir b\u00fcy\u00fcme hik\u00e2yesi\u2026   Yerli fenerleri, kanguru keseleri ve insan\u0131n i\u00e7ine \u015f\u00fcphe d\u00fc\u015f\u00fcren elma kurtlar\u0131. Ya da buru\u015f\u0327 buru\u015f\u0327 babaanne elleri, e\u015fi benzeri g\u00f6r\u00fclmemi\u015f\u0327 korsan hazineleri ve k\u0131rm\u0131z\u0131 dudakl\u0131 yarasa bal\u0131klar\u0131&#8230; Merak etme, bu kitapta hepsiyle kar\u015f\u0131la\u015facaks\u0131n. \u00c7ok sevecek, \u00e7ok g\u00fclecek, \u00e7ok \u015fa\u015f\u0131racak, \u00e7ok k\u0131zacak, \u00e7ok oynayacak, \u00e7ok \u00f6zleyeceksin. Hep birlikte hayat denizinde k\u00fcreklere as\u0131laca\u011f\u0131z, kalp dolu dalgalarla bo\u011fu\u015facak, g\u00f6zya\u015f\u0131 ya\u011fmurlar\u0131nda \u0131slanaca\u011f\u0131z. Ama ne yaparsak yapal\u0131m, \u015funu sak\u0131n unutma: Kahverengi bir \u00e7ift g\u00f6z, kahverengi bir \u00e7ift g\u00f6zden \u00e7ok daha fazlas\u0131d\u0131r. K\u0131r\u0131lan Saatin Hi\u00e7\u0327 de H\u00fcz\u00fcnl\u00fc Olmayan Hik\u00e2yesi ya da Uzayda Nas\u0131l \u00c7ay \u0130\u00e7ilir? kitab\u0131n\u0131n s\u00fcrprizlerle dolu abisiyle ge\u00e7mi\u015fe d\u00f6n\u00fcp yola devam ediyoruz. Bakal\u0131m, t\u00fcm bildiklerini kimden \u00f6\u011frenmi\u015f\u0327? <\/p>\n","protected":false},"excerpt":{"rendered":"<p>Olcay Ma\u011fden \u00dcnal ve Ceylan Aran\u2019dan tatl\u0131 m\u0131 tatl\u0131, komik mi komik bir b\u00fcy\u00fcme hik\u00e2yesi\u2026 Yerli fenerleri, kanguru keseleri ve insan\u0131n i\u00e7ine \u015f\u00fcphe d\u00fc\u015f\u00fcren elma kurtlar\u0131.<span class=\"excerpt-hellip\"> [\u2026]<\/span><\/p>\n","protected":false},"featured_media":0,"template":"","meta":{"_monsterinsights_skip_tracking":false,"_monsterinsights_sitenote_active":false,"_monsterinsights_sitenote_note":"","_monsterinsights_sitenote_category":0},"product_brand":[],"product_cat":[12274,12284],"product_tag":[],"class_list":{"0":"post-735538","1":"product","2":"type-product","3":"status-publish","5":"product_cat-cocuk-ve-genclik-kitaplari","6":"product_cat-hikayeler","7":"pa_cilt-ciltsiz","8":"pa_tur-kitap","9":"pa_yayinevi-cinar-yayinlari","10":"pa_yazar-olcay-magden-unal-merve-dogruer","12":"first","13":"instock","14":"sale","15":"shipping-taxable","16":"purchasable","17":"product-type-simple"},"_links":{"self":[{"href":"https:\/\/roveyayinevi.com.tr\/index.php\/wp-json\/wp\/v2\/product\/735538","targetHints":{"allow":["GET"]}}],"collection":[{"href":"https:\/\/roveyayinevi.com.tr\/index.php\/wp-json\/wp\/v2\/product"}],"about":[{"href":"https:\/\/roveyayinevi.com.tr\/index.php\/wp-json\/wp\/v2\/types\/product"}],"wp:attachment":[{"href":"https:\/\/roveyayinevi.com.tr\/index.php\/wp-json\/wp\/v2\/media?parent=735538"}],"wp:term":[{"taxonomy":"product_brand","embeddable":true,"href":"https:\/\/roveyayinevi.com.tr\/index.php\/wp-json\/wp\/v2\/product_brand?post=735538"},{"taxonomy":"product_cat","embeddable":true,"href":"https:\/\/roveyayinevi.com.tr\/index.php\/wp-json\/wp\/v2\/product_cat?post=735538"},{"taxonomy":"product_tag","embeddable":true,"href":"https:\/\/roveyayinevi.com.tr\/index.php\/wp-json\/wp\/v2\/product_tag?post=735538"}],"curies":[{"name":"wp","href":"https:\/\/api.w.org\/{rel}","templated":true}]}}