{"id":735535,"date":"2025-08-27T22:49:35","date_gmt":"2025-08-27T19:49:35","guid":{"rendered":"https:\/\/roveyayinevi.com.tr\/index.php\/urun\/buyuleyici-bagirsak\/"},"modified":"2026-04-16T02:43:50","modified_gmt":"2026-04-15T23:43:50","slug":"buyuleyici-bagirsak","status":"publish","type":"product","link":"https:\/\/roveyayinevi.com.tr\/index.php\/urun\/buyuleyici-bagirsak\/","title":{"rendered":"B\u00fcy\u00fcleyici Ba\u011f\u0131rsak"},"content":{"rendered":"<p>Her konuda duyarl\u0131l\u0131k g\u00f6steren, her daim sorumluluk alan ve hi\u00e7bir zaman \u00e7al\u0131\u015fmaktan ka\u00e7\u0131nmayan efsanevi organ\u0131m\u0131z: Ba\u011f\u0131rsak. Kendisine iyi bak\u0131lmas\u0131 durumunda te\u015fekk\u00fcrlerini iletecek kadar da m\u00fctevazi. Etti\u011fi te\u015fekk\u00fcr ise her insanda son derece olumlu etkiler yaratacak nitelikte; \u00e7\u00fcnk\u00fc ba\u011f\u0131rsak, ba\u011f\u0131\u015f\u0131kl\u0131k sistemimizin \u00fc\u00e7te ikisini \u00e7al\u0131\u015ft\u0131rmakla y\u00fck\u00fcml\u00fc. Kendisi, ekmekten enerji \u00fcreterek, v\u00fccudumuz i\u00e7in gerekli olan enerji miktar\u0131n\u0131 kar\u015f\u0131l\u0131yor. Ayn\u0131 zamanda v\u00fccudumuzun, beyinden sonra gelen, en b\u00fcy\u00fck sinir sistemi de ba\u011f\u0131rsakta bulunuyor. Alerjiler, kilomuz, hatta duygular\u0131m\u0131z bile g\u00f6be\u011fimizle son derece ba\u011flant\u0131l\u0131 i\u015flemekte olan mekanizmalar. Bu kitapta da gen\u00e7 bir bilim insan\u0131 olan Giulia Enders, mizahi ve \u00e7ekici bir dil e\u015fli\u011finde t\u0131bbi ara\u015ft\u0131rmalar\u0131n bize sunduklar\u0131n\u0131 ve bu ara\u015ft\u0131rmalar\u0131n sonu\u00e7lar\u0131n\u0131 g\u00fcndelik hayata nas\u0131l uyarlayabilece\u011fimizi anlat\u0131yor. Organlar\u0131n aras\u0131ndaki \u00e7irkin \u00f6rdek yavrusu; bug\u00fcne dek insanlara rahats\u0131zl\u0131k veren yegane konu. Fakat bu rahats\u0131zl\u0131k verici imaj\u0131n de\u011fi\u015fmesine olduk\u00e7a az kald\u0131. A\u015f\u0131r\u0131 kilo, depresyon ve alerji, ba\u011f\u0131rsak floras\u0131yla son derece ba\u011flant\u0131l\u0131 konular. <\/p>\n","protected":false},"excerpt":{"rendered":"<p>Her konuda duyarl\u0131l\u0131k g\u00f6steren, her daim sorumluluk alan ve hi\u00e7bir zaman \u00e7al\u0131\u015fmaktan ka\u00e7\u0131nmayan efsanevi organ\u0131m\u0131z: Ba\u011f\u0131rsak. Kendisine iyi bak\u0131lmas\u0131 durumunda te\u015fekk\u00fcrlerini iletecek kadar da m\u00fctevazi. Etti\u011fi<span class=\"excerpt-hellip\"> [\u2026]<\/span><\/p>\n","protected":false},"featured_media":0,"template":"","meta":{"_monsterinsights_skip_tracking":false,"_monsterinsights_sitenote_active":false,"_monsterinsights_sitenote_note":"","_monsterinsights_sitenote_category":0},"product_brand":[],"product_cat":[20313,13365],"product_tag":[],"class_list":{"0":"post-735535","1":"product","2":"type-product","3":"status-publish","5":"product_cat-basvuru-kitaplari-saglik","6":"product_cat-saglik","7":"pa_cilt-ciltsiz","8":"pa_tur-kitap","9":"pa_yayinevi-butik-yayinlari","10":"pa_yazar-giulia-enders","12":"first","13":"instock","14":"sale","15":"shipping-taxable","16":"purchasable","17":"product-type-simple"},"_links":{"self":[{"href":"https:\/\/roveyayinevi.com.tr\/index.php\/wp-json\/wp\/v2\/product\/735535","targetHints":{"allow":["GET"]}}],"collection":[{"href":"https:\/\/roveyayinevi.com.tr\/index.php\/wp-json\/wp\/v2\/product"}],"about":[{"href":"https:\/\/roveyayinevi.com.tr\/index.php\/wp-json\/wp\/v2\/types\/product"}],"wp:attachment":[{"href":"https:\/\/roveyayinevi.com.tr\/index.php\/wp-json\/wp\/v2\/media?parent=735535"}],"wp:term":[{"taxonomy":"product_brand","embeddable":true,"href":"https:\/\/roveyayinevi.com.tr\/index.php\/wp-json\/wp\/v2\/product_brand?post=735535"},{"taxonomy":"product_cat","embeddable":true,"href":"https:\/\/roveyayinevi.com.tr\/index.php\/wp-json\/wp\/v2\/product_cat?post=735535"},{"taxonomy":"product_tag","embeddable":true,"href":"https:\/\/roveyayinevi.com.tr\/index.php\/wp-json\/wp\/v2\/product_tag?post=735535"}],"curies":[{"name":"wp","href":"https:\/\/api.w.org\/{rel}","templated":true}]}}