{"id":735534,"date":"2025-08-27T22:49:35","date_gmt":"2025-08-27T19:49:35","guid":{"rendered":"https:\/\/roveyayinevi.com.tr\/index.php\/urun\/k-38-edvari\/"},"modified":"2025-11-21T07:23:19","modified_gmt":"2025-11-21T04:23:19","slug":"k-38-edvari","status":"publish","type":"product","link":"https:\/\/roveyayinevi.com.tr\/index.php\/urun\/k-38-edvari\/","title":{"rendered":"K-38 Edvar\u0131"},"content":{"rendered":"<p>M\u00fcellifi ve yaz\u0131l\u0131\u015f tarihi belli olmayan K-38 Edv\u00e2r\u0131, Kevser\u00ee Mecmuas\u0131 kaynakl\u0131d\u0131r. K-38 Edv\u00e2r\u0131, m\u00fcellifi taraf\u0131ndan Kevser\u00ee Mecmuas\u0131\u2019na ek olarak baz\u0131 farkl\u0131l\u0131klar ve eklemelerle birlikte kaleme al\u0131nm\u0131\u015ft\u0131r. \u00c7al\u0131\u015fmada K-38 Edv\u00e2r\u0131\u2019na ait \u00e7eviriyaz\u0131, g\u00fcn\u00fcm\u00fcz T\u00fcrk\u00e7esi ile sadele\u015ftirilmi\u015f metin ve edv\u00e2r, b\u00f6l\u00fcmler halinde sunulmu\u015ftur. Ayr\u0131ca K-38 Edv\u00e2r\u0131 i\u00e7erisinde yer alan bilgiler sistematik m\u00fczikoloji perspektifi ile de\u011ferlendirilmi\u015f ve T\u00fcrk m\u00fbsik\u00eesinin ihtiyac\u0131 olan bilimsel yakla\u015f\u0131mlarla m\u00fczikoloji alan\u0131na faydal\u0131 olacak bi\u00e7imde ortaya konulmu\u015ftur.<\/p>\n","protected":false},"excerpt":{"rendered":"<p>M\u00fcellifi ve yaz\u0131l\u0131\u015f tarihi belli olmayan K-38 Edv\u00e2r\u0131, Kevser\u00ee Mecmuas\u0131 kaynakl\u0131d\u0131r. K-38 Edv\u00e2r\u0131, m\u00fcellifi taraf\u0131ndan Kevser\u00ee Mecmuas\u0131\u2019na ek olarak baz\u0131 farkl\u0131l\u0131klar ve eklemelerle birlikte kaleme al\u0131nm\u0131\u015ft\u0131r.<span class=\"excerpt-hellip\"> [\u2026]<\/span><\/p>\n","protected":false},"featured_media":0,"template":"","meta":{"_monsterinsights_skip_tracking":false,"_monsterinsights_sitenote_active":false,"_monsterinsights_sitenote_note":"","_monsterinsights_sitenote_category":0},"product_brand":[],"product_cat":[14591,14556],"product_tag":[],"class_list":{"0":"post-735534","1":"product","2":"type-product","3":"status-publish","5":"product_cat-genel-kavramlar-kuram-ve-tarihce","6":"product_cat-muzik","7":"pa_cilt-ciltsiz","8":"pa_tur-kitap","9":"pa_yayinevi-gece-kitapligi","10":"pa_yazar-gamze-koprulu","12":"first","13":"instock","14":"sale","15":"shipping-taxable","16":"purchasable","17":"product-type-simple"},"_links":{"self":[{"href":"https:\/\/roveyayinevi.com.tr\/index.php\/wp-json\/wp\/v2\/product\/735534","targetHints":{"allow":["GET"]}}],"collection":[{"href":"https:\/\/roveyayinevi.com.tr\/index.php\/wp-json\/wp\/v2\/product"}],"about":[{"href":"https:\/\/roveyayinevi.com.tr\/index.php\/wp-json\/wp\/v2\/types\/product"}],"wp:attachment":[{"href":"https:\/\/roveyayinevi.com.tr\/index.php\/wp-json\/wp\/v2\/media?parent=735534"}],"wp:term":[{"taxonomy":"product_brand","embeddable":true,"href":"https:\/\/roveyayinevi.com.tr\/index.php\/wp-json\/wp\/v2\/product_brand?post=735534"},{"taxonomy":"product_cat","embeddable":true,"href":"https:\/\/roveyayinevi.com.tr\/index.php\/wp-json\/wp\/v2\/product_cat?post=735534"},{"taxonomy":"product_tag","embeddable":true,"href":"https:\/\/roveyayinevi.com.tr\/index.php\/wp-json\/wp\/v2\/product_tag?post=735534"}],"curies":[{"name":"wp","href":"https:\/\/api.w.org\/{rel}","templated":true}]}}