{"id":735533,"date":"2025-08-27T22:49:34","date_gmt":"2025-08-27T19:49:34","guid":{"rendered":"https:\/\/roveyayinevi.com.tr\/index.php\/urun\/maskeli-devletler\/"},"modified":"2026-04-16T02:43:50","modified_gmt":"2026-04-15T23:43:50","slug":"maskeli-devletler","status":"publish","type":"product","link":"https:\/\/roveyayinevi.com.tr\/index.php\/urun\/maskeli-devletler\/","title":{"rendered":"Maskeli Devletler"},"content":{"rendered":"<p>Devlet d\u0131\u015f\u0131 silahl\u0131 \u00f6rg\u00fctlerin ba\u015fka \u00fclkelerin h\u00fck\u00fcmetleri taraf\u0131ndan desteklenmesi uluslararas\u0131 ili\u015fkilerde tarih boyunca \u00f6nemli bir stratejik yakla\u015f\u0131m olarak uygulanm\u0131\u015ft\u0131r. Devletleri buna iten sebepler nelerdir? isyanc\u0131 gruplar bu devletlerle i\u015fbirli\u011fi i\u00e7inde olmay\u0131 neden tercih eder? Belgin \u015ean Akca, kitab\u0131nda kulland\u0131g\u0131 Devlet D\u0131\u015f\u0131 Silahl\u0131 \u00d6rg\u00fctler (DDS\u00d6) veri seti yoluyla, devlet d\u0131\u015f\u0131 silahl\u0131 \u00f6rg\u00fctlerin, devletlerle kurduklan i\u015fbirliklenn\u0131n hem \u00f6rg\u00fctler hem de devletler taraf\u0131ndan yap\u0131lan kar\u015f\u0131l\u0131kl\u0131 se\u00e7me s\u00fcrecinin sonucu ortaya \u00e7\u0131kt\u0131\u011f\u0131n\u0131 iddia ediyor. Devletler aras\u0131 ili\u015fkilerin ve ayr\u0131ca devletler, silahl\u0131 \u00f6rg\u00fctler ve diger olas\u0131 destek\u00e7iler aras\u0131ndaki etnik, dini ve ideolojik yak\u0131nl\u0131klann oynad\u0131\u011f\u0131 rol\u00fc, 355 devlet se\u00e7im vakas\u0131 ve 342 \u00f6rg\u00fct se\u00e7im vakas\u0131 ile ortaya koyuyor.Bu ba\u011flamda, \u00f6rg\u00fctlerin de uluslararas\u0131 Ili\u015fkilerde devletlerin tercil-dern\u0131den ba\u011f\u0131ms\u0131z olarak kendi ba\u015flanna var olabilen ve d\u0131\u015f politikay\u0131 derinlemesine etkileyen temel akt\u00f6rler olduklann\u0131 g\u00f6steriyor. Maskeli Devletler, uluslararas\u0131 ili\u015fkilerin temel kuramlann\u0131n devlet-odakl\u0131 \u00e7al\u0131\u015fmalanndan farkl\u0131 bir y\u00f6ntem sunuyor. D\u00fcnyadaki \u00e7ali\u015fmalann \u00f6nemli bir k\u0131sm\u0131n\u0131n ya\u015fand\u0131\u011f\u0131 Ortado\u011fu&#8217;da konumlanan ve g\u00fcvenlik konulann\u0131n \u00f6ncelikli oldugu T\u00fcrkiye i\u00e7in ayn bir \u00f6nem ta\u015f\u0131yan bu kitap, akadem\u0131syenler, siyaset yap\u0131c\u0131lar ve konuya ilgi duyan t\u00fcm okurlar i\u00e7in bir ba\u015fucu eser niteli\u011finde. <\/p>\n","protected":false},"excerpt":{"rendered":"<p>Devlet d\u0131\u015f\u0131 silahl\u0131 \u00f6rg\u00fctlerin ba\u015fka \u00fclkelerin h\u00fck\u00fcmetleri taraf\u0131ndan desteklenmesi uluslararas\u0131 ili\u015fkilerde tarih boyunca \u00f6nemli bir stratejik yakla\u015f\u0131m olarak uygulanm\u0131\u015ft\u0131r. Devletleri buna iten sebepler nelerdir? isyanc\u0131 gruplar<span class=\"excerpt-hellip\"> [\u2026]<\/span><\/p>\n","protected":false},"featured_media":0,"template":"","meta":{"_monsterinsights_skip_tracking":false,"_monsterinsights_sitenote_active":false,"_monsterinsights_sitenote_note":"","_monsterinsights_sitenote_category":0},"product_brand":[],"product_cat":[12346,12337],"product_tag":[],"class_list":{"0":"post-735533","1":"product","2":"type-product","3":"status-publish","5":"product_cat-derin-siyaset-komplo-teorileri","6":"product_cat-politika-siyaset","7":"pa_cilt-ciltsiz","8":"pa_tur-kitap","9":"pa_yayinevi-koc-universitesi-yayinlari","10":"pa_yazar-belgin-san-akca","12":"first","13":"instock","14":"sale","15":"shipping-taxable","16":"purchasable","17":"product-type-simple"},"_links":{"self":[{"href":"https:\/\/roveyayinevi.com.tr\/index.php\/wp-json\/wp\/v2\/product\/735533","targetHints":{"allow":["GET"]}}],"collection":[{"href":"https:\/\/roveyayinevi.com.tr\/index.php\/wp-json\/wp\/v2\/product"}],"about":[{"href":"https:\/\/roveyayinevi.com.tr\/index.php\/wp-json\/wp\/v2\/types\/product"}],"wp:attachment":[{"href":"https:\/\/roveyayinevi.com.tr\/index.php\/wp-json\/wp\/v2\/media?parent=735533"}],"wp:term":[{"taxonomy":"product_brand","embeddable":true,"href":"https:\/\/roveyayinevi.com.tr\/index.php\/wp-json\/wp\/v2\/product_brand?post=735533"},{"taxonomy":"product_cat","embeddable":true,"href":"https:\/\/roveyayinevi.com.tr\/index.php\/wp-json\/wp\/v2\/product_cat?post=735533"},{"taxonomy":"product_tag","embeddable":true,"href":"https:\/\/roveyayinevi.com.tr\/index.php\/wp-json\/wp\/v2\/product_tag?post=735533"}],"curies":[{"name":"wp","href":"https:\/\/api.w.org\/{rel}","templated":true}]}}