{"id":735531,"date":"2025-08-27T22:49:32","date_gmt":"2025-08-27T19:49:32","guid":{"rendered":"https:\/\/roveyayinevi.com.tr\/index.php\/urun\/kahraman-prensesler-gizli-anlasma\/"},"modified":"2026-02-03T02:59:30","modified_gmt":"2026-02-02T23:59:30","slug":"kahraman-prensesler-gizli-anlasma","status":"publish","type":"product","link":"https:\/\/roveyayinevi.com.tr\/index.php\/urun\/kahraman-prensesler-gizli-anlasma\/","title":{"rendered":"Kahraman Prensesler &#8211; Gizli Anla\u015fma"},"content":{"rendered":"<p>Hi\u00e7biri s\u0131radan birer prenses de\u011fil\u2026Onlar, KAHRAMAN PRENSESLER!Prenses Emily, hayatta s\u00fcsl\u00fc elbiseler giymekten ve balolara kat\u0131lmaktan daha fazlas\u0131n\u0131n oldu\u011funu d\u00fc\u015f\u00fcn\u00fcyor. Hayat\u0131n\u0131 de\u011fi\u015ftirecek bir maceran\u0131n \u00f6zlemi i\u00e7inde&#8230; (Belki de bir g\u00fcn kar\u015f\u0131s\u0131na \u00e7\u0131kar!)Karanl\u0131k bir tak\u0131m adamlar, Sisda\u011f Orman\u0131&#8217;nda ya\u015fayan geyikleri incitmeyi planl\u0131yor. Emily, yeni tan\u0131\u015ft\u0131\u011f\u0131 prenses arkada\u015flar\u0131yla, bu k\u00f6t\u00fc planlar\u0131 bozmak i\u00e7in zek\u00e2s\u0131n\u0131, bilgisini ve hatta yeni ke\u015ffetti\u011fi baz\u0131 ninja becerilerini kullanmak zorunda kalacak gibi\u2026KAHRAMAN PRENSESLER\u2019in korkusuz, e\u011flenceli ve pek de gizemli maceralar\u0131 ba\u015flas\u0131n o zaman!<\/p>\n","protected":false},"excerpt":{"rendered":"<p>Hi\u00e7biri s\u0131radan birer prenses de\u011fil\u2026Onlar, KAHRAMAN PRENSESLER!Prenses Emily, hayatta s\u00fcsl\u00fc elbiseler giymekten ve balolara kat\u0131lmaktan daha fazlas\u0131n\u0131n oldu\u011funu d\u00fc\u015f\u00fcn\u00fcyor. Hayat\u0131n\u0131 de\u011fi\u015ftirecek bir maceran\u0131n \u00f6zlemi i\u00e7inde&#8230; (Belki<span class=\"excerpt-hellip\"> [\u2026]<\/span><\/p>\n","protected":false},"featured_media":0,"template":"","meta":{"_monsterinsights_skip_tracking":false,"_monsterinsights_sitenote_active":false,"_monsterinsights_sitenote_note":"","_monsterinsights_sitenote_category":0},"product_brand":[],"product_cat":[12275,12274],"product_tag":[],"class_list":{"0":"post-735531","1":"product","2":"type-product","3":"status-publish","5":"product_cat-6-12-yas-kitaplari","6":"product_cat-cocuk-ve-genclik-kitaplari","7":"pa_cilt-ciltsiz","8":"pa_tur-kitap","9":"pa_yayinevi-turkuvaz-kitap","10":"pa_yazar-paula-harrison","12":"first","13":"instock","14":"sale","15":"shipping-taxable","16":"purchasable","17":"product-type-simple"},"_links":{"self":[{"href":"https:\/\/roveyayinevi.com.tr\/index.php\/wp-json\/wp\/v2\/product\/735531","targetHints":{"allow":["GET"]}}],"collection":[{"href":"https:\/\/roveyayinevi.com.tr\/index.php\/wp-json\/wp\/v2\/product"}],"about":[{"href":"https:\/\/roveyayinevi.com.tr\/index.php\/wp-json\/wp\/v2\/types\/product"}],"wp:attachment":[{"href":"https:\/\/roveyayinevi.com.tr\/index.php\/wp-json\/wp\/v2\/media?parent=735531"}],"wp:term":[{"taxonomy":"product_brand","embeddable":true,"href":"https:\/\/roveyayinevi.com.tr\/index.php\/wp-json\/wp\/v2\/product_brand?post=735531"},{"taxonomy":"product_cat","embeddable":true,"href":"https:\/\/roveyayinevi.com.tr\/index.php\/wp-json\/wp\/v2\/product_cat?post=735531"},{"taxonomy":"product_tag","embeddable":true,"href":"https:\/\/roveyayinevi.com.tr\/index.php\/wp-json\/wp\/v2\/product_tag?post=735531"}],"curies":[{"name":"wp","href":"https:\/\/api.w.org\/{rel}","templated":true}]}}