{"id":735529,"date":"2025-08-27T22:49:30","date_gmt":"2025-08-27T19:49:30","guid":{"rendered":"https:\/\/roveyayinevi.com.tr\/index.php\/urun\/bir-divan-katibinin-kalemiyle-4-muradin-bagdat-seferi\/"},"modified":"2026-04-16T02:43:50","modified_gmt":"2026-04-15T23:43:50","slug":"bir-divan-katibinin-kalemiyle-4-muradin-bagdat-seferi","status":"publish","type":"product","link":"https:\/\/roveyayinevi.com.tr\/index.php\/urun\/bir-divan-katibinin-kalemiyle-4-muradin-bagdat-seferi\/","title":{"rendered":"Bir Divan Katibinin Kalemiyle 4. Murad&#8217;\u0131n Ba\u011fdat Seferi"},"content":{"rendered":"<p>1624 y\u0131l\u0131nda Ba\u011fdat&#8217;\u0131n Safev\u00eeler eline ge\u00e7mesi \u00fczerine alevlenen sava\u015f s\u00fcrecinde sadrazamlar\u0131n komutas\u0131nda \u00e7\u0131k\u0131lan seferlerle Ba\u011fdat&#8217;\u0131n fethi m\u00fcyesser olamam\u0131\u015ft\u0131. Neticede IV. Murad&#8217;\u0131n 1638 y\u0131l\u0131nda bizzat komuta etti\u011fi ordu, 221 g\u00fcnl\u00fck yolculuk ve 39 g\u00fcn s\u00fcren ku\u015fatman\u0131n ard\u0131ndan Ba\u011fdat Kalesi&#8217;ni teslim alm\u0131\u015ft\u0131. Sefer ve zafer, karma\u015fa atmosferini otorite ve s\u00fckunete tebdil ederken iki as\u0131r boyunca Osmanl\u0131-\u0130ran m\u00fccadelesinin temel noktas\u0131 olan Ba\u011fdat Kalesi fethedilerek uzun soluklu bir bar\u0131\u015f d\u00f6nemi ba\u015flam\u0131\u015ft\u0131. \u0130mzalanan Kasr-\u0131 \u015eirin Antla\u015fmas\u0131 \u00fc\u00e7 bu\u00e7uk as\u0131r boyunca \u0130ran ile kal\u0131c\u0131 dostlu\u011fu temin ederek bug\u00fcnk\u00fc T\u00fcrkiye-\u0130ran s\u0131n\u0131r\u0131n\u0131n belirleyicisi olmu\u015ftu.1638 Ba\u011fdat Seferi&#8217;ni konu alan bu \u00e7al\u0131\u015fma, sefere kat\u0131lan Abdurrahman H\u0131br\u00ee Efendi&#8217;nin T\u00e2r\u00eeh-i Feth-i Ba\u011fd\u00e2d isimli eseri \u00fczerinedir. G\u00fcn\u00fcm\u00fcze de\u011fin kay\u0131p oldu\u011fu bilinen eserin ilk kez ne\u015friyle Ba\u011fdat Seferi&#8217;nin detaylar\u0131 ortaya konulmaktad\u0131r. Sefer esnas\u0131nda ya\u015fanan olaylar, tayin ve azller, vefat ve katller, t\u00fct\u00fcn yasa\u011f\u0131, K\u0131z\u0131lba\u015flarla m\u00fccadele, menziller ve ku\u015fatma, fetih ve antla\u015fma ayr\u0131nt\u0131lar\u0131yla anlat\u0131l\u0131rken IV. Murad\u2019a ve fethe \u00f6vg\u00fc, \u015fiirlerde ahenk bulmaktad\u0131r.<\/p>\n","protected":false},"excerpt":{"rendered":"<p>1624 y\u0131l\u0131nda Ba\u011fdat&#8217;\u0131n Safev\u00eeler eline ge\u00e7mesi \u00fczerine alevlenen sava\u015f s\u00fcrecinde sadrazamlar\u0131n komutas\u0131nda \u00e7\u0131k\u0131lan seferlerle Ba\u011fdat&#8217;\u0131n fethi m\u00fcyesser olamam\u0131\u015ft\u0131. Neticede IV. Murad&#8217;\u0131n 1638 y\u0131l\u0131nda bizzat komuta etti\u011fi<span class=\"excerpt-hellip\"> [\u2026]<\/span><\/p>\n","protected":false},"featured_media":0,"template":"","meta":{"_monsterinsights_skip_tracking":false,"_monsterinsights_sitenote_active":false,"_monsterinsights_sitenote_note":"","_monsterinsights_sitenote_category":0},"product_brand":[],"product_cat":[13517,12304],"product_tag":[],"class_list":{"0":"post-735529","1":"product","2":"type-product","3":"status-publish","5":"product_cat-osmanli-tarihi","6":"product_cat-tarih","7":"pa_cilt-ciltsiz","8":"pa_tur-kitap","9":"pa_yayinevi-yeditepe-yayinevi","10":"pa_yazar-abdurrahman-hibri-efendi","12":"first","13":"instock","14":"sale","15":"shipping-taxable","16":"purchasable","17":"product-type-simple"},"_links":{"self":[{"href":"https:\/\/roveyayinevi.com.tr\/index.php\/wp-json\/wp\/v2\/product\/735529","targetHints":{"allow":["GET"]}}],"collection":[{"href":"https:\/\/roveyayinevi.com.tr\/index.php\/wp-json\/wp\/v2\/product"}],"about":[{"href":"https:\/\/roveyayinevi.com.tr\/index.php\/wp-json\/wp\/v2\/types\/product"}],"wp:attachment":[{"href":"https:\/\/roveyayinevi.com.tr\/index.php\/wp-json\/wp\/v2\/media?parent=735529"}],"wp:term":[{"taxonomy":"product_brand","embeddable":true,"href":"https:\/\/roveyayinevi.com.tr\/index.php\/wp-json\/wp\/v2\/product_brand?post=735529"},{"taxonomy":"product_cat","embeddable":true,"href":"https:\/\/roveyayinevi.com.tr\/index.php\/wp-json\/wp\/v2\/product_cat?post=735529"},{"taxonomy":"product_tag","embeddable":true,"href":"https:\/\/roveyayinevi.com.tr\/index.php\/wp-json\/wp\/v2\/product_tag?post=735529"}],"curies":[{"name":"wp","href":"https:\/\/api.w.org\/{rel}","templated":true}]}}