{"id":735528,"date":"2025-08-27T22:49:29","date_gmt":"2025-08-27T19:49:29","guid":{"rendered":"https:\/\/roveyayinevi.com.tr\/index.php\/urun\/fetihname-i-nami-der-hakk-i-gurcistan\/"},"modified":"2026-04-16T02:43:50","modified_gmt":"2026-04-15T23:43:50","slug":"fetihname-i-nami-der-hakk-i-gurcistan","status":"publish","type":"product","link":"https:\/\/roveyayinevi.com.tr\/index.php\/urun\/fetihname-i-nami-der-hakk-i-gurcistan\/","title":{"rendered":"Fetihname-i Nami Der-Hakk-\u0131 G\u00fcrcistan"},"content":{"rendered":"<p>G\u00fcrcistan; kuzeyinde Kafkas da\u011flar\u0131 ve Rusya, g\u00fcneyinde T\u00fcrkiye ve Ermenistan, do\u011fusunda Azerbaycan, bat\u0131s\u0131nda Karadeniz&#8217;in bulundu\u011fu bir \u00fclkedir. G\u00fcrcistan topraklar\u0131 \u00f6nemli ula\u015f\u0131m ve ticaret yollar\u0131 \u00fczerinde yer almas\u0131 sebebiyle tarih boyunca bir\u00e7ok devletin ilgi oda\u011f\u0131 olmu\u015ftur. Roma, Bizans, \u0130ran, Arap, T\u00fcrk ve Rus devletleri buray\u0131 idareleri alt\u0131na almak i\u00e7in m\u00fccadele etmi\u015ftir.Osmanl\u0131 Devleti&#8217;nin G\u00fcrcistan topraklar\u0131ndaki h\u00e2kimiyet m\u00fccadelesini anlatan bir\u00e7ok eser yaz\u0131lm\u0131\u015ft\u0131r. Bu eserlerden birisi de N\u00e2m\u00ee Hasan A\u011fa&#8217;n\u0131n kaleme ald\u0131\u011f\u0131 Fetihn\u00e2me-i N\u00e2m\u00ee Der-Hakk-\u0131 G\u00fcrcist\u00e2n isimli eserdir. N\u00e2m\u00ee Hasan A\u011fa 17. y\u00fczy\u0131l\u0131n ikinci yar\u0131s\u0131nda Kars&#8217;ta ya\u015fam\u0131\u015ft\u0131r. Kars Valisi Seyyid Yusuf Pa\u015fa, 1663&#8217;te G\u00fcrcistan seferine \u00e7\u0131kmakla g\u00f6revlendirilince N\u00e2m\u00ee Hasan A\u011fa&#8217;dan maiyetinde bulunup seferin tarih\u00e7esini yazmas\u0131n\u0131 istemi\u015ftir. N\u00e2m\u00ee Hasan A\u011fa sefer s\u0131ras\u0131nda Dadyan melikine g\u00f6nderilen el\u00e7ilik heyetinde de bulunmu\u015ftur. Bu vazifeyi icra ederken Dadyan meliki ve adamlar\u0131n\u0131n y\u00f6neltti\u011fi sorulara verdi\u011fi cevaplarla kendisini g\u00f6stermi\u015ftir. N\u00e2m\u00ee Hasan A\u011fa Fetihn\u00e2me-i N\u00e2m\u00ee Der-Hakk-\u0131 G\u00fcrcist\u00e2n isimli eserinde G\u00fcrcistan seferine ili\u015fkin \u00f6nemli bilgiler vermektedir.<\/p>\n","protected":false},"excerpt":{"rendered":"<p>G\u00fcrcistan; kuzeyinde Kafkas da\u011flar\u0131 ve Rusya, g\u00fcneyinde T\u00fcrkiye ve Ermenistan, do\u011fusunda Azerbaycan, bat\u0131s\u0131nda Karadeniz&#8217;in bulundu\u011fu bir \u00fclkedir. G\u00fcrcistan topraklar\u0131 \u00f6nemli ula\u015f\u0131m ve ticaret yollar\u0131 \u00fczerinde yer<span class=\"excerpt-hellip\"> [\u2026]<\/span><\/p>\n","protected":false},"featured_media":0,"template":"","meta":{"_monsterinsights_skip_tracking":false,"_monsterinsights_sitenote_active":false,"_monsterinsights_sitenote_note":"","_monsterinsights_sitenote_category":0},"product_brand":[],"product_cat":[12370,12304],"product_tag":[],"class_list":{"0":"post-735528","1":"product","2":"type-product","3":"status-publish","5":"product_cat-arastirma-inceleme","6":"product_cat-tarih","7":"pa_cilt-ciltsiz","8":"pa_tur-kitap","9":"pa_yayinevi-yeditepe-yayinevi","10":"pa_yazar-nami-hasan-aga","12":"first","13":"instock","14":"sale","15":"shipping-taxable","16":"purchasable","17":"product-type-simple"},"_links":{"self":[{"href":"https:\/\/roveyayinevi.com.tr\/index.php\/wp-json\/wp\/v2\/product\/735528","targetHints":{"allow":["GET"]}}],"collection":[{"href":"https:\/\/roveyayinevi.com.tr\/index.php\/wp-json\/wp\/v2\/product"}],"about":[{"href":"https:\/\/roveyayinevi.com.tr\/index.php\/wp-json\/wp\/v2\/types\/product"}],"wp:attachment":[{"href":"https:\/\/roveyayinevi.com.tr\/index.php\/wp-json\/wp\/v2\/media?parent=735528"}],"wp:term":[{"taxonomy":"product_brand","embeddable":true,"href":"https:\/\/roveyayinevi.com.tr\/index.php\/wp-json\/wp\/v2\/product_brand?post=735528"},{"taxonomy":"product_cat","embeddable":true,"href":"https:\/\/roveyayinevi.com.tr\/index.php\/wp-json\/wp\/v2\/product_cat?post=735528"},{"taxonomy":"product_tag","embeddable":true,"href":"https:\/\/roveyayinevi.com.tr\/index.php\/wp-json\/wp\/v2\/product_tag?post=735528"}],"curies":[{"name":"wp","href":"https:\/\/api.w.org\/{rel}","templated":true}]}}