{"id":735527,"date":"2025-08-27T22:49:28","date_gmt":"2025-08-27T19:49:28","guid":{"rendered":"https:\/\/roveyayinevi.com.tr\/index.php\/urun\/arap-izzet-pasa-1852-1924\/"},"modified":"2026-04-16T02:43:50","modified_gmt":"2026-04-15T23:43:50","slug":"arap-izzet-pasa-1852-1924","status":"publish","type":"product","link":"https:\/\/roveyayinevi.com.tr\/index.php\/urun\/arap-izzet-pasa-1852-1924\/","title":{"rendered":"Arap \u0130zzet Pa\u015fa (1852-1924)"},"content":{"rendered":"<p>Arap \u0130zzet Pa\u015fa, II. Abd\u00fclhamid d\u00f6nemi (1896-1908) mabeyn ikinci katipli\u011fi yapm\u0131\u015f ve Y\u0131ld\u0131z Saray\u0131\u2019nda resmi bir g\u00f6rev elde etmi\u015ftir. Arap \u0130zzet Pa\u015fa II. Abd\u00fclhamid\u2019in hizmetinde sad\u0131k bir dan\u0131\u015fman olarak g\u00f6rev yapm\u0131\u015f gibi g\u00f6r\u00fcnse de hakk\u0131nda ortaya \u00e7\u0131kan usuls\u00fcz atamalar, haks\u0131z servet edinimi ve r\u00fc\u015fvet gibi daha bir\u00e7ok iddian\u0131n \u00f6n\u00fcne ge\u00e7ilememi\u015ftir. 1908 II. Me\u015frutiyet\u2019in yani Kanun-i Esasi\u2019nin tekrar ilan edilmesiyle Abd\u00fclhamid\u2019in emri ile yurtd\u0131\u015f\u0131na firar etmi\u015ftir. Bu olay ile Arap \u0130zzet Pa\u015fa\u2019n\u0131n t\u00fcm mal varl\u0131\u011f\u0131na haciz gelmi\u015f, madalyalar\u0131 ve r\u00fctbeleri geri al\u0131nm\u0131\u015ft\u0131r. Londra, M\u0131s\u0131r ve Avrupa\u2019da seyahat etti\u011fi s\u00fcrece \u0130ttihat ve Terakki \u0130daresi taraf\u0131ndan ya\u015fant\u0131s\u0131 ve hareketleri s\u00fcrekli g\u00f6zlem alt\u0131nda tutulmu\u015ftur. Hakk\u0131nda bir\u00e7ok itham bulunmas\u0131na ra\u011fmen, Arap ba\u011f\u0131ms\u0131zl\u0131\u011f\u0131na 1914 y\u0131l\u0131 sonras\u0131nda destek vermi\u015ftir. Arap \u0130zzet Pa\u015fa\u2019n\u0131n biyografisi niteli\u011finde olan bu eser bir imparatorlu\u011funun son d\u00f6nemlerinde meydana gelen olaylar\u0131, \u00e7\u00fcr\u00fcmeyi ve \u00e7\u00f6k\u00fc\u015f\u00fc g\u00f6zler \u00f6n\u00fcne sermektedir. Bu \u00e7al\u0131\u015fma Saray ya\u015fant\u0131s\u0131na, Abd\u00fclhamid d\u00f6nemi olaylar\u0131na, \u0130slam d\u00fcnyas\u0131na ve Arap topraklar\u0131na y\u00f6nelik politikalara \u0131\u015f\u0131k tutmas\u0131n\u0131n yan\u0131nda bug\u00fcn\u00fc anlamak isteyenlere de k\u0131lavuzluk edecektir.<\/p>\n","protected":false},"excerpt":{"rendered":"<p>Arap \u0130zzet Pa\u015fa, II. Abd\u00fclhamid d\u00f6nemi (1896-1908) mabeyn ikinci katipli\u011fi yapm\u0131\u015f ve Y\u0131ld\u0131z Saray\u0131\u2019nda resmi bir g\u00f6rev elde etmi\u015ftir. Arap \u0130zzet Pa\u015fa II. Abd\u00fclhamid\u2019in hizmetinde sad\u0131k<span class=\"excerpt-hellip\"> [\u2026]<\/span><\/p>\n","protected":false},"featured_media":0,"template":"","meta":{"_monsterinsights_skip_tracking":false,"_monsterinsights_sitenote_active":false,"_monsterinsights_sitenote_note":"","_monsterinsights_sitenote_category":0},"product_brand":[],"product_cat":[13946,12304],"product_tag":[],"class_list":{"0":"post-735527","1":"product","2":"type-product","3":"status-publish","5":"product_cat-biyografi-otobiyografi","6":"product_cat-tarih","7":"pa_cilt-ciltsiz","8":"pa_tur-kitap","9":"pa_yayinevi-yeditepe-yayinevi","10":"pa_yazar-ozlem-hasturk","12":"first","13":"instock","14":"sale","15":"shipping-taxable","16":"purchasable","17":"product-type-simple"},"_links":{"self":[{"href":"https:\/\/roveyayinevi.com.tr\/index.php\/wp-json\/wp\/v2\/product\/735527","targetHints":{"allow":["GET"]}}],"collection":[{"href":"https:\/\/roveyayinevi.com.tr\/index.php\/wp-json\/wp\/v2\/product"}],"about":[{"href":"https:\/\/roveyayinevi.com.tr\/index.php\/wp-json\/wp\/v2\/types\/product"}],"wp:attachment":[{"href":"https:\/\/roveyayinevi.com.tr\/index.php\/wp-json\/wp\/v2\/media?parent=735527"}],"wp:term":[{"taxonomy":"product_brand","embeddable":true,"href":"https:\/\/roveyayinevi.com.tr\/index.php\/wp-json\/wp\/v2\/product_brand?post=735527"},{"taxonomy":"product_cat","embeddable":true,"href":"https:\/\/roveyayinevi.com.tr\/index.php\/wp-json\/wp\/v2\/product_cat?post=735527"},{"taxonomy":"product_tag","embeddable":true,"href":"https:\/\/roveyayinevi.com.tr\/index.php\/wp-json\/wp\/v2\/product_tag?post=735527"}],"curies":[{"name":"wp","href":"https:\/\/api.w.org\/{rel}","templated":true}]}}