{"id":735526,"date":"2025-08-27T22:49:27","date_gmt":"2025-08-27T19:49:27","guid":{"rendered":"https:\/\/roveyayinevi.com.tr\/index.php\/urun\/memluklerde-toprak-yonetimi-ikta\/"},"modified":"2026-04-16T02:43:50","modified_gmt":"2026-04-15T23:43:50","slug":"memluklerde-toprak-yonetimi-ikta","status":"publish","type":"product","link":"https:\/\/roveyayinevi.com.tr\/index.php\/urun\/memluklerde-toprak-yonetimi-ikta\/","title":{"rendered":"Meml\u00fcklerde Toprak Y\u00f6netimi \u0130kta"},"content":{"rendered":"<p>Askeri ikt\u00e2\u2018 nizam\u0131, Orta \u00c7a\u011f T\u00fcrk-\u0130sl\u00e2m devletlerinde ordu-devlet d\u00fczenini tahkim eden ana unsurlardan birisidir. Bu noktada Meml\u00fbk T\u00fcrk Devleti, topra\u011fa ba\u011fl\u0131 ordu-devlet anlay\u0131\u015f\u0131 ile te\u015fkil edilen askeri ikt\u00e2\u2018 nizam\u0131, Eyy\u00fbb\u00ee miras\u0131 olarak b\u00f6lge ve d\u00f6nem \u015fartlar\u0131 dikkate al\u0131narak yeniden in\u015fa edilmi\u015ftir. Makr\u00eez\u00ee\u2019nin; \u201cNe Fat\u0131miler devrinde ne de \u00f6ncesinde, g\u00fcn\u00fcm\u00fcz T\u00fcrk Devleti\u2019nde oldu\u011fu gibi M\u0131s\u0131r \u00fclke topraklar\u0131 askerler i\u00e7in ikt\u00e2\u2018lar olarak tahsis edilmedi,\u201d s\u00f6zleri Meml\u00fbk askeri ikt\u00e2\u2018 nizam\u0131n\u0131n m\u00e2hiyetini \u00f6zetlemektedir.Bu nizam\u0131 uygulayan Meml\u00fbk T\u00fcrk Devleti Ha\u00e7l\u0131 seferlerini ve Mo\u011fol istil\u00e2lar\u0131n\u0131 akim b\u0131rakm\u0131\u015f, M\u0131s\u0131r ve Suriye\u2019de \u00fc\u00e7 asra yak\u0131n (1250-1520) h\u00e2kimiyet kurmay\u0131 ba\u015farm\u0131\u015ft\u0131r. Bu \u00e7al\u0131\u015fma, bir \u00e7e\u015fit toprak y\u00f6netim bi\u00e7imi olan ikt\u00e2\u2018ya dair yap\u0131lan tart\u0131\u015fmalara yer vererek, d\u00fcnden bug\u00fcne tarih\u00e7ilerin konuya yakla\u015f\u0131m tarzlar\u0131n\u0131 ve tezlerini irdeliyor, gelinen bu noktada ayn\u0131 sistemin ayn\u0131 k\u00fclt\u00fcr ve medeniyet gelene\u011finde farkl\u0131 bir anlay\u0131\u015fla tatbikinden bahsedip sistemin devlet \u00e7ark\u0131nda i\u015fleyi\u015fi ve toplum hayat\u0131na yans\u0131malar\u0131 \u00fczerinde duruyor. Sel\u00e7uklulardan m\u00fclhem, Eyy\u00fbb\u00eelerden miras bu sistemin Osmanl\u0131lara ilham kayna\u011f\u0131 oldu\u011fu bir ger\u00e7ektir.  <\/p>\n","protected":false},"excerpt":{"rendered":"<p>Askeri ikt\u00e2\u2018 nizam\u0131, Orta \u00c7a\u011f T\u00fcrk-\u0130sl\u00e2m devletlerinde ordu-devlet d\u00fczenini tahkim eden ana unsurlardan birisidir. Bu noktada Meml\u00fbk T\u00fcrk Devleti, topra\u011fa ba\u011fl\u0131 ordu-devlet anlay\u0131\u015f\u0131 ile te\u015fkil edilen<span class=\"excerpt-hellip\"> [\u2026]<\/span><\/p>\n","protected":false},"featured_media":0,"template":"","meta":{"_monsterinsights_skip_tracking":false,"_monsterinsights_sitenote_active":false,"_monsterinsights_sitenote_note":"","_monsterinsights_sitenote_category":0},"product_brand":[],"product_cat":[12370,12304],"product_tag":[],"class_list":{"0":"post-735526","1":"product","2":"type-product","3":"status-publish","5":"product_cat-arastirma-inceleme","6":"product_cat-tarih","7":"pa_cilt-ciltsiz","8":"pa_tur-kitap","9":"pa_yayinevi-yeditepe-yayinevi","10":"pa_yazar-ahmet-saglam","12":"first","13":"instock","14":"sale","15":"shipping-taxable","16":"purchasable","17":"product-type-simple"},"_links":{"self":[{"href":"https:\/\/roveyayinevi.com.tr\/index.php\/wp-json\/wp\/v2\/product\/735526","targetHints":{"allow":["GET"]}}],"collection":[{"href":"https:\/\/roveyayinevi.com.tr\/index.php\/wp-json\/wp\/v2\/product"}],"about":[{"href":"https:\/\/roveyayinevi.com.tr\/index.php\/wp-json\/wp\/v2\/types\/product"}],"wp:attachment":[{"href":"https:\/\/roveyayinevi.com.tr\/index.php\/wp-json\/wp\/v2\/media?parent=735526"}],"wp:term":[{"taxonomy":"product_brand","embeddable":true,"href":"https:\/\/roveyayinevi.com.tr\/index.php\/wp-json\/wp\/v2\/product_brand?post=735526"},{"taxonomy":"product_cat","embeddable":true,"href":"https:\/\/roveyayinevi.com.tr\/index.php\/wp-json\/wp\/v2\/product_cat?post=735526"},{"taxonomy":"product_tag","embeddable":true,"href":"https:\/\/roveyayinevi.com.tr\/index.php\/wp-json\/wp\/v2\/product_tag?post=735526"}],"curies":[{"name":"wp","href":"https:\/\/api.w.org\/{rel}","templated":true}]}}