{"id":735523,"date":"2025-08-27T22:49:24","date_gmt":"2025-08-27T19:49:24","guid":{"rendered":"https:\/\/roveyayinevi.com.tr\/index.php\/urun\/barbaros-hayrettin-pasa\/"},"modified":"2026-04-16T02:43:49","modified_gmt":"2026-04-15T23:43:49","slug":"barbaros-hayrettin-pasa","status":"publish","type":"product","link":"https:\/\/roveyayinevi.com.tr\/index.php\/urun\/barbaros-hayrettin-pasa\/","title":{"rendered":"Barbaros Hayrettin Pa\u015fa"},"content":{"rendered":"<p>Malazgirt zaferi sonras\u0131nda Anadolu\u2019nun kap\u0131lar\u0131n\u0131 a\u00e7an T\u00fcrkler, XI. y\u00fczy\u0131lda Antalya ve Sinop\u2019un ele ge\u00e7irilmesi ile denizle tan\u0131\u015fm\u0131\u015flard\u0131r. \u00d6nceleri askeri denizcilik \u00f6ne \u00e7\u0131ksa da zamanla ticari denizcilikte geli\u015fmi\u015ftir.Ege k\u0131y\u0131s\u0131nda yapt\u0131\u011f\u0131 fetihlerle T\u00fcrk denizcilik tarihinin mihenk ta\u015f\u0131 kabul edilen, ilk T\u00fcrk amirali \u00c7aka Bey\u2019in a\u00e7t\u0131\u011f\u0131 yolda y\u00fcr\u00fcyen T\u00fcrk denizcili\u011fi XV. ve XVI. Y\u00fczy\u0131lda alt\u0131n y\u0131llar\u0131n\u0131 ya\u015fam\u0131\u015ft\u0131r.Bu kitap, T\u00fcrk denizcilik tarihini kapsaml\u0131 bir \u015fekilde anlaman\u0131z\u0131 sa\u011flarken Preveze Deniz Sava\u015f\u0131\u2019n\u0131n fatihi Kaptan-\u0131 Derya Barbaros Hayrettin Pa\u015fa\u2019n\u0131n hayat\u0131n\u0131 yak\u0131ndan inceleme sunmaktad\u0131r.<\/p>\n","protected":false},"excerpt":{"rendered":"<p>Malazgirt zaferi sonras\u0131nda Anadolu\u2019nun kap\u0131lar\u0131n\u0131 a\u00e7an T\u00fcrkler, XI. y\u00fczy\u0131lda Antalya ve Sinop\u2019un ele ge\u00e7irilmesi ile denizle tan\u0131\u015fm\u0131\u015flard\u0131r. \u00d6nceleri askeri denizcilik \u00f6ne \u00e7\u0131ksa da zamanla ticari denizcilikte<span class=\"excerpt-hellip\"> [\u2026]<\/span><\/p>\n","protected":false},"featured_media":0,"template":"","meta":{"_monsterinsights_skip_tracking":false,"_monsterinsights_sitenote_active":false,"_monsterinsights_sitenote_note":"","_monsterinsights_sitenote_category":0},"product_brand":[],"product_cat":[13946,12304],"product_tag":[],"class_list":{"0":"post-735523","1":"product","2":"type-product","3":"status-publish","5":"product_cat-biyografi-otobiyografi","6":"product_cat-tarih","7":"pa_cilt-ciltsiz","8":"pa_tur-kitap","9":"pa_yayinevi-yediveren-yayinlari","10":"pa_yazar-muzaffer-kadiroglu","12":"first","13":"instock","14":"sale","15":"shipping-taxable","16":"purchasable","17":"product-type-simple"},"_links":{"self":[{"href":"https:\/\/roveyayinevi.com.tr\/index.php\/wp-json\/wp\/v2\/product\/735523","targetHints":{"allow":["GET"]}}],"collection":[{"href":"https:\/\/roveyayinevi.com.tr\/index.php\/wp-json\/wp\/v2\/product"}],"about":[{"href":"https:\/\/roveyayinevi.com.tr\/index.php\/wp-json\/wp\/v2\/types\/product"}],"wp:attachment":[{"href":"https:\/\/roveyayinevi.com.tr\/index.php\/wp-json\/wp\/v2\/media?parent=735523"}],"wp:term":[{"taxonomy":"product_brand","embeddable":true,"href":"https:\/\/roveyayinevi.com.tr\/index.php\/wp-json\/wp\/v2\/product_brand?post=735523"},{"taxonomy":"product_cat","embeddable":true,"href":"https:\/\/roveyayinevi.com.tr\/index.php\/wp-json\/wp\/v2\/product_cat?post=735523"},{"taxonomy":"product_tag","embeddable":true,"href":"https:\/\/roveyayinevi.com.tr\/index.php\/wp-json\/wp\/v2\/product_tag?post=735523"}],"curies":[{"name":"wp","href":"https:\/\/api.w.org\/{rel}","templated":true}]}}