{"id":735522,"date":"2025-08-27T22:49:23","date_gmt":"2025-08-27T19:49:23","guid":{"rendered":"https:\/\/roveyayinevi.com.tr\/index.php\/urun\/cakabey\/"},"modified":"2026-04-16T02:43:49","modified_gmt":"2026-04-15T23:43:49","slug":"cakabey","status":"publish","type":"product","link":"https:\/\/roveyayinevi.com.tr\/index.php\/urun\/cakabey\/","title":{"rendered":"\u00c7akabey"},"content":{"rendered":"<p>Belki de \u015fimdiye kadar g\u00f6r\u00fclmemi\u015f bir ok ya\u011fmuru vard\u0131 \u0130zmir\u2019in kap\u0131s\u0131nda. \u00c7aka Bey en \u00e7ok ok\u00e7ulara \u00f6nem vermi\u015fti, onlar\u0131n savunma hatt\u0131n\u0131 zay\u0131flatmas\u0131, atl\u0131lara rahat\u00e7a sald\u0131r\u0131ya kalkacaklar\u0131 bir alan a\u00e7m\u0131\u015ft\u0131. D\u00fc\u015f\u00fcnd\u00fc\u011f\u00fc gibi de olmu\u015f, ok\u00e7ular i\u015flerini \u00e7ok iyi yapm\u0131\u015flar pe\u015finden de atl\u0131lar \u015faha kalkm\u0131\u015flard\u0131.G\u00fcne\u015f iyice y\u00fckselmi\u015f, \u00c7aka Bey ve yi\u011fitleri \u0130zmir\u2019in kap\u0131s\u0131ndan neredeyse girecek hale gelmi\u015fti, daha fazla kay\u0131p vermeden \u015fehri teslim etmeleri i\u00e7in yap\u0131lan \u00e7a\u011fr\u0131lar kar\u015f\u0131l\u0131ks\u0131z kalsa da d\u00fc\u015fmanda s\u00fcrekli bir geri \u00e7ekilme durumu vard\u0131. Bizans askerlerine komuta eden komutanlar\u0131n bir\u00e7o\u011fu ya \u00f6lm\u00fc\u015f ya da esir edilmi\u015fti.\u00c7aka Bey, teslim olup esir al\u0131nan askerlere iyi davran\u0131lmas\u0131n\u0131 s\u00fcrekli yineliyordu, esareti \u00e7ok yak\u0131ndan ya\u015fayan birisiydi ve kendi ya\u015fad\u0131klar\u0131n\u0131 d\u00fc\u015fman askeri bile olsa ya\u015fas\u0131n istemiyordu. Bu d\u00fc\u015f\u00fcncesi de ancak bir T\u00fcrk ak\u0131nc\u0131s\u0131na has bir durumdu.\u00d6\u011fleye do\u011fru ortal\u0131k bir nebze olsun durulmu\u015ftu, yaralanan ve \u015fehit olan ak\u0131nc\u0131lar sava\u015f alan\u0131n\u0131n gerisine ta\u015f\u0131n\u0131yordu. \u00c7aka Bey at\u0131n\u0131 h\u0131zla s\u00fcrd\u00fc \u0130zmir\u2019in giri\u015fine do\u011fru, her iki yan\u0131nda da y\u00fczlerce ak\u0131nc\u0131 ile h\u00fccuma kalkm\u0131\u015ft\u0131. K\u0131l\u0131\u00e7 sallaman\u0131n zaman\u0131 gelmi\u015fti art\u0131k. Kan d\u00f6kmeye, can vermeye ant i\u00e7mi\u015f olan ak\u0131nc\u0131lar \u00c7aka Bey\u2019e zarar gelmemesi i\u00e7in etraf\u0131nda adeta duvar \u00f6rm\u00fc\u015ft\u00fc.K\u0131l\u0131\u00e7 muharebesi beklenenden de k\u0131sa s\u00fcrd\u00fc ve sonunda \u0130zmir d\u00fc\u015ft\u00fc. \u00c7aka Bey hayaline kavu\u015fmu\u015ftu, at\u0131ndan atayarak indi, \u0130zmir\u2019in topra\u011f\u0131na bas\u0131yor olmas\u0131na inanamad\u0131 bir s\u00fcre. Her \u015fey sanki r\u00fcya gibiydi, nefesinin kesildi\u011fini hissediyor, s\u0131k s\u0131k ama g\u00fc\u00e7l\u00fckle nefes al\u0131yordu. K\u0131l\u0131c\u0131n\u0131n ucundan kan daml\u0131yor ve \u0130zmir senin diyordu sanki.<\/p>\n","protected":false},"excerpt":{"rendered":"<p>Belki de \u015fimdiye kadar g\u00f6r\u00fclmemi\u015f bir ok ya\u011fmuru vard\u0131 \u0130zmir\u2019in kap\u0131s\u0131nda. \u00c7aka Bey en \u00e7ok ok\u00e7ulara \u00f6nem vermi\u015fti, onlar\u0131n savunma hatt\u0131n\u0131 zay\u0131flatmas\u0131, atl\u0131lara rahat\u00e7a sald\u0131r\u0131ya kalkacaklar\u0131<span class=\"excerpt-hellip\"> [\u2026]<\/span><\/p>\n","protected":false},"featured_media":0,"template":"","meta":{"_monsterinsights_skip_tracking":false,"_monsterinsights_sitenote_active":false,"_monsterinsights_sitenote_note":"","_monsterinsights_sitenote_category":0},"product_brand":[],"product_cat":[13946,12304],"product_tag":[],"class_list":{"0":"post-735522","1":"product","2":"type-product","3":"status-publish","5":"product_cat-biyografi-otobiyografi","6":"product_cat-tarih","7":"pa_cilt-ciltsiz","8":"pa_tur-kitap","9":"pa_yayinevi-yediveren-yayinlari","10":"pa_yazar-gokhan-celik","12":"first","13":"instock","14":"sale","15":"shipping-taxable","16":"purchasable","17":"product-type-simple"},"_links":{"self":[{"href":"https:\/\/roveyayinevi.com.tr\/index.php\/wp-json\/wp\/v2\/product\/735522","targetHints":{"allow":["GET"]}}],"collection":[{"href":"https:\/\/roveyayinevi.com.tr\/index.php\/wp-json\/wp\/v2\/product"}],"about":[{"href":"https:\/\/roveyayinevi.com.tr\/index.php\/wp-json\/wp\/v2\/types\/product"}],"wp:attachment":[{"href":"https:\/\/roveyayinevi.com.tr\/index.php\/wp-json\/wp\/v2\/media?parent=735522"}],"wp:term":[{"taxonomy":"product_brand","embeddable":true,"href":"https:\/\/roveyayinevi.com.tr\/index.php\/wp-json\/wp\/v2\/product_brand?post=735522"},{"taxonomy":"product_cat","embeddable":true,"href":"https:\/\/roveyayinevi.com.tr\/index.php\/wp-json\/wp\/v2\/product_cat?post=735522"},{"taxonomy":"product_tag","embeddable":true,"href":"https:\/\/roveyayinevi.com.tr\/index.php\/wp-json\/wp\/v2\/product_tag?post=735522"}],"curies":[{"name":"wp","href":"https:\/\/api.w.org\/{rel}","templated":true}]}}