{"id":735520,"date":"2025-08-27T22:49:21","date_gmt":"2025-08-27T19:49:21","guid":{"rendered":"https:\/\/roveyayinevi.com.tr\/index.php\/urun\/haremde-iktidar-savaslari\/"},"modified":"2026-04-16T02:43:49","modified_gmt":"2026-04-15T23:43:49","slug":"haremde-iktidar-savaslari","status":"publish","type":"product","link":"https:\/\/roveyayinevi.com.tr\/index.php\/urun\/haremde-iktidar-savaslari\/","title":{"rendered":"Haremde \u0130ktidar Sava\u015flar\u0131"},"content":{"rendered":"<p>\u00dc\u00e7 k\u0131tada h\u00fck\u00fcm s\u00fcren Osmanl\u0131 \u0130mparatorlu\u011fu\u2019nun idari sistemi, Sokullu Mehmet Pa\u015fa\u2019n\u0131n vefat\u0131yla birlikte sars\u0131lm\u0131\u015f ve devlet bir duraklama d\u00f6nemine girmi\u015ftir. 17. Y\u00fczy\u0131l\u0131n ilk yar\u0131s\u0131nda \u00e7ocuk ya\u015fta d\u00f6rt padi\u015fah\u0131n tahta \u00e7\u0131kmas\u0131, di\u011fer padi\u015fahlar\u0131n da ehliyetsiz olmalar\u0131 haremin iktidar\u0131 etkilemesini kolayla\u015ft\u0131rm\u0131\u015ft\u0131r.Bu d\u00f6nemde padi\u015fahlar\u0131n saltanatlar\u0131n\u0131, sava\u015f meydanlar\u0131ndaki kahramanl\u0131klar\u0131 de\u011fil annelerinin haremden y\u00fcr\u00fctt\u00fc\u011f\u00fc siyasi entrikalar\u0131 belirlemektedir. Neredeyse y\u00fcz y\u0131la s\u00fcren haremdeki iktidar sava\u015flar\u0131, Osmanl\u0131\u2019n\u0131n \u00e7\u00f6k\u00fc\u015f d\u00f6neminin nas\u0131l ba\u015flad\u0131\u011f\u0131na dair \u00f6nemli bir bak\u0131\u015f a\u00e7\u0131s\u0131 sunmaktad\u0131r.<\/p>\n","protected":false},"excerpt":{"rendered":"<p>\u00dc\u00e7 k\u0131tada h\u00fck\u00fcm s\u00fcren Osmanl\u0131 \u0130mparatorlu\u011fu\u2019nun idari sistemi, Sokullu Mehmet Pa\u015fa\u2019n\u0131n vefat\u0131yla birlikte sars\u0131lm\u0131\u015f ve devlet bir duraklama d\u00f6nemine girmi\u015ftir. 17. Y\u00fczy\u0131l\u0131n ilk yar\u0131s\u0131nda \u00e7ocuk ya\u015fta<span class=\"excerpt-hellip\"> [\u2026]<\/span><\/p>\n","protected":false},"featured_media":0,"template":"","meta":{"_monsterinsights_skip_tracking":false,"_monsterinsights_sitenote_active":false,"_monsterinsights_sitenote_note":"","_monsterinsights_sitenote_category":0},"product_brand":[],"product_cat":[12370,12304],"product_tag":[],"class_list":{"0":"post-735520","1":"product","2":"type-product","3":"status-publish","5":"product_cat-arastirma-inceleme","6":"product_cat-tarih","7":"pa_cilt-ciltsiz","8":"pa_tur-kitap","9":"pa_yayinevi-yediveren-yayinlari","10":"pa_yazar-mehmet-isik","12":"first","13":"instock","14":"sale","15":"shipping-taxable","16":"purchasable","17":"product-type-simple"},"_links":{"self":[{"href":"https:\/\/roveyayinevi.com.tr\/index.php\/wp-json\/wp\/v2\/product\/735520","targetHints":{"allow":["GET"]}}],"collection":[{"href":"https:\/\/roveyayinevi.com.tr\/index.php\/wp-json\/wp\/v2\/product"}],"about":[{"href":"https:\/\/roveyayinevi.com.tr\/index.php\/wp-json\/wp\/v2\/types\/product"}],"wp:attachment":[{"href":"https:\/\/roveyayinevi.com.tr\/index.php\/wp-json\/wp\/v2\/media?parent=735520"}],"wp:term":[{"taxonomy":"product_brand","embeddable":true,"href":"https:\/\/roveyayinevi.com.tr\/index.php\/wp-json\/wp\/v2\/product_brand?post=735520"},{"taxonomy":"product_cat","embeddable":true,"href":"https:\/\/roveyayinevi.com.tr\/index.php\/wp-json\/wp\/v2\/product_cat?post=735520"},{"taxonomy":"product_tag","embeddable":true,"href":"https:\/\/roveyayinevi.com.tr\/index.php\/wp-json\/wp\/v2\/product_tag?post=735520"}],"curies":[{"name":"wp","href":"https:\/\/api.w.org\/{rel}","templated":true}]}}