{"id":735518,"date":"2025-08-27T22:49:20","date_gmt":"2025-08-27T19:49:20","guid":{"rendered":"https:\/\/roveyayinevi.com.tr\/index.php\/urun\/kuantum-sifa\/"},"modified":"2026-04-12T02:50:23","modified_gmt":"2026-04-11T23:50:23","slug":"kuantum-sifa","status":"publish","type":"product","link":"https:\/\/roveyayinevi.com.tr\/index.php\/urun\/kuantum-sifa\/","title":{"rendered":"Kuantum \u015eifa"},"content":{"rendered":"<p>Akl\u0131m\u0131zdan ge\u00e7en her \u015fey bizim olu\u015fturdu\u011fumuz eserlerdir, ne hissediyorsak, hissetti\u011fimiz \u015fey bizim iste\u011fimize ba\u011fl\u0131 olarak ger\u00e7ekle\u015fir. \u015eunu unutmayal\u0131m ki att\u0131\u011f\u0131m\u0131z her ad\u0131m\u0131n, s\u00f6yledi\u011fimiz her s\u00f6z\u00fcn, nas\u0131l ya\u015fad\u0131\u011f\u0131m\u0131z\u0131n, nas\u0131l davrand\u0131\u011f\u0131m\u0131z\u0131n senaryosunu yazan, y\u00f6neten ve ba\u015f rol\u00fcn\u00fc oynayan ki\u015fi bizleriz.Akl\u0131m\u0131za gelen \u015feyler nas\u0131l ba\u015f\u0131m\u0131za geliyor?Korktu\u011fumuz \u015feyler bizi nas\u0131l buluyor?Peki, biz bunlar\u0131 y\u00f6nlendirebilir miyiz?Biz istedi\u011fimiz bir \u015feyi kendimize \u00e7ekip istemedi\u011fimiz \u015feylerden uzak kalabilir miyiz?Bu sorular\u0131n cevab\u0131n\u0131 kuantum ile bulabiliriz.Kuantum; d\u00fc\u015f\u00fcnme, fizi\u011fin ki\u015fisel geli\u015fime katk\u0131 sundu\u011fu bir aland\u0131r.Albert Einstein \u201cEvrende her \u015fey enerjidir ve yaln\u0131zca bundan ibarettir. Sen sahip olmak istedi\u011fin ger\u00e7ekli\u011fin frekans\u0131na uyumland\u0131\u011f\u0131nda, o ger\u00e7eklik sana ait olur ve yapacak bir \u015fey yoktur.\u201d demi\u015ftir.<\/p>\n","protected":false},"excerpt":{"rendered":"<p>Akl\u0131m\u0131zdan ge\u00e7en her \u015fey bizim olu\u015fturdu\u011fumuz eserlerdir, ne hissediyorsak, hissetti\u011fimiz \u015fey bizim iste\u011fimize ba\u011fl\u0131 olarak ger\u00e7ekle\u015fir. \u015eunu unutmayal\u0131m ki att\u0131\u011f\u0131m\u0131z her ad\u0131m\u0131n, s\u00f6yledi\u011fimiz her s\u00f6z\u00fcn, nas\u0131l<span class=\"excerpt-hellip\"> [\u2026]<\/span><\/p>\n","protected":false},"featured_media":0,"template":"","meta":{"_monsterinsights_skip_tracking":false,"_monsterinsights_sitenote_active":false,"_monsterinsights_sitenote_note":"","_monsterinsights_sitenote_category":0},"product_brand":[],"product_cat":[12364,12376],"product_tag":[],"class_list":{"0":"post-735518","1":"product","2":"type-product","3":"status-publish","5":"product_cat-genel-konular","6":"product_cat-kisisel-gelisim","7":"pa_cilt-ciltsiz","8":"pa_tur-kitap","9":"pa_yayinevi-yediveren-yayinlari","10":"pa_yazar-recep-toy","12":"first","13":"instock","14":"sale","15":"shipping-taxable","16":"purchasable","17":"product-type-simple"},"_links":{"self":[{"href":"https:\/\/roveyayinevi.com.tr\/index.php\/wp-json\/wp\/v2\/product\/735518","targetHints":{"allow":["GET"]}}],"collection":[{"href":"https:\/\/roveyayinevi.com.tr\/index.php\/wp-json\/wp\/v2\/product"}],"about":[{"href":"https:\/\/roveyayinevi.com.tr\/index.php\/wp-json\/wp\/v2\/types\/product"}],"wp:attachment":[{"href":"https:\/\/roveyayinevi.com.tr\/index.php\/wp-json\/wp\/v2\/media?parent=735518"}],"wp:term":[{"taxonomy":"product_brand","embeddable":true,"href":"https:\/\/roveyayinevi.com.tr\/index.php\/wp-json\/wp\/v2\/product_brand?post=735518"},{"taxonomy":"product_cat","embeddable":true,"href":"https:\/\/roveyayinevi.com.tr\/index.php\/wp-json\/wp\/v2\/product_cat?post=735518"},{"taxonomy":"product_tag","embeddable":true,"href":"https:\/\/roveyayinevi.com.tr\/index.php\/wp-json\/wp\/v2\/product_tag?post=735518"}],"curies":[{"name":"wp","href":"https:\/\/api.w.org\/{rel}","templated":true}]}}