{"id":735517,"date":"2025-08-27T22:49:19","date_gmt":"2025-08-27T19:49:19","guid":{"rendered":"https:\/\/roveyayinevi.com.tr\/index.php\/urun\/bir-psikiyatristin-sinema-defteri\/"},"modified":"2026-04-16T02:43:49","modified_gmt":"2026-04-15T23:43:49","slug":"bir-psikiyatristin-sinema-defteri","status":"publish","type":"product","link":"https:\/\/roveyayinevi.com.tr\/index.php\/urun\/bir-psikiyatristin-sinema-defteri\/","title":{"rendered":"Bir Psikiyatristin Sinema Defteri"},"content":{"rendered":"<p>Filmlerin ba\u015flama an\u0131n\u0131n, uykuya ge\u00e7me an\u0131yla e\u015f oldu\u011fu s\u00f6ylenir. I\u015f\u0131klar kapand\u0131\u011f\u0131nda, karanl\u0131\u011f\u0131n i\u00e7inden bilmedi\u011fimiz bir d\u00fcnyaya ge\u00e7erek, kayboluruz. G\u00f6r\u00fcnmeyeni g\u00f6steren bu b\u00fcy\u00fcl\u00fc yolculu\u011fun ad\u0131 \u201cfilm seyretmektir.\u201dFilm boyunca ya\u015fanan s\u00fcre\u00e7 ayn\u0131 zamanda terap\u00f6tik bir s\u00fcre\u00e7tir. \u00c7\u00fcnk\u00fc filmler ruhsall\u0131\u011f\u0131m\u0131z\u0131n en derinine inerek, onu de\u011fi\u015ftirme g\u00fcc\u00fcne sahiptirler. \u0130nsan\u0131n i\u00e7inde duran ama fark etmedi\u011fi \u015feyleri ortaya \u00e7\u0131kartarak, \u201conunla y\u00fczle\u015ftirirler.\u201dBu y\u00fczden her film seyircisi, seyretti\u011fi her filmle sadece kendisine ait ve bir daha tekrarlanamaz, her seferinde yeniden tasarlanan \u00f6zel bir ili\u015fki kurar.  Asl\u0131 Akt\u00fcmen de iyi bir sinema izleyicisi. \u00dcstelik bir hekim ve psikiyatrist. Bu kez kendisi uzanm\u0131\u015f divana. Kapat\u0131p g\u00f6zlerini yava\u015f\u00e7a, ge\u00e7mi\u015fle gelecek aras\u0131nda, hayalle ger\u00e7ek aras\u0131nda ve  \u0131\u015f\u0131kla karanl\u0131k aras\u0131nda gidip geliyor. Bize seyretti\u011fi filmlerden s\u00f6z ediyor.Akt\u00fcmen\u2019in yaz\u0131lar\u0131 i\u00e7imizdeki sinema hevesini ate\u015flemek ve yeni ilham kap\u0131lar\u0131n\u0131 a\u00e7mak i\u00e7in birebir.Ercan KesalUzun y\u0131llar boyunca psikiyatri ve sanat alan\u0131nda yapm\u0131\u015f oldu\u011fu \u00e7al\u0131\u015fmalarla ad\u0131ndan s\u00f6z ettiren Uzm. Dr. Asl\u0131 Akt\u00fcmen\u2019in kaleminden, insan ruhsall\u0131\u011f\u0131nda farkl\u0131 izler b\u0131rakan on be\u015f film ve dizinin psikolojik \u00e7\u00f6z\u00fcmlenmesi bu kitapta. The Truman Show&#8217;dan Black Mirror\u2019a, Masumiyet\u2019ten Yozgat Blues\u2019a, Umut I\u015f\u0131\u011f\u0131m&#8217;dan Game of Thrones&#8217;a kadar bir\u00e7ok yap\u0131m\u0131n psikolojik analizlerini merak ve ilgiyle okuyacaks\u0131n\u0131z\u2026<\/p>\n","protected":false},"excerpt":{"rendered":"<p>Filmlerin ba\u015flama an\u0131n\u0131n, uykuya ge\u00e7me an\u0131yla e\u015f oldu\u011fu s\u00f6ylenir. I\u015f\u0131klar kapand\u0131\u011f\u0131nda, karanl\u0131\u011f\u0131n i\u00e7inden bilmedi\u011fimiz bir d\u00fcnyaya ge\u00e7erek, kayboluruz. G\u00f6r\u00fcnmeyeni g\u00f6steren bu b\u00fcy\u00fcl\u00fc yolculu\u011fun ad\u0131 \u201cfilm seyretmektir.\u201dFilm<span class=\"excerpt-hellip\"> [\u2026]<\/span><\/p>\n","protected":false},"featured_media":0,"template":"","meta":{"_monsterinsights_skip_tracking":false,"_monsterinsights_sitenote_active":false,"_monsterinsights_sitenote_note":"","_monsterinsights_sitenote_category":0},"product_brand":[],"product_cat":[12358,12357],"product_tag":[],"class_list":{"0":"post-735517","1":"product","2":"type-product","3":"status-publish","5":"product_cat-genel-psikoloji","6":"product_cat-psikoloji","7":"pa_cilt-ciltsiz","8":"pa_tur-kitap","9":"pa_yayinevi-yediveren-yayinlari","10":"pa_yazar-asli-aktumen","12":"first","13":"instock","14":"sale","15":"shipping-taxable","16":"purchasable","17":"product-type-simple"},"_links":{"self":[{"href":"https:\/\/roveyayinevi.com.tr\/index.php\/wp-json\/wp\/v2\/product\/735517","targetHints":{"allow":["GET"]}}],"collection":[{"href":"https:\/\/roveyayinevi.com.tr\/index.php\/wp-json\/wp\/v2\/product"}],"about":[{"href":"https:\/\/roveyayinevi.com.tr\/index.php\/wp-json\/wp\/v2\/types\/product"}],"wp:attachment":[{"href":"https:\/\/roveyayinevi.com.tr\/index.php\/wp-json\/wp\/v2\/media?parent=735517"}],"wp:term":[{"taxonomy":"product_brand","embeddable":true,"href":"https:\/\/roveyayinevi.com.tr\/index.php\/wp-json\/wp\/v2\/product_brand?post=735517"},{"taxonomy":"product_cat","embeddable":true,"href":"https:\/\/roveyayinevi.com.tr\/index.php\/wp-json\/wp\/v2\/product_cat?post=735517"},{"taxonomy":"product_tag","embeddable":true,"href":"https:\/\/roveyayinevi.com.tr\/index.php\/wp-json\/wp\/v2\/product_tag?post=735517"}],"curies":[{"name":"wp","href":"https:\/\/api.w.org\/{rel}","templated":true}]}}