{"id":735516,"date":"2025-08-27T22:49:18","date_gmt":"2025-08-27T19:49:18","guid":{"rendered":"https:\/\/roveyayinevi.com.tr\/index.php\/urun\/mutluluk-sizin-icinizde\/"},"modified":"2026-04-13T02:52:29","modified_gmt":"2026-04-12T23:52:29","slug":"mutluluk-sizin-icinizde","status":"publish","type":"product","link":"https:\/\/roveyayinevi.com.tr\/index.php\/urun\/mutluluk-sizin-icinizde\/","title":{"rendered":"Mutluluk Sizin \u0130\u00e7inizde"},"content":{"rendered":"<p>Baz\u0131 insanlar hakl\u0131 \u00e7\u0131kmay\u0131 mutlu olmaya tercih ederler. Hayat, her insana bir \u00f6m\u00fcr arma\u011fan eder. Bu arma\u011fan\u0131 nas\u0131l kullanaca\u011f\u0131n\u0131z tamamen size ba\u011fl\u0131.Biz do\u011fan\u0131n bir par\u00e7as\u0131y\u0131z. Moraliniz bozuldu\u011funda bir \u00e7am kozala\u011f\u0131n\u0131 elinize al\u0131n, g\u00f6zlerinizi kapat\u0131n ve size ne hissettirdi\u011fini d\u00fc\u015f\u00fcn\u00fcn. \u0130\u00e7inizdeki bilge size do\u011fruyu s\u00f6yleyecektir.Size dayat\u0131lan g\u00fczellik standartlar\u0131n\u0131, kabul g\u00f6ren ba\u015far\u0131 anlay\u0131\u015f\u0131n\u0131, \u00f6zendirilen hayat tarz\u0131n\u0131 y\u0131k\u0131n! Kendinize \u00f6zg\u00fcn tan\u0131mlar geli\u015ftirin. &#8220;Bana g\u00f6re.&#8221; diye ba\u015flay\u0131n ve kendi diledi\u011finiz gibi ya\u015fay\u0131n.Tek tip\u00e7i dayatmalar\u0131n hepsini reddedin ve kendinizle sava\u015f\u0131 b\u0131rak\u0131n \u00e7\u00fcnk\u00fc arad\u0131\u011f\u0131n\u0131z mutluluk zaten sizin i\u00e7inizde.<\/p>\n","protected":false},"excerpt":{"rendered":"<p>Baz\u0131 insanlar hakl\u0131 \u00e7\u0131kmay\u0131 mutlu olmaya tercih ederler. Hayat, her insana bir \u00f6m\u00fcr arma\u011fan eder. Bu arma\u011fan\u0131 nas\u0131l kullanaca\u011f\u0131n\u0131z tamamen size ba\u011fl\u0131.Biz do\u011fan\u0131n bir par\u00e7as\u0131y\u0131z. Moraliniz<span class=\"excerpt-hellip\"> [\u2026]<\/span><\/p>\n","protected":false},"featured_media":0,"template":"","meta":{"_monsterinsights_skip_tracking":false,"_monsterinsights_sitenote_active":false,"_monsterinsights_sitenote_note":"","_monsterinsights_sitenote_category":0},"product_brand":[],"product_cat":[12364,12376],"product_tag":[],"class_list":{"0":"post-735516","1":"product","2":"type-product","3":"status-publish","5":"product_cat-genel-konular","6":"product_cat-kisisel-gelisim","7":"pa_cilt-ciltsiz","8":"pa_tur-kitap","9":"pa_yayinevi-yediveren-yayinlari","10":"pa_yazar-yediveren-kolektif","12":"first","13":"instock","14":"sale","15":"shipping-taxable","16":"purchasable","17":"product-type-simple"},"_links":{"self":[{"href":"https:\/\/roveyayinevi.com.tr\/index.php\/wp-json\/wp\/v2\/product\/735516","targetHints":{"allow":["GET"]}}],"collection":[{"href":"https:\/\/roveyayinevi.com.tr\/index.php\/wp-json\/wp\/v2\/product"}],"about":[{"href":"https:\/\/roveyayinevi.com.tr\/index.php\/wp-json\/wp\/v2\/types\/product"}],"wp:attachment":[{"href":"https:\/\/roveyayinevi.com.tr\/index.php\/wp-json\/wp\/v2\/media?parent=735516"}],"wp:term":[{"taxonomy":"product_brand","embeddable":true,"href":"https:\/\/roveyayinevi.com.tr\/index.php\/wp-json\/wp\/v2\/product_brand?post=735516"},{"taxonomy":"product_cat","embeddable":true,"href":"https:\/\/roveyayinevi.com.tr\/index.php\/wp-json\/wp\/v2\/product_cat?post=735516"},{"taxonomy":"product_tag","embeddable":true,"href":"https:\/\/roveyayinevi.com.tr\/index.php\/wp-json\/wp\/v2\/product_tag?post=735516"}],"curies":[{"name":"wp","href":"https:\/\/api.w.org\/{rel}","templated":true}]}}