{"id":735514,"date":"2025-08-27T22:49:16","date_gmt":"2025-08-27T19:49:16","guid":{"rendered":"https:\/\/roveyayinevi.com.tr\/index.php\/urun\/cok-calismak-kotu-mu\/"},"modified":"2026-04-16T02:43:49","modified_gmt":"2026-04-15T23:43:49","slug":"cok-calismak-kotu-mu","status":"publish","type":"product","link":"https:\/\/roveyayinevi.com.tr\/index.php\/urun\/cok-calismak-kotu-mu\/","title":{"rendered":"\u00c7ok \u00c7al\u0131\u015fmak K\u00f6t\u00fc M\u00fc?"},"content":{"rendered":"<p>1.      B\u0130R\u0130NC\u0130 B\u00d6L\u00dcM G\u0130R\u0130\u015e 1.1.   PROBLEM\u0130N TANIMLANMASI VE ARA\u015eTIRMA SORULARI 1.2.   ARA\u015eTIRMANIN AMACI VE HEDEF\u0130 1.3.   KAVRAMSAL MODEL 1.4.   ARA\u015eTIRMA H\u0130POTEZLER\u0130 1.5.   ARA\u015eTIRMANIN \u00d6NEM\u0130 1.6.   ARA\u015eTIRMA PLANI 2.      \u0130K\u0130NC\u0130 B\u00d6L\u00dcM KAVRAMSAL \u00c7ER\u00c7EVE 2.1.   ET\u0130K DE\u011eERLER 2.2.   . \u0130\u015eKOL\u0130KL\u0130K 2.3.   PS\u0130KOLOJ\u0130K S\u00d6ZLE\u015eME \u0130HLAL\u0130 3.      \u00dc\u00c7\u00dcNC\u00dc B\u00d6L\u00dcM ARA\u015eTIRMA 3.1.   ARA\u015eTIRMA Y\u00d6NTEM\u0130 3.2.   VER\u0130 TOPLAMA Y\u00d6NTEM\u0130 3.3.   VER\u0130 TOPLAMA ARACI 3.4.   ARA\u015eTIRMANIN UYGULANMASI 3.5.   ANA K\u00dcTLE VE \u00d6RNEKLEM 3.6.   TEST \u0130STAT\u0130ST\u0130KLER\u0130N\u0130N BEL\u0130RLENMES\u0130 3.7.   VER\u0130LER\u0130N DA\u011eILIMI VE NORMALL\u0130K TEST\u0130 4.      D\u00d6RD\u00dcNC\u00dc B\u00d6L\u00dcM ANAL\u0130Z VE BULGULAR 4.1.   KATILIMCILARIN DEMOGRAF\u0130K \u00d6ZELL\u0130KLER\u0130NE \u0130L\u0130\u015eK\u0130N \u0130STAT\u0130ST\u0130K\u0130 BULGULAR 4.2.   AKADEM\u0130K ET\u0130K DE\u011eERLER \u00d6L\u00c7E\u011e\u0130NE \u0130L\u0130\u015eK\u0130N BULGULAR 4.3.   \u0130\u015eKOL\u0130KL\u0130K \u00d6L\u00c7E\u011e\u0130NE \u0130L\u0130\u015eK\u0130N BULGULAR 4.4.   PS\u0130KOLOJ\u0130K S\u00d6ZLE\u015eME \u0130HLAL\u0130 \u00d6L\u00c7E\u011e\u0130NE \u0130L\u0130\u015eK\u0130N BULGULAR 4.5.   DE\u011e\u0130\u015eKENLER ARASI \u0130L\u0130\u015eK\u0130LERE \u0130L\u0130\u015eK\u0130N BULGULAR 4.6.   YAPISAL E\u015e\u0130TL\u0130K MODEL\u0130NE \u0130L\u0130\u015eK\u0130N BULGULAR 5.      BE\u015e\u0130NC\u0130 B\u00d6L\u00dcM SONU\u00c7, DE\u011eERLEND\u0130RME VE \u00d6NER\u0130LER 5.1.   SONU\u00c7 5.2.   BULGULARIN DE\u011eERLEND\u0130R\u0130LMES\u0130 5.3.   ARA\u015eTIRMANIN SINIRLILIKLARI 5.4.   \u00d6NER\u0130LER <\/p>\n","protected":false},"excerpt":{"rendered":"<p>1. B\u0130R\u0130NC\u0130 B\u00d6L\u00dcM G\u0130R\u0130\u015e 1.1. PROBLEM\u0130N TANIMLANMASI VE ARA\u015eTIRMA SORULARI 1.2. ARA\u015eTIRMANIN AMACI VE HEDEF\u0130 1.3. KAVRAMSAL MODEL 1.4. ARA\u015eTIRMA H\u0130POTEZLER\u0130 1.5. ARA\u015eTIRMANIN \u00d6NEM\u0130 1.6. ARA\u015eTIRMA<span class=\"excerpt-hellip\"> [\u2026]<\/span><\/p>\n","protected":false},"featured_media":0,"template":"","meta":{"_monsterinsights_skip_tracking":false,"_monsterinsights_sitenote_active":false,"_monsterinsights_sitenote_note":"","_monsterinsights_sitenote_category":0},"product_brand":[],"product_cat":[12573,12566],"product_tag":[],"class_list":{"0":"post-735514","1":"product","2":"type-product","3":"status-publish","5":"product_cat-akademik-kitaplar","6":"product_cat-egitim","7":"pa_cilt-ciltsiz","8":"pa_tur-kitap","9":"pa_yayinevi-gazi-kitabevi","10":"pa_yazar-edib-ali-pehlivanli","12":"first","13":"instock","14":"sale","15":"shipping-taxable","16":"purchasable","17":"product-type-simple"},"_links":{"self":[{"href":"https:\/\/roveyayinevi.com.tr\/index.php\/wp-json\/wp\/v2\/product\/735514","targetHints":{"allow":["GET"]}}],"collection":[{"href":"https:\/\/roveyayinevi.com.tr\/index.php\/wp-json\/wp\/v2\/product"}],"about":[{"href":"https:\/\/roveyayinevi.com.tr\/index.php\/wp-json\/wp\/v2\/types\/product"}],"wp:attachment":[{"href":"https:\/\/roveyayinevi.com.tr\/index.php\/wp-json\/wp\/v2\/media?parent=735514"}],"wp:term":[{"taxonomy":"product_brand","embeddable":true,"href":"https:\/\/roveyayinevi.com.tr\/index.php\/wp-json\/wp\/v2\/product_brand?post=735514"},{"taxonomy":"product_cat","embeddable":true,"href":"https:\/\/roveyayinevi.com.tr\/index.php\/wp-json\/wp\/v2\/product_cat?post=735514"},{"taxonomy":"product_tag","embeddable":true,"href":"https:\/\/roveyayinevi.com.tr\/index.php\/wp-json\/wp\/v2\/product_tag?post=735514"}],"curies":[{"name":"wp","href":"https:\/\/api.w.org\/{rel}","templated":true}]}}