{"id":735513,"date":"2025-08-27T22:49:16","date_gmt":"2025-08-27T19:49:16","guid":{"rendered":"https:\/\/roveyayinevi.com.tr\/index.php\/urun\/afetlerde-risk-yonetim-calismalari\/"},"modified":"2026-04-16T02:43:49","modified_gmt":"2026-04-15T23:43:49","slug":"afetlerde-risk-yonetim-calismalari","status":"publish","type":"product","link":"https:\/\/roveyayinevi.com.tr\/index.php\/urun\/afetlerde-risk-yonetim-calismalari\/","title":{"rendered":"Afetlerde Risk Y\u00f6netim \u00c7al\u0131\u015fmalar\u0131"},"content":{"rendered":"<p>1.      Afet Risk Y\u00f6netimi: Kurakl\u0131k Tehlikesi 2.      Afetlerde Risk De\u011ferlendirilmesi ve Analizi 3.      Afet Risk Y\u00f6netimi A\u00e7\u0131s\u0131ndan Afet Alt K\u00fclt\u00fcr\u00fc Kavram\u0131n\u0131n \u0130ncelenmesi 4.      Afetler ve Liderlik 5.      Afet Kurulu\u0122lar\u0131n\u0131n Sosyal Medya Kullan\u0131m\u0131n\u0131n Afet Fark\u0131ndal\u0131\u011f\u0131 \u00dczerindeki Etkisine Y\u00f6nelik Uygulama 6.      Afet Diren\u00e7lili\u011fi Kapsam\u0131nda \u00dcniversiteler 7.      Afet Risk Y\u00f6netimi \u00c7er\u00e7evesinde Hastane Afet Planlar\u0131 8.      Hastanelerin Afete Haz\u0131rl\u0131k A\u00e7\u0131s\u0131ndan De\u011ferlendirilmesi (G\u00fcm\u00fc\u0122hane Devlet Hastanesi \u00d6rne\u011fi) 9.      Afet ve Acil Durumlarda Hem\u0122irelerin \u0120lk Yard\u0131m Bilgi D\u00fczeyleri <\/p>\n","protected":false},"excerpt":{"rendered":"<p>1. Afet Risk Y\u00f6netimi: Kurakl\u0131k Tehlikesi 2. Afetlerde Risk De\u011ferlendirilmesi ve Analizi 3. Afet Risk Y\u00f6netimi A\u00e7\u0131s\u0131ndan Afet Alt K\u00fclt\u00fcr\u00fc Kavram\u0131n\u0131n \u0130ncelenmesi 4. Afetler ve Liderlik<span class=\"excerpt-hellip\"> [\u2026]<\/span><\/p>\n","protected":false},"featured_media":0,"template":"","meta":{"_monsterinsights_skip_tracking":false,"_monsterinsights_sitenote_active":false,"_monsterinsights_sitenote_note":"","_monsterinsights_sitenote_category":0},"product_brand":[],"product_cat":[13005,40995],"product_tag":[],"class_list":{"0":"post-735513","1":"product","2":"type-product","3":"status-publish","5":"product_cat-bilim-muhendislik","6":"product_cat-sosyal-bilimler","7":"pa_cilt-ciltsiz","8":"pa_tur-kitap","9":"pa_yayinevi-gazi-kitabevi","10":"pa_yazar-vildan-oral","12":"first","13":"instock","14":"sale","15":"shipping-taxable","16":"purchasable","17":"product-type-simple"},"_links":{"self":[{"href":"https:\/\/roveyayinevi.com.tr\/index.php\/wp-json\/wp\/v2\/product\/735513","targetHints":{"allow":["GET"]}}],"collection":[{"href":"https:\/\/roveyayinevi.com.tr\/index.php\/wp-json\/wp\/v2\/product"}],"about":[{"href":"https:\/\/roveyayinevi.com.tr\/index.php\/wp-json\/wp\/v2\/types\/product"}],"wp:attachment":[{"href":"https:\/\/roveyayinevi.com.tr\/index.php\/wp-json\/wp\/v2\/media?parent=735513"}],"wp:term":[{"taxonomy":"product_brand","embeddable":true,"href":"https:\/\/roveyayinevi.com.tr\/index.php\/wp-json\/wp\/v2\/product_brand?post=735513"},{"taxonomy":"product_cat","embeddable":true,"href":"https:\/\/roveyayinevi.com.tr\/index.php\/wp-json\/wp\/v2\/product_cat?post=735513"},{"taxonomy":"product_tag","embeddable":true,"href":"https:\/\/roveyayinevi.com.tr\/index.php\/wp-json\/wp\/v2\/product_tag?post=735513"}],"curies":[{"name":"wp","href":"https:\/\/api.w.org\/{rel}","templated":true}]}}