{"id":735510,"date":"2025-08-27T22:49:12","date_gmt":"2025-08-27T19:49:12","guid":{"rendered":"https:\/\/roveyayinevi.com.tr\/index.php\/urun\/fantoine-ile-agapa-arasinda\/"},"modified":"2026-04-16T02:43:49","modified_gmt":"2026-04-15T23:43:49","slug":"fantoine-ile-agapa-arasinda","status":"publish","type":"product","link":"https:\/\/roveyayinevi.com.tr\/index.php\/urun\/fantoine-ile-agapa-arasinda\/","title":{"rendered":"Fantoine ile Agapa Aras\u0131nda"},"content":{"rendered":"<p>Bu kitab\u0131n sayfalar\u0131 aras\u0131nda Kmer tanr\u0131lar\u0131 da \u00e7\u0131kabilir kar\u015f\u0131n\u0131za, b\u00fct\u00fcn bir kenti istila eden h\u0131yarlar da; Krallar Kral\u0131 Artaserhas\u2019\u0131n vasiyetnamesini okuyabilirsiniz ya da Laurent de Medicis\u2019nin yeni Floransa sevdas\u0131n\u0131; Mathusalem adl\u0131 bir papa\u011fan\u0131n ak\u0131l almaz hik\u00e2yesini, \u201cKellik ehliyeti alma yasa\u011f\u0131\u201d pankart\u0131n\u0131n ne anlama geldi\u011fini! Fantoine ile Agapa Aras\u0131nda Robert Pinget\u2019nin k\u0131sa \u00f6yk\u00fclerinden olu\u015fuyor. Robert Pinget, kimselere benzemez, avangard bir yazar. Okuru \u015fa\u015f\u0131rtan, rahats\u0131z eden, g\u00fcld\u00fcren, realizmle dalga ge\u00e7en \u00f6yk\u00fcler, tuhaf ki\u015filikler ve kelimelerin g\u00fcc\u00fc\u2026   \u201cZorlu \u015feylere tanjanttan yakla\u015fmak gerekir. O bunu bilmiyordu. Erdemin kar\u015f\u0131 koymak oldu\u011fu karar\u0131na \u00e7ok \u00e7abuk vard\u0131. Y\u0131llar ge\u00e7imsizli\u011fin, hi\u00e7e say\u0131lan tutkunun, baya\u011f\u0131l\u0131\u011f\u0131n deh\u015feti i\u00e7inde ge\u00e7ip gitti.\u201d <\/p>\n","protected":false},"excerpt":{"rendered":"<p>Bu kitab\u0131n sayfalar\u0131 aras\u0131nda Kmer tanr\u0131lar\u0131 da \u00e7\u0131kabilir kar\u015f\u0131n\u0131za, b\u00fct\u00fcn bir kenti istila eden h\u0131yarlar da; Krallar Kral\u0131 Artaserhas\u2019\u0131n vasiyetnamesini okuyabilirsiniz ya da Laurent de Medicis\u2019nin<span class=\"excerpt-hellip\"> [\u2026]<\/span><\/p>\n","protected":false},"featured_media":0,"template":"","meta":{"_monsterinsights_skip_tracking":false,"_monsterinsights_sitenote_active":false,"_monsterinsights_sitenote_note":"","_monsterinsights_sitenote_category":0},"product_brand":[],"product_cat":[12291,12711],"product_tag":[],"class_list":{"0":"post-735510","1":"product","2":"type-product","3":"status-publish","5":"product_cat-edebiyat","6":"product_cat-roman-oyku","7":"pa_cilt-ciltsiz","8":"pa_tur-kitap","9":"pa_yayinevi-kirmizi-kedi-yayinevi","10":"pa_yazar-robert-pinget","12":"first","13":"instock","14":"sale","15":"shipping-taxable","16":"purchasable","17":"product-type-simple"},"_links":{"self":[{"href":"https:\/\/roveyayinevi.com.tr\/index.php\/wp-json\/wp\/v2\/product\/735510","targetHints":{"allow":["GET"]}}],"collection":[{"href":"https:\/\/roveyayinevi.com.tr\/index.php\/wp-json\/wp\/v2\/product"}],"about":[{"href":"https:\/\/roveyayinevi.com.tr\/index.php\/wp-json\/wp\/v2\/types\/product"}],"wp:attachment":[{"href":"https:\/\/roveyayinevi.com.tr\/index.php\/wp-json\/wp\/v2\/media?parent=735510"}],"wp:term":[{"taxonomy":"product_brand","embeddable":true,"href":"https:\/\/roveyayinevi.com.tr\/index.php\/wp-json\/wp\/v2\/product_brand?post=735510"},{"taxonomy":"product_cat","embeddable":true,"href":"https:\/\/roveyayinevi.com.tr\/index.php\/wp-json\/wp\/v2\/product_cat?post=735510"},{"taxonomy":"product_tag","embeddable":true,"href":"https:\/\/roveyayinevi.com.tr\/index.php\/wp-json\/wp\/v2\/product_tag?post=735510"}],"curies":[{"name":"wp","href":"https:\/\/api.w.org\/{rel}","templated":true}]}}