{"id":735509,"date":"2025-08-27T22:49:11","date_gmt":"2025-08-27T19:49:11","guid":{"rendered":"https:\/\/roveyayinevi.com.tr\/index.php\/urun\/gelmek-ve-gitmek\/"},"modified":"2026-04-16T02:43:49","modified_gmt":"2026-04-15T23:43:49","slug":"gelmek-ve-gitmek","status":"publish","type":"product","link":"https:\/\/roveyayinevi.com.tr\/index.php\/urun\/gelmek-ve-gitmek\/","title":{"rendered":"Gelmek ve Gitmek"},"content":{"rendered":"<p>G\u00f6r\u00fcn\u00fc\u015fe Bak\u0131l\u0131rsa &#8221;gelmek ve gitmek&#8221; \u00e7ok kolay.Biz insanlar i\u00e7in kilometrelerce (uzak yada yak\u0131n)yolculuk yapmak \u00e7ok daha kolay.Bacaklar\u0131m\u0131z ve ayaklar\u0131m\u0131z var amabiz bundan daha fazlas\u0131na sahibiz: arabalar, gemiler, u\u00e7aklar, bisikletler, motorsikletler, ve kamyonlar.Hepsi gelir  ve gider, var\u0131r ve ayr\u0131l\u0131r.Fakat, kendimizi ve d\u00fcnyadaki \u015feyleri biryerdenbir yere g\u00f6t\u00fcrmenin baz\u0131 sonu\u00e7lar\u0131 da var.Bu gezegende hareket eden Kutup sumrular\u0131n\u0131n, Afrikaantiloplar\u0131n\u0131n ve kelebeklerin nu durumdan pek memnun olduklar\u0131n\u0131 d\u00fc\u015f\u00fcnm\u00fcyoruz.<\/p>\n","protected":false},"excerpt":{"rendered":"<p>G\u00f6r\u00fcn\u00fc\u015fe Bak\u0131l\u0131rsa &#8221;gelmek ve gitmek&#8221; \u00e7ok kolay.Biz insanlar i\u00e7in kilometrelerce (uzak yada yak\u0131n)yolculuk yapmak \u00e7ok daha kolay.Bacaklar\u0131m\u0131z ve ayaklar\u0131m\u0131z var amabiz bundan daha fazlas\u0131na sahibiz: arabalar,<span class=\"excerpt-hellip\"> [\u2026]<\/span><\/p>\n","protected":false},"featured_media":0,"template":"","meta":{"_monsterinsights_skip_tracking":false,"_monsterinsights_sitenote_active":false,"_monsterinsights_sitenote_note":"","_monsterinsights_sitenote_category":0},"product_brand":[],"product_cat":[12274,12284],"product_tag":[],"class_list":{"0":"post-735509","1":"product","2":"type-product","3":"status-publish","5":"product_cat-cocuk-ve-genclik-kitaplari","6":"product_cat-hikayeler","7":"pa_cilt-ciltsiz","8":"pa_tur-kitap","9":"pa_yayinevi-koc-universitesi-yayinlari","10":"pa_yazar-isabel-minhos-martins","12":"first","13":"instock","14":"sale","15":"shipping-taxable","16":"purchasable","17":"product-type-simple"},"_links":{"self":[{"href":"https:\/\/roveyayinevi.com.tr\/index.php\/wp-json\/wp\/v2\/product\/735509","targetHints":{"allow":["GET"]}}],"collection":[{"href":"https:\/\/roveyayinevi.com.tr\/index.php\/wp-json\/wp\/v2\/product"}],"about":[{"href":"https:\/\/roveyayinevi.com.tr\/index.php\/wp-json\/wp\/v2\/types\/product"}],"wp:attachment":[{"href":"https:\/\/roveyayinevi.com.tr\/index.php\/wp-json\/wp\/v2\/media?parent=735509"}],"wp:term":[{"taxonomy":"product_brand","embeddable":true,"href":"https:\/\/roveyayinevi.com.tr\/index.php\/wp-json\/wp\/v2\/product_brand?post=735509"},{"taxonomy":"product_cat","embeddable":true,"href":"https:\/\/roveyayinevi.com.tr\/index.php\/wp-json\/wp\/v2\/product_cat?post=735509"},{"taxonomy":"product_tag","embeddable":true,"href":"https:\/\/roveyayinevi.com.tr\/index.php\/wp-json\/wp\/v2\/product_tag?post=735509"}],"curies":[{"name":"wp","href":"https:\/\/api.w.org\/{rel}","templated":true}]}}