{"id":735508,"date":"2025-08-27T22:49:10","date_gmt":"2025-08-27T19:49:10","guid":{"rendered":"https:\/\/roveyayinevi.com.tr\/index.php\/urun\/bizansin-entelektuel-tarihi-secme-makaleler\/"},"modified":"2026-04-16T02:43:49","modified_gmt":"2026-04-15T23:43:49","slug":"bizansin-entelektuel-tarihi-secme-makaleler","status":"publish","type":"product","link":"https:\/\/roveyayinevi.com.tr\/index.php\/urun\/bizansin-entelektuel-tarihi-secme-makaleler\/","title":{"rendered":"Bizans\u2019\u0131n Entelekt\u00fcel Tarihi &#8211; Se\u00e7me Makaleler"},"content":{"rendered":"<p>Bizans\u2019\u0131n Entelekt\u00fcel Tarihi, Ge\u00e7 Antik\u00e7a\u011f\u2019dan 15. y\u00fczy\u0131la uzanan d\u00f6nemde, Bizans\u2019ta d\u00fc\u015f\u00fcnce d\u00fcnyas\u0131na odaklanarak entelekt\u00fcel u\u011fra\u015f\u0131n g\u00fcvenilir bir tarihini ortaya koymaktad\u0131r. \u00c7al\u0131\u015fman\u0131n \u00f6z\u00fcn\u00fc Yunan, H\u0131ristiyan ve Bizans d\u00fc\u015f\u00fcncesi ile kavramlar\u0131n\u0131n aktar\u0131m\u0131, d\u00f6n\u00fc\u015f\u00fcm\u00fc ve de\u011fi\u015fimi olu\u015fturmaktad\u0131r.Bizans, Yunan klasikleri kanonunu muhafaza ederek bir se\u00e7ki haline getirmi\u015f ve bi\u00e7imlendirmi\u015f, bir yandan Antik Yunan d\u00fc\u015f\u00fcnce d\u00fcnyas\u0131yla ilk temas noktas\u0131n\u0131 olu\u015ftururken, bir yandan Ortodoks gelene\u011fi yaratm\u0131\u015ft\u0131r.Se\u00e7me makalelerden olu\u015fan bu kitap, Bizans\u2019ta bilginin yay\u0131lmas\u0131ndan ba\u015flayarak retorik, edebiyat, sanat ve hukuk gibi s\u00f6zc\u00fck bilimlerine; astronomi ve t\u0131p gibi d\u00fcnya bilimlerine; Erken, Orta ve Ge\u00e7 Bizans\u2019ta felsefe ve teoloji ile politika ve tarih alanlar\u0131na dair geni\u015f bir perspektif sunmaktad\u0131r.Bizans, kendi d\u00f6neminin \u00f6nemli akt\u00f6rlerinden biri ve entelekt\u00fcel geleneklerin b\u00fcy\u00fcleyici ve e\u015fsiz bir bile\u015fimidir.<\/p>\n","protected":false},"excerpt":{"rendered":"<p>Bizans\u2019\u0131n Entelekt\u00fcel Tarihi, Ge\u00e7 Antik\u00e7a\u011f\u2019dan 15. y\u00fczy\u0131la uzanan d\u00f6nemde, Bizans\u2019ta d\u00fc\u015f\u00fcnce d\u00fcnyas\u0131na odaklanarak entelekt\u00fcel u\u011fra\u015f\u0131n g\u00fcvenilir bir tarihini ortaya koymaktad\u0131r. \u00c7al\u0131\u015fman\u0131n \u00f6z\u00fcn\u00fc Yunan, H\u0131ristiyan ve Bizans<span class=\"excerpt-hellip\"> [\u2026]<\/span><\/p>\n","protected":false},"featured_media":0,"template":"","meta":{"_monsterinsights_skip_tracking":false,"_monsterinsights_sitenote_active":false,"_monsterinsights_sitenote_note":"","_monsterinsights_sitenote_category":0},"product_brand":[],"product_cat":[12305,12304],"product_tag":[],"class_list":{"0":"post-735508","1":"product","2":"type-product","3":"status-publish","5":"product_cat-dunya-tarihi","6":"product_cat-tarih","7":"pa_cilt-ciltsiz","8":"pa_tur-kitap","9":"pa_yayinevi-yapi-kredi-yayinlari","10":"pa_yazar-anthony-kaldellis-niketas-siniossoglou","12":"first","13":"instock","14":"sale","15":"shipping-taxable","16":"purchasable","17":"product-type-simple"},"_links":{"self":[{"href":"https:\/\/roveyayinevi.com.tr\/index.php\/wp-json\/wp\/v2\/product\/735508","targetHints":{"allow":["GET"]}}],"collection":[{"href":"https:\/\/roveyayinevi.com.tr\/index.php\/wp-json\/wp\/v2\/product"}],"about":[{"href":"https:\/\/roveyayinevi.com.tr\/index.php\/wp-json\/wp\/v2\/types\/product"}],"wp:attachment":[{"href":"https:\/\/roveyayinevi.com.tr\/index.php\/wp-json\/wp\/v2\/media?parent=735508"}],"wp:term":[{"taxonomy":"product_brand","embeddable":true,"href":"https:\/\/roveyayinevi.com.tr\/index.php\/wp-json\/wp\/v2\/product_brand?post=735508"},{"taxonomy":"product_cat","embeddable":true,"href":"https:\/\/roveyayinevi.com.tr\/index.php\/wp-json\/wp\/v2\/product_cat?post=735508"},{"taxonomy":"product_tag","embeddable":true,"href":"https:\/\/roveyayinevi.com.tr\/index.php\/wp-json\/wp\/v2\/product_tag?post=735508"}],"curies":[{"name":"wp","href":"https:\/\/api.w.org\/{rel}","templated":true}]}}