{"id":735507,"date":"2025-08-27T22:49:09","date_gmt":"2025-08-27T19:49:09","guid":{"rendered":"https:\/\/roveyayinevi.com.tr\/index.php\/urun\/kiskanclik-ve-haset\/"},"modified":"2026-04-12T02:50:23","modified_gmt":"2026-04-11T23:50:23","slug":"kiskanclik-ve-haset","status":"publish","type":"product","link":"https:\/\/roveyayinevi.com.tr\/index.php\/urun\/kiskanclik-ve-haset\/","title":{"rendered":"K\u0131skan\u00e7l\u0131k ve Haset"},"content":{"rendered":"<p>Talat Parman\u2019\u0131n y\u00f6netiminde haz\u0131rlanan bu say\u0131 k\u0131skan\u00e7l\u0131k ve haset konusunu ele al\u0131yor. Birbiriyle ili\u015fkili olan ve kar\u0131\u015ft\u0131r\u0131lan bu iki kavram psikanalizin kurulu\u015fundan beri ilgi g\u00f6sterdi\u011fi ba\u015fl\u0131ca kavramlardan. Yazarlar konuyu karde\u015f k\u0131skan\u00e7l\u0131\u011f\u0131, baban\u0131n o\u011fluna olan hasedi, arkada\u015fl\u0131k ili\u015fkilerindeki k\u0131skan\u00e7l\u0131k gibi \u00e7ok \u00e7e\u015fitli ve\u00e7heleriyle ele al\u0131yor. Bu say\u0131da psikanalitik roman analizleri de her zamankinden \u00e7ok yer kapl\u0131yor. S\u00f6z gelimi Yavuz Erten\u2019in yaz\u0131s\u0131 tamamen Nahit S\u0131rr\u0131 \u00d6rik\u2019in K\u0131skanmak roman\u0131na ayr\u0131lm\u0131\u015f. Kerime Camadan\u2019\u0131n yaz\u0131s\u0131nda Musil\u2019in ilk roman\u0131 Gen\u00e7 T\u00f6rless inceleniyor. Bernateau ise Proust romanlar\u0131n\u0131 a\u015fk ve k\u0131skan\u00e7l\u0131k nesnesi ba\u011flam\u0131nda irdeliyor.Haset konusunu ilk kez kendi kavramla\u015ft\u0131rd\u0131\u011f\u0131 ve b\u00fcy\u00fck tart\u0131\u015fma yaratan \u201cpenis hasedi\u201d \u00e7er\u00e7evesinde ele alan Sigmund Freud\u2019un da bir yaz\u0131s\u0131 var.Sigmund FreudK\u0131skan\u00e7l\u0131k, Paranoya ve E\u015fcinsellikte Baz\u0131 Nevrotik D\u00fczeneklerTalat ParmanFreud ve Lacan\u2019da K\u0131skan\u00e7l\u0131k ve HasetDaniel Marcelli\u00c7ocuklarda K\u0131skan\u00e7l\u0131k ve Haset: S\u00f6ylence mi, Ger\u00e7ek mi?Bianca Lechevalier\u00c7ocuk ve Annebaban\u0131n Psikanalitik Tedavi S\u00fcrecinde K\u0131skan\u00e7l\u0131k veya HasetAlper \u015eahinBaba\u2019n\u0131n HasediBernard PenotEvlat Edinme K\u00f6kene Tuzak Kurdu\u011fundaP\u0131nar Kanl\u0131k\u0131l\u0131\u00e7erYakan, Yok Eden, Par\u00e7alayan DuygularYasemin CengizHaset Kavram\u0131 ve Yorumlanma Farkl\u0131l\u0131klar\u0131Ayla Yaz\u0131c\u0131K\u0131skan\u00e7l\u0131k ve Hasedin S\u0131nad\u0131\u011f\u0131 Arkada\u015fl\u0131kMeltem NarterAyna Ayna Sen de Kimsin? Sosyal Psikoloji A\u00e7\u0131s\u0131ndan Ergenlik Krizi, K\u0131skan\u00e7l\u0131k ve HasetKerime CamadanBahar\u0131n Buhranl\u0131 Uyan\u0131\u015f\u0131Yavuz ErtenNahid S\u0131rr\u0131 \u00d6rik\u2019in K\u0131skanmak Roman\u0131 \u00dczerineIs\u00e9e BernateauProust\u00e7u K\u0131skan\u00e7l\u0131k ya da A\u015fk Nesnesini B\u00fct\u00fcn\u00fcyle Ele Ge\u00e7irme D\u00fc\u015flemi<\/p>\n","protected":false},"excerpt":{"rendered":"<p>Talat Parman\u2019\u0131n y\u00f6netiminde haz\u0131rlanan bu say\u0131 k\u0131skan\u00e7l\u0131k ve haset konusunu ele al\u0131yor. Birbiriyle ili\u015fkili olan ve kar\u0131\u015ft\u0131r\u0131lan bu iki kavram psikanalizin kurulu\u015fundan beri ilgi g\u00f6sterdi\u011fi ba\u015fl\u0131ca<span class=\"excerpt-hellip\"> [\u2026]<\/span><\/p>\n","protected":false},"featured_media":0,"template":"","meta":{"_monsterinsights_skip_tracking":false,"_monsterinsights_sitenote_active":false,"_monsterinsights_sitenote_note":"","_monsterinsights_sitenote_category":0},"product_brand":[],"product_cat":[12364,12376],"product_tag":[],"class_list":{"0":"post-735507","1":"product","2":"type-product","3":"status-publish","5":"product_cat-genel-konular","6":"product_cat-kisisel-gelisim","7":"pa_cilt-ciltsiz","8":"pa_tur-kitap","9":"pa_yayinevi-yapi-kredi-yayinlari","10":"pa_yazar-talat-parman","12":"first","13":"instock","14":"sale","15":"shipping-taxable","16":"purchasable","17":"product-type-simple"},"_links":{"self":[{"href":"https:\/\/roveyayinevi.com.tr\/index.php\/wp-json\/wp\/v2\/product\/735507","targetHints":{"allow":["GET"]}}],"collection":[{"href":"https:\/\/roveyayinevi.com.tr\/index.php\/wp-json\/wp\/v2\/product"}],"about":[{"href":"https:\/\/roveyayinevi.com.tr\/index.php\/wp-json\/wp\/v2\/types\/product"}],"wp:attachment":[{"href":"https:\/\/roveyayinevi.com.tr\/index.php\/wp-json\/wp\/v2\/media?parent=735507"}],"wp:term":[{"taxonomy":"product_brand","embeddable":true,"href":"https:\/\/roveyayinevi.com.tr\/index.php\/wp-json\/wp\/v2\/product_brand?post=735507"},{"taxonomy":"product_cat","embeddable":true,"href":"https:\/\/roveyayinevi.com.tr\/index.php\/wp-json\/wp\/v2\/product_cat?post=735507"},{"taxonomy":"product_tag","embeddable":true,"href":"https:\/\/roveyayinevi.com.tr\/index.php\/wp-json\/wp\/v2\/product_tag?post=735507"}],"curies":[{"name":"wp","href":"https:\/\/api.w.org\/{rel}","templated":true}]}}