{"id":735506,"date":"2025-08-27T22:49:09","date_gmt":"2025-08-27T19:49:09","guid":{"rendered":"https:\/\/roveyayinevi.com.tr\/index.php\/urun\/poraymos\/"},"modified":"2026-04-16T02:43:49","modified_gmt":"2026-04-15T23:43:49","slug":"poraymos","status":"publish","type":"product","link":"https:\/\/roveyayinevi.com.tr\/index.php\/urun\/poraymos\/","title":{"rendered":"Poraymos"},"content":{"rendered":"<p>\u00dc\u00e7 farkl\u0131 etnik k\u00f6ken, tek \u00fclke, ayn\u0131 ac\u0131lar\u2026 Kalben ve ruhen mimarl\u0131\u011fa ba\u011fl\u0131 Sefarad Yahudisi Oscar Baranon, Kemanc\u0131 \u00c7ingene Ragib \u015eehovic ve S\u0131rp Sava Dragosavljevic\u2019in 1942\u2019de Auschwitz toplama kamp\u0131nda birle\u015fen hayatlar\u0131\u2026 Poraymos, nasyonal sosyalizmin kendinden olmayan\u0131 d\u0131\u015flad\u0131\u011f\u0131, i\u015fkencelerde \u00f6ld\u00fcrd\u00fc\u011f\u00fc insanlar\u0131n hayatlar\u0131n\u0131 anlatan bir roman. \u00dc\u00e7 Bosnal\u0131, ya\u015fad\u0131klar\u0131 yerler ve tan\u0131d\u0131klar\u0131 ortak ki\u015filer arac\u0131l\u0131\u011f\u0131yla kampta bir araya gelirler. Bu kampta iki se\u00e7enekleri vard\u0131r: Ya becerikli olacaklar ya da k\u00fcl olup yok olacaklar. Her anlar\u0131 dayakla, kur\u015funa dizilmelerle, \u201ckanl\u0131 \u015f\u00f6len\u201dlerle ge\u00e7ilen g\u00fcnlerden Ragib, sa\u011f \u00e7\u0131kamaz, yok olup gider; di\u011ferlerinin ise normal bir insan gibi kald\u0131\u011f\u0131n\u0131 s\u00f6yleyebilmek pek m\u00fcmk\u00fcn de\u011fildir. Bu kitapta, her \u015feye ra\u011fmen umudun, bir nevi \u0131l\u0131ml\u0131 bir inan\u00e7 gibi hayatta tuttu\u011fu insanlar\u0131n ba\u015f\u0131ndan ge\u00e7en ac\u0131lara tan\u0131k olacaks\u0131n\u0131z. Oscar, \u201c\u0130\u015fkencecilerin as\u0131l amac\u0131 nedir?\u201d sorusunun cevab\u0131n\u0131 kendi kendine yan\u0131tlamaya \u00e7al\u0131\u015f\u0131yordu. Herhalde, onlara g\u00f6re, i\u015fkence g\u00fcya ait olmad\u0131\u011f\u0131 insan v\u00fccudu i\u00e7inde gizlenmi\u015f a\u015fa\u011f\u0131l\u0131k canavar\u0131n kay\u0131ts\u0131z \u015farts\u0131z \u00f6ld\u00fcr\u00fclmesi amac\u0131yla yap\u0131lmaktayd\u0131. Yok edili\u015ften \u00f6nce bir k\u00f6pekten daha \u00e7ok a\u015fa\u011f\u0131lanmal\u0131ym\u0131\u015f, \u00fczerine buru\u015fmu\u015f bir deriyi giymi\u015f \u00e7\u0131plak, kolay yanan ve arkas\u0131ndan fazla k\u00fcl b\u0131rakmayan bir iskelete indirgenmeliymi\u015f. <\/p>\n","protected":false},"excerpt":{"rendered":"<p>\u00dc\u00e7 farkl\u0131 etnik k\u00f6ken, tek \u00fclke, ayn\u0131 ac\u0131lar\u2026 Kalben ve ruhen mimarl\u0131\u011fa ba\u011fl\u0131 Sefarad Yahudisi Oscar Baranon, Kemanc\u0131 \u00c7ingene Ragib \u015eehovic ve S\u0131rp Sava Dragosavljevic\u2019in 1942\u2019de<span class=\"excerpt-hellip\"> [\u2026]<\/span><\/p>\n","protected":false},"featured_media":0,"template":"","meta":{"_monsterinsights_skip_tracking":false,"_monsterinsights_sitenote_active":false,"_monsterinsights_sitenote_note":"","_monsterinsights_sitenote_category":0},"product_brand":[],"product_cat":[12338,12337],"product_tag":[],"class_list":{"0":"post-735506","1":"product","2":"type-product","3":"status-publish","5":"product_cat-dunya-siyaseti-ve-politikasi","6":"product_cat-politika-siyaset","7":"pa_cilt-ciltsiz","8":"pa_tur-kitap","9":"pa_yayinevi-atac-yayinlari","10":"pa_yazar-dusan-savic","12":"first","13":"instock","14":"sale","15":"shipping-taxable","16":"purchasable","17":"product-type-simple"},"_links":{"self":[{"href":"https:\/\/roveyayinevi.com.tr\/index.php\/wp-json\/wp\/v2\/product\/735506","targetHints":{"allow":["GET"]}}],"collection":[{"href":"https:\/\/roveyayinevi.com.tr\/index.php\/wp-json\/wp\/v2\/product"}],"about":[{"href":"https:\/\/roveyayinevi.com.tr\/index.php\/wp-json\/wp\/v2\/types\/product"}],"wp:attachment":[{"href":"https:\/\/roveyayinevi.com.tr\/index.php\/wp-json\/wp\/v2\/media?parent=735506"}],"wp:term":[{"taxonomy":"product_brand","embeddable":true,"href":"https:\/\/roveyayinevi.com.tr\/index.php\/wp-json\/wp\/v2\/product_brand?post=735506"},{"taxonomy":"product_cat","embeddable":true,"href":"https:\/\/roveyayinevi.com.tr\/index.php\/wp-json\/wp\/v2\/product_cat?post=735506"},{"taxonomy":"product_tag","embeddable":true,"href":"https:\/\/roveyayinevi.com.tr\/index.php\/wp-json\/wp\/v2\/product_tag?post=735506"}],"curies":[{"name":"wp","href":"https:\/\/api.w.org\/{rel}","templated":true}]}}