{"id":735503,"date":"2025-08-27T22:49:06","date_gmt":"2025-08-27T19:49:06","guid":{"rendered":"https:\/\/roveyayinevi.com.tr\/index.php\/urun\/inanciniz-servetinizdir\/"},"modified":"2026-04-08T02:53:05","modified_gmt":"2026-04-07T23:53:05","slug":"inanciniz-servetinizdir","status":"publish","type":"product","link":"https:\/\/roveyayinevi.com.tr\/index.php\/urun\/inanciniz-servetinizdir\/","title":{"rendered":"\u0130nanc\u0131n\u0131z Servetinizdir"},"content":{"rendered":"<p>Kitap Tan\u0131t\u0131m Yaz\u0131s\u0131: \u201cD\u00fcnya bildi\u011fim her \u015feyi b\u00fcy\u00fcten aynad\u0131r.\u201d Sadece \u2018ayna\u2019 oldu\u011funu unutup onu de\u011fi\u015ftirmeye \u00e7al\u0131\u015fmay\u0131n. \u0130nsan\u0131n d\u00fcnyay\u0131 zorla de\u011fi\u015ftirme giri\u015fimi, y\u00fcz\u00fcn\u00fc de\u011fi\u015ftirebilece\u011fi umuduyla bir aynay\u0131 k\u0131rmas\u0131 gibi sonu\u00e7 vermeyen bir giri\u015fimdir. Aynay\u0131 b\u0131rak\u0131n ve kendinize olan anlay\u0131\u015f\u0131n\u0131z\u0131 de\u011fi\u015ftirin. O zaman yans\u0131ma tatmin edici olacakt\u0131r. Neville\u2019in ismi, ondan fazla kitab\u0131nda ve verdi\u011fi binlerce derste radikal bir ilkede yay\u0131ld\u0131: \u0130nsan\u0131n hayal g\u00fcc\u00fc Tanr\u0131\u2019d\u0131r. \u00d6yle ki deneyimledi\u011finiz her \u015fey g\u00fcc\u00fcn\u00fc, d\u00fc\u015f\u00fcncelerinizden ve duygu durumlar\u0131n\u0131zdan al\u0131r. \u0130nanman\u0131n temel mesele oldu\u011funu ve hi\u00e7 kimseye ya da hi\u00e7bir ko\u015fula ba\u011fl\u0131 olmad\u0131\u011f\u0131n\u0131; tamamen i\u00e7inizden geldi\u011fini en yal\u0131n dille aktaran \u0130nanc\u0131n\u0131z Servetinizdir\u2019i \u00e7ok seveceksiniz. PEN \u00f6d\u00fcll\u00fc yazar Mitch Horowitz\u2019in edit\u00f6rl\u00fc\u011f\u00fcn\u00fc ve \u00f6zetleme g\u00f6revini \u00fcstlendi\u011fi K\u0131salt\u0131lm\u0131\u015f Klasikler Serisi, \u00e7a\u011f\u0131m\u0131za damgas\u0131n\u0131 vuran ve milyonlar\u0131 etkileyen \u00e7ok de\u011ferli kitaplar\u0131n \u00f6z h\u00e2le getirilmi\u015f versiyonlar\u0131ndan olu\u015fmaktad\u0131r. Bilginin b\u00fcy\u00fck bir h\u0131zla yay\u0131ld\u0131\u011f\u0131 modern \u00e7a\u011fda, vakti s\u0131n\u0131rl\u0131 olmas\u0131na ra\u011fmen kendini geli\u015ftirmek isteyen okurlar d\u00fc\u015f\u00fcn\u00fclerek haz\u0131rlanm\u0131\u015ft\u0131r.<\/p>\n","protected":false},"excerpt":{"rendered":"<p>Kitap Tan\u0131t\u0131m Yaz\u0131s\u0131: \u201cD\u00fcnya bildi\u011fim her \u015feyi b\u00fcy\u00fcten aynad\u0131r.\u201d Sadece \u2018ayna\u2019 oldu\u011funu unutup onu de\u011fi\u015ftirmeye \u00e7al\u0131\u015fmay\u0131n. \u0130nsan\u0131n d\u00fcnyay\u0131 zorla de\u011fi\u015ftirme giri\u015fimi, y\u00fcz\u00fcn\u00fc de\u011fi\u015ftirebilece\u011fi umuduyla bir aynay\u0131<span class=\"excerpt-hellip\"> [\u2026]<\/span><\/p>\n","protected":false},"featured_media":0,"template":"","meta":{"_monsterinsights_skip_tracking":false,"_monsterinsights_sitenote_active":false,"_monsterinsights_sitenote_note":"","_monsterinsights_sitenote_category":0},"product_brand":[],"product_cat":[12364,12376],"product_tag":[],"class_list":{"0":"post-735503","1":"product","2":"type-product","3":"status-publish","5":"product_cat-genel-konular","6":"product_cat-kisisel-gelisim","7":"pa_cilt-ciltsiz","8":"pa_tur-kitap","9":"pa_yayinevi-sola-unitas","10":"pa_yazar-neville","12":"first","13":"instock","14":"sale","15":"shipping-taxable","16":"purchasable","17":"product-type-simple"},"_links":{"self":[{"href":"https:\/\/roveyayinevi.com.tr\/index.php\/wp-json\/wp\/v2\/product\/735503","targetHints":{"allow":["GET"]}}],"collection":[{"href":"https:\/\/roveyayinevi.com.tr\/index.php\/wp-json\/wp\/v2\/product"}],"about":[{"href":"https:\/\/roveyayinevi.com.tr\/index.php\/wp-json\/wp\/v2\/types\/product"}],"wp:attachment":[{"href":"https:\/\/roveyayinevi.com.tr\/index.php\/wp-json\/wp\/v2\/media?parent=735503"}],"wp:term":[{"taxonomy":"product_brand","embeddable":true,"href":"https:\/\/roveyayinevi.com.tr\/index.php\/wp-json\/wp\/v2\/product_brand?post=735503"},{"taxonomy":"product_cat","embeddable":true,"href":"https:\/\/roveyayinevi.com.tr\/index.php\/wp-json\/wp\/v2\/product_cat?post=735503"},{"taxonomy":"product_tag","embeddable":true,"href":"https:\/\/roveyayinevi.com.tr\/index.php\/wp-json\/wp\/v2\/product_tag?post=735503"}],"curies":[{"name":"wp","href":"https:\/\/api.w.org\/{rel}","templated":true}]}}