{"id":735502,"date":"2025-08-27T22:49:05","date_gmt":"2025-08-27T19:49:05","guid":{"rendered":"https:\/\/roveyayinevi.com.tr\/index.php\/urun\/mars-ve-venusun-otesinde\/"},"modified":"2026-01-25T03:10:43","modified_gmt":"2026-01-25T00:10:43","slug":"mars-ve-venusun-otesinde","status":"publish","type":"product","link":"https:\/\/roveyayinevi.com.tr\/index.php\/urun\/mars-ve-venusun-otesinde\/","title":{"rendered":"Mars ve Ven\u00fcs\u2019\u00fcn \u00d6tesinde"},"content":{"rendered":"<p>21. Y\u00dcZYIL \u0130L\u0130\u015eK\u0130LER\u0130 \u0130\u00c7\u0130N DE\u011e\u0130\u015eEN C\u0130NS\u0130YET ROLLER\u0130NE DA\u0130R UFKUNUZU GEN\u0130\u015eLETECEK B\u0130R YAKLA\u015eIM   T\u00fcm zamanlar\u0131n en me\u015fhur ve g\u00fcvenilen ili\u015fki kitab\u0131n\u0131n yazar\u0131, g\u00fcn\u00fcm\u00fcz ku\u015fa\u011f\u0131 i\u00e7in g\u00fcncel bir rehberle kar\u015f\u0131n\u0131zda! Erkekler Mars\u2019tan Kad\u0131nlar Ven\u00fcs\u2019ten, yirmi y\u0131l \u00f6nce a\u015fk ve ili\u015fkilere bak\u0131\u015f a\u00e7\u0131m\u0131z\u0131 k\u00f6kten de\u011fi\u015ftirmi\u015fti. John Gray\u2019in kitab\u0131, \u00e7ok say\u0131da okurun kendini geli\u015ftirmesini ve hatta ili\u015fkisini kurtarmas\u0131n\u0131 sa\u011flad\u0131. Ancak t\u0131pk\u0131 toplum gibi, ili\u015fkiler de de\u011fi\u015fiyor. Art\u0131k, Mars ve Ven\u00fcs\u2019\u00fcn \u00f6tesine ge\u00e7menin, modern \u00e7iftler i\u00e7in yeni bir ili\u015fki modelini benimsemenin zaman\u0131 geldi. \u00d6nceki ku\u015faklar, o d\u00f6nemlerin kal\u0131pla\u015fm\u0131\u015f cinsiyet rollerine dayanan \u201crol e\u015fli\u201d ili\u015fkilerin aray\u0131\u015f\u0131ndayken, g\u00fcn\u00fcm\u00fcz \u00e7iftleriyse art\u0131k yeni bir t\u00fcr ili\u015fki aray\u0131\u015f\u0131 i\u00e7inde: \u201cRuh e\u015fli\u201d ili\u015fki. Duygusal a\u00e7\u0131dan daha tatmin edici olan bu t\u00fcr ili\u015fkiler, e\u015flerimizin ki\u015fisel ihtiya\u00e7lar\u0131n\u0131 daha iyi anlamam\u0131z\u0131 gerektiriyor. Gray, MARS VE VEN\u00dcS\u2019\u00dcN \u00d6TES\u0130NDE kitab\u0131nda, sevdi\u011finiz ki\u015fiyle aran\u0131zdaki ba\u011f\u0131 nas\u0131l kuvvetlendirece\u011finizi ve sevgi i\u00e7inde nas\u0131l b\u00fcy\u00fcy\u00fcp geli\u015febilece\u011finizi \u00f6\u011fretiyor; b\u00f6ylece hem siz hem de sevdi\u011finiz ki\u015fi, birbirinizin ihtiya\u00e7lar\u0131n\u0131 m\u00fcmk\u00fcn olan en iyi \u015fekilde nas\u0131l kar\u015f\u0131layabilece\u011finizi \u00f6\u011freneceksiniz ve bu da kal\u0131c\u0131 mutlulu\u011fa ve doyurucu bir ili\u015fkiye kavu\u015fman\u0131z\u0131 sa\u011flayacak.<\/p>\n","protected":false},"excerpt":{"rendered":"<p>21. Y\u00dcZYIL \u0130L\u0130\u015eK\u0130LER\u0130 \u0130\u00c7\u0130N DE\u011e\u0130\u015eEN C\u0130NS\u0130YET ROLLER\u0130NE DA\u0130R UFKUNUZU GEN\u0130\u015eLETECEK B\u0130R YAKLA\u015eIM T\u00fcm zamanlar\u0131n en me\u015fhur ve g\u00fcvenilen ili\u015fki kitab\u0131n\u0131n yazar\u0131, g\u00fcn\u00fcm\u00fcz ku\u015fa\u011f\u0131 i\u00e7in g\u00fcncel bir<span class=\"excerpt-hellip\"> [\u2026]<\/span><\/p>\n","protected":false},"featured_media":0,"template":"","meta":{"_monsterinsights_skip_tracking":false,"_monsterinsights_sitenote_active":false,"_monsterinsights_sitenote_note":"","_monsterinsights_sitenote_category":0},"product_brand":[],"product_cat":[12364,12376],"product_tag":[],"class_list":{"0":"post-735502","1":"product","2":"type-product","3":"status-publish","5":"product_cat-genel-konular","6":"product_cat-kisisel-gelisim","7":"pa_cilt-ciltsiz","8":"pa_tur-kitap","9":"pa_yayinevi-destek-yayinlari","10":"pa_yazar-john-gray","12":"first","13":"instock","14":"sale","15":"shipping-taxable","16":"purchasable","17":"product-type-simple"},"_links":{"self":[{"href":"https:\/\/roveyayinevi.com.tr\/index.php\/wp-json\/wp\/v2\/product\/735502","targetHints":{"allow":["GET"]}}],"collection":[{"href":"https:\/\/roveyayinevi.com.tr\/index.php\/wp-json\/wp\/v2\/product"}],"about":[{"href":"https:\/\/roveyayinevi.com.tr\/index.php\/wp-json\/wp\/v2\/types\/product"}],"wp:attachment":[{"href":"https:\/\/roveyayinevi.com.tr\/index.php\/wp-json\/wp\/v2\/media?parent=735502"}],"wp:term":[{"taxonomy":"product_brand","embeddable":true,"href":"https:\/\/roveyayinevi.com.tr\/index.php\/wp-json\/wp\/v2\/product_brand?post=735502"},{"taxonomy":"product_cat","embeddable":true,"href":"https:\/\/roveyayinevi.com.tr\/index.php\/wp-json\/wp\/v2\/product_cat?post=735502"},{"taxonomy":"product_tag","embeddable":true,"href":"https:\/\/roveyayinevi.com.tr\/index.php\/wp-json\/wp\/v2\/product_tag?post=735502"}],"curies":[{"name":"wp","href":"https:\/\/api.w.org\/{rel}","templated":true}]}}