{"id":735494,"date":"2025-08-27T22:48:58","date_gmt":"2025-08-27T19:48:58","guid":{"rendered":"https:\/\/roveyayinevi.com.tr\/index.php\/urun\/baraj-golu-cevresi-set-2-kitap\/"},"modified":"2026-04-16T02:43:48","modified_gmt":"2026-04-15T23:43:48","slug":"baraj-golu-cevresi-set-2-kitap","status":"publish","type":"product","link":"https:\/\/roveyayinevi.com.tr\/index.php\/urun\/baraj-golu-cevresi-set-2-kitap\/","title":{"rendered":"Baraj G\u00f6l\u00fc \u00c7evresi Set (2 Kitap)"},"content":{"rendered":"<p>Baraj G\u00f6l\u00fc \u00c7evresi Dokuma Sanatlar\u0131Pulur &#8211; Etnografya Ve Folklor Ara\u015ft\u0131rmalar\u0131<\/p>\n","protected":false},"excerpt":{"rendered":"<p>Baraj G\u00f6l\u00fc \u00c7evresi Dokuma Sanatlar\u0131Pulur &#8211; Etnografya Ve Folklor Ara\u015ft\u0131rmalar\u0131<\/p>\n","protected":false},"featured_media":0,"template":"","meta":{"_monsterinsights_skip_tracking":false,"_monsterinsights_sitenote_active":false,"_monsterinsights_sitenote_note":"","_monsterinsights_sitenote_category":0},"product_brand":[],"product_cat":[52477,52478],"product_tag":[],"class_list":{"0":"post-735494","1":"product","2":"type-product","3":"status-publish","5":"product_cat-arastirma","6":"product_cat-arkeoloji","7":"pa_cilt-set","8":"pa_tur-kitap","9":"pa_yayinevi-orta-dogu-teknik-universitesi-yayinlari","10":"pa_yazar-orta-dogu-teknik-universitesi-yayinlari-kolektif","12":"first","13":"instock","14":"sale","15":"shipping-taxable","16":"purchasable","17":"product-type-simple"},"_links":{"self":[{"href":"https:\/\/roveyayinevi.com.tr\/index.php\/wp-json\/wp\/v2\/product\/735494","targetHints":{"allow":["GET"]}}],"collection":[{"href":"https:\/\/roveyayinevi.com.tr\/index.php\/wp-json\/wp\/v2\/product"}],"about":[{"href":"https:\/\/roveyayinevi.com.tr\/index.php\/wp-json\/wp\/v2\/types\/product"}],"wp:attachment":[{"href":"https:\/\/roveyayinevi.com.tr\/index.php\/wp-json\/wp\/v2\/media?parent=735494"}],"wp:term":[{"taxonomy":"product_brand","embeddable":true,"href":"https:\/\/roveyayinevi.com.tr\/index.php\/wp-json\/wp\/v2\/product_brand?post=735494"},{"taxonomy":"product_cat","embeddable":true,"href":"https:\/\/roveyayinevi.com.tr\/index.php\/wp-json\/wp\/v2\/product_cat?post=735494"},{"taxonomy":"product_tag","embeddable":true,"href":"https:\/\/roveyayinevi.com.tr\/index.php\/wp-json\/wp\/v2\/product_tag?post=735494"}],"curies":[{"name":"wp","href":"https:\/\/api.w.org\/{rel}","templated":true}]}}