{"id":735493,"date":"2025-08-27T22:48:57","date_gmt":"2025-08-27T19:48:57","guid":{"rendered":"https:\/\/roveyayinevi.com.tr\/index.php\/urun\/cok-partili-hayata-gecis-surecinde-turkiyede-muzik-algisi-ve-muzik-dergileri\/"},"modified":"2026-04-16T02:43:48","modified_gmt":"2026-04-15T23:43:48","slug":"cok-partili-hayata-gecis-surecinde-turkiyede-muzik-algisi-ve-muzik-dergileri","status":"publish","type":"product","link":"https:\/\/roveyayinevi.com.tr\/index.php\/urun\/cok-partili-hayata-gecis-surecinde-turkiyede-muzik-algisi-ve-muzik-dergileri\/","title":{"rendered":"\u00c7ok Partili Hayata Ge\u00e7i\u015f S\u00fcrecinde T\u00fcrkiye&#8217;de M\u00fczik Alg\u0131s\u0131 ve M\u00fczik Dergileri"},"content":{"rendered":"<p>\u0130\u00e7indekiler   1.      CUMHUR\u0130YET\u0130N KURULU\u015eUNDAN II. D\u00dcNYA SAVA\u015eININ SONUNA K\u00dcLT\u00dcR VE M\u00dcZ\u0130K POL\u0130T\u0130KALARI VE M\u00dcZ\u0130K ALGISI (1923-1946) 1.1.   Cumhuriyetin Yap\u0131lanma S\u00fcrecinde T\u00fcrkiye\u201fde M\u00fczik Alg\u0131s\u0131 (1923-1938) 1.2.   II. D\u00fcnya Sava\u0122\u0131 Y\u0131llar\u0131nda T\u00fcrkiye\u201fde M\u00fczik Politikalar\u0131 ve M\u00fczik Alg\u0131s\u0131 (1938-1945) 2.      \u00c7OK PART\u0130L\u0130 HAYATA GE\u00c7\u0130\u015e S\u00dcREC\u0130NDE T\u00dcRK\u0130YE\u2019DE M\u00dcZ\u0130K POL\u0130T\u0130KALARI VE M\u00dcZ\u0130K ALGISI 2.1.   \u00c7ok Partili Hayata Ge\u00e7i\u0122 S\u00fcrecindeki H\u00fck\u00fcmet Programlar\u0131nda K\u00fclt\u00fcr ve M\u00fczik Politikalar\u0131 (1946-1950) 2.2.   \u0130ktidar ve Muhalefet \u0130li\u015fkisi Kapsam\u0131nda M\u00fczik Alg\u0131s\u0131 2.3.   \u00c7ok Partili Hayata Ge\u00e7i\u015f S\u00fcrecinde M\u00fczik Politikalar\u0131 ve Toplum \u0130li\u015fkisi 3.      \u00c7OK PART\u0130L\u0130 HAYATA GE\u00c7\u0130\u015e S\u00dcREC\u0130NDE T\u00dcRK\u0130YE\u2019DE M\u00dcZ\u0130K DERG\u0130LER\u0130 (1946-1950) 3.1.   Musiki Mecmuas\u0131 (1948-1951) 3.2.   Musiki Ansiklopedisi (1947-1948) 3.3.   Filarmoni Dergisi (1948-1951) 3.4.   T\u00fcrk Musikisi Dergisi (1947-1950) 3.5.   M\u00fczik G\u00f6r\u00fc\u015fleri (1949-1950) 3.6.   Bizim Y\u0131ld\u0131zlar (1950) <\/p>\n","protected":false},"excerpt":{"rendered":"<p>\u0130\u00e7indekiler 1. CUMHUR\u0130YET\u0130N KURULU\u015eUNDAN II. D\u00dcNYA SAVA\u015eININ SONUNA K\u00dcLT\u00dcR VE M\u00dcZ\u0130K POL\u0130T\u0130KALARI VE M\u00dcZ\u0130K ALGISI (1923-1946) 1.1. Cumhuriyetin Yap\u0131lanma S\u00fcrecinde T\u00fcrkiye\u201fde M\u00fczik Alg\u0131s\u0131 (1923-1938) 1.2. II.<span class=\"excerpt-hellip\"> [\u2026]<\/span><\/p>\n","protected":false},"featured_media":0,"template":"","meta":{"_monsterinsights_skip_tracking":false,"_monsterinsights_sitenote_active":false,"_monsterinsights_sitenote_note":"","_monsterinsights_sitenote_category":0},"product_brand":[],"product_cat":[12573,12566],"product_tag":[],"class_list":{"0":"post-735493","1":"product","2":"type-product","3":"status-publish","5":"product_cat-akademik-kitaplar","6":"product_cat-egitim","7":"pa_cilt-ciltsiz","8":"pa_tur-kitap","9":"pa_yayinevi-gazi-kitabevi","10":"pa_yazar-esra-cetin","12":"first","13":"instock","14":"sale","15":"shipping-taxable","16":"purchasable","17":"product-type-simple"},"_links":{"self":[{"href":"https:\/\/roveyayinevi.com.tr\/index.php\/wp-json\/wp\/v2\/product\/735493","targetHints":{"allow":["GET"]}}],"collection":[{"href":"https:\/\/roveyayinevi.com.tr\/index.php\/wp-json\/wp\/v2\/product"}],"about":[{"href":"https:\/\/roveyayinevi.com.tr\/index.php\/wp-json\/wp\/v2\/types\/product"}],"wp:attachment":[{"href":"https:\/\/roveyayinevi.com.tr\/index.php\/wp-json\/wp\/v2\/media?parent=735493"}],"wp:term":[{"taxonomy":"product_brand","embeddable":true,"href":"https:\/\/roveyayinevi.com.tr\/index.php\/wp-json\/wp\/v2\/product_brand?post=735493"},{"taxonomy":"product_cat","embeddable":true,"href":"https:\/\/roveyayinevi.com.tr\/index.php\/wp-json\/wp\/v2\/product_cat?post=735493"},{"taxonomy":"product_tag","embeddable":true,"href":"https:\/\/roveyayinevi.com.tr\/index.php\/wp-json\/wp\/v2\/product_tag?post=735493"}],"curies":[{"name":"wp","href":"https:\/\/api.w.org\/{rel}","templated":true}]}}