{"id":735492,"date":"2025-08-27T22:48:56","date_gmt":"2025-08-27T19:48:56","guid":{"rendered":"https:\/\/roveyayinevi.com.tr\/index.php\/urun\/dogu-akdenizde-tarihi-bir-sehir-akka\/"},"modified":"2026-04-16T02:43:48","modified_gmt":"2026-04-15T23:43:48","slug":"dogu-akdenizde-tarihi-bir-sehir-akka","status":"publish","type":"product","link":"https:\/\/roveyayinevi.com.tr\/index.php\/urun\/dogu-akdenizde-tarihi-bir-sehir-akka\/","title":{"rendered":"Do\u011fu Akdeniz&#8217;de Tarihi Bir \u015eehir Akka"},"content":{"rendered":"<p>\u0130\u00e7indekiler   1.      F\u00c2TIM\u00ceLER HAK\u0130M\u0130YET\u0130NE KADAR AKKA 2.      F\u00c2TIM\u00ceLER ve SEL\u00c7UKLULAR D\u00d6NEM\u0130NDE AKKA 3.      HA\u00c7LILAR D\u00d6NEM\u0130NDE AKKA 4.      EYY\u00dbB\u0130LER D\u00d6NEM\u0130NDE AKKA 5.      XI VE XII. Y\u00dcZYILLARDA AKKA\u2019DA \u0130DAR\u0130, SOSYAL ve \u0130KT\u0130SAD\u00ce DURUM <\/p>\n","protected":false},"excerpt":{"rendered":"<p>\u0130\u00e7indekiler 1. F\u00c2TIM\u00ceLER HAK\u0130M\u0130YET\u0130NE KADAR AKKA 2. F\u00c2TIM\u00ceLER ve SEL\u00c7UKLULAR D\u00d6NEM\u0130NDE AKKA 3. HA\u00c7LILAR D\u00d6NEM\u0130NDE AKKA 4. EYY\u00dbB\u0130LER D\u00d6NEM\u0130NDE AKKA 5. XI VE XII. Y\u00dcZYILLARDA AKKA\u2019DA<span class=\"excerpt-hellip\"> [\u2026]<\/span><\/p>\n","protected":false},"featured_media":0,"template":"","meta":{"_monsterinsights_skip_tracking":false,"_monsterinsights_sitenote_active":false,"_monsterinsights_sitenote_note":"","_monsterinsights_sitenote_category":0},"product_brand":[],"product_cat":[13054,88605],"product_tag":[],"class_list":{"0":"post-735492","1":"product","2":"type-product","3":"status-publish","5":"product_cat-gezi-ve-rehber-kitaplari","6":"product_cat-turkiye-rehberi","7":"pa_cilt-ciltsiz","8":"pa_tur-kitap","9":"pa_yayinevi-gazi-kitabevi","10":"pa_yazar-mustafa-yildirim","12":"first","13":"instock","14":"sale","15":"shipping-taxable","16":"purchasable","17":"product-type-simple"},"_links":{"self":[{"href":"https:\/\/roveyayinevi.com.tr\/index.php\/wp-json\/wp\/v2\/product\/735492","targetHints":{"allow":["GET"]}}],"collection":[{"href":"https:\/\/roveyayinevi.com.tr\/index.php\/wp-json\/wp\/v2\/product"}],"about":[{"href":"https:\/\/roveyayinevi.com.tr\/index.php\/wp-json\/wp\/v2\/types\/product"}],"wp:attachment":[{"href":"https:\/\/roveyayinevi.com.tr\/index.php\/wp-json\/wp\/v2\/media?parent=735492"}],"wp:term":[{"taxonomy":"product_brand","embeddable":true,"href":"https:\/\/roveyayinevi.com.tr\/index.php\/wp-json\/wp\/v2\/product_brand?post=735492"},{"taxonomy":"product_cat","embeddable":true,"href":"https:\/\/roveyayinevi.com.tr\/index.php\/wp-json\/wp\/v2\/product_cat?post=735492"},{"taxonomy":"product_tag","embeddable":true,"href":"https:\/\/roveyayinevi.com.tr\/index.php\/wp-json\/wp\/v2\/product_tag?post=735492"}],"curies":[{"name":"wp","href":"https:\/\/api.w.org\/{rel}","templated":true}]}}