{"id":735487,"date":"2025-08-27T22:48:50","date_gmt":"2025-08-27T19:48:50","guid":{"rendered":"https:\/\/roveyayinevi.com.tr\/index.php\/urun\/kar-tanesi-2\/"},"modified":"2026-04-16T02:43:48","modified_gmt":"2026-04-15T23:43:48","slug":"kar-tanesi-2","status":"publish","type":"product","link":"https:\/\/roveyayinevi.com.tr\/index.php\/urun\/kar-tanesi-2\/","title":{"rendered":"Kar Tanesi"},"content":{"rendered":"<p>&#8220;Kalbine elini uzat, tutunup kalkmak i\u00e7in seni bekliyor.&#8221;   Karl\u0131 bir orman\u0131n tam ortas\u0131nda tan\u0131d\u0131m seni. Orman ac\u0131mas\u0131zd\u0131. Orman \u0131ss\u0131zd\u0131. Orman so\u011fuktu. Sen ise bir kar tanesi gibi e\u015fsizdin.  Bir kar tanesi gibi erimeye mahk\u00fbmdun Eyl\u00fcl\u2026 G\u00fcnler ge\u00e7ti, k\u0131\u015f dindi\u2026 G\u00fcne\u015f a\u00e7t\u0131, orman \u0131s\u0131nd\u0131. Ve sen kar tanesi\u2026 G\u00fcn\u00fcn birinde milyonlarca kar tanesi gibi eridin\u2026 ve ben seni kurtaramad\u0131m.   Eyl\u00fcl ve Merih\u2019in Kar K\u00fcresi\u2019nde ba\u015flayan maceralar\u0131 serinin ikinci kitab\u0131 Kar Tanesi\u2019yle kald\u0131\u011f\u0131 yerden devam ediyor. Bu sefer okuyanlar\u0131 \u00e7ok daha so\u011fuk, \u00e7ok daha karanl\u0131k bir hik\u00e2ye bekliyor.  Eyl\u00fcl ve Merih\u2019in hik\u00e2yesinde \u00fc\u015f\u00fcmeye ve onlar\u0131n kendilerini bulma yolculu\u011funa e\u015flik etmeye haz\u0131r m\u0131s\u0131n\u0131z?   Merih, ismini \u201ck\u0131rm\u0131z\u0131 gezegen\u201d olarak bilinen, alev alev yanan Merih\u2019ten al\u0131yordu. Ben ise ona g\u00f6re bir kar tanesiydim. Yan\u0131nda erimeye mahk\u00fbm gibiydim&#8230; B\u0131rak da senin yan\u0131n benim cennetim olarak kals\u0131n, cehennemi tek ba\u015f\u0131ma ya\u015f\u0131yorum zaten. <\/p>\n","protected":false},"excerpt":{"rendered":"<p>&#8220;Kalbine elini uzat, tutunup kalkmak i\u00e7in seni bekliyor.&#8221; Karl\u0131 bir orman\u0131n tam ortas\u0131nda tan\u0131d\u0131m seni. Orman ac\u0131mas\u0131zd\u0131. Orman \u0131ss\u0131zd\u0131. Orman so\u011fuktu. Sen ise bir kar tanesi<span class=\"excerpt-hellip\"> [\u2026]<\/span><\/p>\n","protected":false},"featured_media":0,"template":"","meta":{"_monsterinsights_skip_tracking":false,"_monsterinsights_sitenote_active":false,"_monsterinsights_sitenote_note":"","_monsterinsights_sitenote_category":0},"product_brand":[],"product_cat":[12291,12711],"product_tag":[],"class_list":{"0":"post-735487","1":"product","2":"type-product","3":"status-publish","5":"product_cat-edebiyat","6":"product_cat-roman-oyku","7":"pa_cilt-ciltsiz","8":"pa_tur-kitap","9":"pa_yayinevi-indigo-kitap","10":"pa_yazar-beyza-alkoc","12":"first","13":"instock","14":"sale","15":"shipping-taxable","16":"purchasable","17":"product-type-simple"},"_links":{"self":[{"href":"https:\/\/roveyayinevi.com.tr\/index.php\/wp-json\/wp\/v2\/product\/735487","targetHints":{"allow":["GET"]}}],"collection":[{"href":"https:\/\/roveyayinevi.com.tr\/index.php\/wp-json\/wp\/v2\/product"}],"about":[{"href":"https:\/\/roveyayinevi.com.tr\/index.php\/wp-json\/wp\/v2\/types\/product"}],"wp:attachment":[{"href":"https:\/\/roveyayinevi.com.tr\/index.php\/wp-json\/wp\/v2\/media?parent=735487"}],"wp:term":[{"taxonomy":"product_brand","embeddable":true,"href":"https:\/\/roveyayinevi.com.tr\/index.php\/wp-json\/wp\/v2\/product_brand?post=735487"},{"taxonomy":"product_cat","embeddable":true,"href":"https:\/\/roveyayinevi.com.tr\/index.php\/wp-json\/wp\/v2\/product_cat?post=735487"},{"taxonomy":"product_tag","embeddable":true,"href":"https:\/\/roveyayinevi.com.tr\/index.php\/wp-json\/wp\/v2\/product_tag?post=735487"}],"curies":[{"name":"wp","href":"https:\/\/api.w.org\/{rel}","templated":true}]}}