{"id":735485,"date":"2025-08-27T22:48:48","date_gmt":"2025-08-27T19:48:48","guid":{"rendered":"https:\/\/roveyayinevi.com.tr\/index.php\/urun\/kaideye-tamah-etmeyen-istisnadir-hayat\/"},"modified":"2026-04-16T02:43:48","modified_gmt":"2026-04-15T23:43:48","slug":"kaideye-tamah-etmeyen-istisnadir-hayat","status":"publish","type":"product","link":"https:\/\/roveyayinevi.com.tr\/index.php\/urun\/kaideye-tamah-etmeyen-istisnadir-hayat\/","title":{"rendered":"Kaideye Tamah Etmeyen \u0130stisnad\u0131r Hayat"},"content":{"rendered":"<p>\u201cBu, sonu \u00e7ok belli ama yolculu\u011fu da bir o kadar gizemli olan hayat\u0131n ya\u015fayanlar\u0131 hep haddinden fazla heyecanl\u0131yd\u0131&#8230; Kaideleri ezberlemeye \u00e7al\u0131\u015f\u0131rlard\u0131 bir yandan da.  \u00c7\u00fcnk\u00fc tad\u0131na varmay\u0131 \u00e7ok istedikleri ama ne yaz\u0131k ki k\u0131s\u0131tl\u0131 bir s\u00fcrede ger\u00e7ekle\u015ftirmeleri gereken ve de ellerine tutu\u015fturulan, iade \u015fans\u0131 olmayan tek y\u00f6n biletleriyle \u00e7\u0131kt\u0131klar\u0131 gizemli yolculuklar\u0131nda kar\u015f\u0131la\u015ft\u0131klar\u0131 sapaklardan, do\u011fru olan\u0131 se\u00e7mek isterlerdi. Yanl\u0131\u015f sapaklarda oyalan\u0131p zaman kaybetmek istemezlerdi.  Ezberlerlerdi hayat\u0131n b\u00fct\u00fcn yollar\u0131n\u0131, da\u011flar\u0131n\u0131, patikalar\u0131n\u0131, r\u00fczg\u00e2rlar\u0131n\u0131, ormanlar\u0131n\u0131, yang\u0131nlar\u0131n\u0131, f\u0131rt\u0131nalar\u0131n\u0131, ac\u0131lar\u0131n\u0131, a\u015fklar\u0131n\u0131 ve ba\u015fkalar\u0131 taraf\u0131ndan yaz\u0131lm\u0131\u015f kurallar\u0131n\u0131&#8230; T\u00fcm bunlar\u0131 \u00f6\u011frenmek i\u00e7in de; hi\u00e7 yanl\u0131\u015f yola sapmadan, hi\u00e7 kaybolmadan, hi\u00e7 \u00e7elme tak\u0131lmadan, hi\u00e7 \u015fa\u015f\u0131rmadan, hi\u00e7 kaza yapmadan, hi\u00e7 yaralanmadan ve hi\u00e7 a\u011flamadan; mutlu, huzurlu, co\u015fkulu ve gururlu bir \u015fekilde yolculuklar\u0131n\u0131 tamamlam\u0131\u015f olanlara dan\u0131\u015f\u0131rlard\u0131. \u00d6\u011frendiklerini unutmamak i\u00e7in de b\u00fcy\u00fck bir titizlikle not al\u0131rlard\u0131. K\u0131yamad\u0131klar\u0131 zamanlar\u0131n\u0131 ba\u015fkalar\u0131n\u0131n kurallar\u0131n\u0131 bir deftere yazarken ve bir yandan da onlar\u0131 ezberlemeye \u00e7al\u0131\u015f\u0131rken harcarlard\u0131&#8230; Ama bilmezlerdi, asl\u0131nda hayat kaidelere tamah bile etmeyen kocaman bir istisnayd\u0131&#8230;\u201d   Nilg\u00fcn Bodur, 5. kitab\u0131 Kaideye Tamah Etmeyen \u0130stisnad\u0131r Hayat\u2019ta bir ac\u0131dan yola \u00e7\u0131karak insanl\u0131\u011fa, a\u015fka ili\u015fkin hisleri ve d\u00fc\u015f\u00fcncelerini, 9 ya\u015f\u0131ndan bu yana tuttu\u011fu \u201cdefterine\u201d yazarcas\u0131na samimiyetle yaz\u0131yor. Ve kitab\u0131n sonunda bize de kendimize sormak kal\u0131yor: Ger\u00e7ekten kural diye bir \u015fey var m\u0131, yoksa kural diye bildi\u011fimiz her \u015fey istisna m\u0131? <\/p>\n","protected":false},"excerpt":{"rendered":"<p>\u201cBu, sonu \u00e7ok belli ama yolculu\u011fu da bir o kadar gizemli olan hayat\u0131n ya\u015fayanlar\u0131 hep haddinden fazla heyecanl\u0131yd\u0131&#8230; Kaideleri ezberlemeye \u00e7al\u0131\u015f\u0131rlard\u0131 bir yandan da. \u00c7\u00fcnk\u00fc tad\u0131na<span class=\"excerpt-hellip\"> [\u2026]<\/span><\/p>\n","protected":false},"featured_media":0,"template":"","meta":{"_monsterinsights_skip_tracking":false,"_monsterinsights_sitenote_active":false,"_monsterinsights_sitenote_note":"","_monsterinsights_sitenote_category":0},"product_brand":[],"product_cat":[12777,12291],"product_tag":[],"class_list":{"0":"post-735485","1":"product","2":"type-product","3":"status-publish","5":"product_cat-deneme","6":"product_cat-edebiyat","7":"pa_cilt-ciltsiz","8":"pa_tur-kitap","9":"pa_yayinevi-turkuvaz-kitap","10":"pa_yazar-nilgun-bodur","12":"first","13":"instock","14":"sale","15":"shipping-taxable","16":"purchasable","17":"product-type-simple"},"_links":{"self":[{"href":"https:\/\/roveyayinevi.com.tr\/index.php\/wp-json\/wp\/v2\/product\/735485","targetHints":{"allow":["GET"]}}],"collection":[{"href":"https:\/\/roveyayinevi.com.tr\/index.php\/wp-json\/wp\/v2\/product"}],"about":[{"href":"https:\/\/roveyayinevi.com.tr\/index.php\/wp-json\/wp\/v2\/types\/product"}],"wp:attachment":[{"href":"https:\/\/roveyayinevi.com.tr\/index.php\/wp-json\/wp\/v2\/media?parent=735485"}],"wp:term":[{"taxonomy":"product_brand","embeddable":true,"href":"https:\/\/roveyayinevi.com.tr\/index.php\/wp-json\/wp\/v2\/product_brand?post=735485"},{"taxonomy":"product_cat","embeddable":true,"href":"https:\/\/roveyayinevi.com.tr\/index.php\/wp-json\/wp\/v2\/product_cat?post=735485"},{"taxonomy":"product_tag","embeddable":true,"href":"https:\/\/roveyayinevi.com.tr\/index.php\/wp-json\/wp\/v2\/product_tag?post=735485"}],"curies":[{"name":"wp","href":"https:\/\/api.w.org\/{rel}","templated":true}]}}