{"id":735483,"date":"2025-08-27T22:48:46","date_gmt":"2025-08-27T19:48:46","guid":{"rendered":"https:\/\/roveyayinevi.com.tr\/index.php\/urun\/gunun-kahramani-manfried\/"},"modified":"2026-04-16T02:43:48","modified_gmt":"2026-04-15T23:43:48","slug":"gunun-kahramani-manfried","status":"publish","type":"product","link":"https:\/\/roveyayinevi.com.tr\/index.php\/urun\/gunun-kahramani-manfried\/","title":{"rendered":"G\u00fcn\u00fcn Kahraman\u0131 Manfried"},"content":{"rendered":"<p>Kedilerin dostu k\u00f6t\u00fclerin d\u00fc\u015fman\u0131 Manfried!   Steve Kedio\u011flu, en b\u00fcy\u00fck ilham kayna\u011f\u0131 olan evcil adam\u0131 Manfried sayesinde hayallerini ger\u00e7ekle\u015ftirmeyi ba\u015farm\u0131\u015ft\u0131. Fakat sorumluluklar\u0131 alt\u0131nda ezildi\u011fini hissediyordu ve bu y\u00fczden hem i\u015fi hem de ili\u015fkisi k\u00f6t\u00fcye gidiyordu. Kedirne Adam Bar\u0131na\u011f\u0131\u2019n\u0131n kapat\u0131laca\u011f\u0131 haberi ise her \u015feye tuz biber ekmi\u015fti. Hem sevgilisi Henrietta\u2019yla aras\u0131n\u0131 d\u00fczeltmek hem de kendini kan\u0131tlamak i\u00e7in \u00f6n\u00fcnde tek bir \u015fans vard\u0131: Tembel teneke Manfried\u2019\u0131n, \u00c7i\u00e7ekadam Adam G\u00f6sterisi\u2019nde birincilik \u00f6d\u00fcl\u00fcn\u00fc kazanmas\u0131.   \u201cBastow ve Major ikilisinin yaratt\u0131klar\u0131 bu d\u00fcnyada daha okuyacak \u00e7ok \u015feyimiz var. Bir kere ba\u015flad\u0131\u011f\u0131n\u0131zda durmak istemeyeceksiniz.\u201d \u2014Paste   \u201cBastow\u2019un \u00e7izimleri muhte\u015fem.\u201d \u2014Foreword Reviews   \u201cE\u011fer evcil hayvan\u0131n\u0131z varsa, bu kitab\u0131 okuduktan sonra onunla zaman ge\u00e7irme arzunuzu bast\u0131ramayacaks\u0131n\u0131z.\u201d \u2014Newsarama   \u201cManfried\u2019\u0131n maceralar\u0131 bu kitapla devam ediyor.\u201d \u2014Boyce McClain\u2019s Collectors Corner <\/p>\n","protected":false},"excerpt":{"rendered":"<p>Kedilerin dostu k\u00f6t\u00fclerin d\u00fc\u015fman\u0131 Manfried! Steve Kedio\u011flu, en b\u00fcy\u00fck ilham kayna\u011f\u0131 olan evcil adam\u0131 Manfried sayesinde hayallerini ger\u00e7ekle\u015ftirmeyi ba\u015farm\u0131\u015ft\u0131. Fakat sorumluluklar\u0131 alt\u0131nda ezildi\u011fini hissediyordu ve bu<span class=\"excerpt-hellip\"> [\u2026]<\/span><\/p>\n","protected":false},"featured_media":0,"template":"","meta":{"_monsterinsights_skip_tracking":false,"_monsterinsights_sitenote_active":false,"_monsterinsights_sitenote_note":"","_monsterinsights_sitenote_category":0},"product_brand":[],"product_cat":[12416,12291],"product_tag":[],"class_list":{"0":"post-735483","1":"product","2":"type-product","3":"status-publish","5":"product_cat-cizgi-roman","6":"product_cat-edebiyat","7":"pa_cilt-ciltsiz","8":"pa_tur-kitap","9":"pa_yayinevi-yabanci-yayinevi","10":"pa_yazar-caitlin-major-kelly-bastow","12":"first","13":"instock","14":"sale","15":"shipping-taxable","16":"purchasable","17":"product-type-simple"},"_links":{"self":[{"href":"https:\/\/roveyayinevi.com.tr\/index.php\/wp-json\/wp\/v2\/product\/735483","targetHints":{"allow":["GET"]}}],"collection":[{"href":"https:\/\/roveyayinevi.com.tr\/index.php\/wp-json\/wp\/v2\/product"}],"about":[{"href":"https:\/\/roveyayinevi.com.tr\/index.php\/wp-json\/wp\/v2\/types\/product"}],"wp:attachment":[{"href":"https:\/\/roveyayinevi.com.tr\/index.php\/wp-json\/wp\/v2\/media?parent=735483"}],"wp:term":[{"taxonomy":"product_brand","embeddable":true,"href":"https:\/\/roveyayinevi.com.tr\/index.php\/wp-json\/wp\/v2\/product_brand?post=735483"},{"taxonomy":"product_cat","embeddable":true,"href":"https:\/\/roveyayinevi.com.tr\/index.php\/wp-json\/wp\/v2\/product_cat?post=735483"},{"taxonomy":"product_tag","embeddable":true,"href":"https:\/\/roveyayinevi.com.tr\/index.php\/wp-json\/wp\/v2\/product_tag?post=735483"}],"curies":[{"name":"wp","href":"https:\/\/api.w.org\/{rel}","templated":true}]}}