{"id":735482,"date":"2025-08-27T22:48:44","date_gmt":"2025-08-27T19:48:44","guid":{"rendered":"https:\/\/roveyayinevi.com.tr\/index.php\/urun\/arilarin-disleri-yoktur\/"},"modified":"2026-04-16T02:43:48","modified_gmt":"2026-04-15T23:43:48","slug":"arilarin-disleri-yoktur","status":"publish","type":"product","link":"https:\/\/roveyayinevi.com.tr\/index.php\/urun\/arilarin-disleri-yoktur\/","title":{"rendered":"Ar\u0131lar\u0131n Di\u015fleri Yoktur"},"content":{"rendered":"<p>Sizce k\u00f6pekler mama yerken patilerini kullanamad\u0131\u011f\u0131 i\u00e7in zorlan\u0131yor mudur? Ya da a\u011fa\u00e7lar yerlerinden hi\u00e7 hareket edemedi\u011fi i\u00e7in \u00e7ok s\u0131k\u0131l\u0131yor olabilir mi? Kar\u0131nlar\u0131nda birer cebi olan kangurular, acaba bu durumdan rahats\u0131z m\u0131d\u0131r?   Haydi, ba\u015fka \u00fclkelerde ya\u015fayan ve kar\u015f\u0131lar\u0131na \u00e7\u0131kan di\u011fer canl\u0131lar\u0131 anlamaya, onlarla empati kurmaya \u00e7al\u0131\u015fan \u0130pek ve Ren\u2019e siz de kat\u0131l\u0131n! Fakat unutmay\u0131n, bazen birinin duygu ve d\u00fc\u015f\u00fcncelerini anlayabilmek i\u00e7in o ki\u015finin yerinde olmak gerekebilir&#8230; <\/p>\n","protected":false},"excerpt":{"rendered":"<p>Sizce k\u00f6pekler mama yerken patilerini kullanamad\u0131\u011f\u0131 i\u00e7in zorlan\u0131yor mudur? Ya da a\u011fa\u00e7lar yerlerinden hi\u00e7 hareket edemedi\u011fi i\u00e7in \u00e7ok s\u0131k\u0131l\u0131yor olabilir mi? Kar\u0131nlar\u0131nda birer cebi olan kangurular,<span class=\"excerpt-hellip\"> [\u2026]<\/span><\/p>\n","protected":false},"featured_media":0,"template":"","meta":{"_monsterinsights_skip_tracking":false,"_monsterinsights_sitenote_active":false,"_monsterinsights_sitenote_note":"","_monsterinsights_sitenote_category":0},"product_brand":[],"product_cat":[12274,12518],"product_tag":[],"class_list":{"0":"post-735482","1":"product","2":"type-product","3":"status-publish","5":"product_cat-cocuk-ve-genclik-kitaplari","6":"product_cat-okul-oncesi-kitaplar","7":"pa_cilt-ciltsiz","8":"pa_tur-kitap","9":"pa_yayinevi-ithaki-yayinlari","10":"pa_yazar-arzu-ucar","12":"first","13":"instock","14":"sale","15":"shipping-taxable","16":"purchasable","17":"product-type-simple"},"_links":{"self":[{"href":"https:\/\/roveyayinevi.com.tr\/index.php\/wp-json\/wp\/v2\/product\/735482","targetHints":{"allow":["GET"]}}],"collection":[{"href":"https:\/\/roveyayinevi.com.tr\/index.php\/wp-json\/wp\/v2\/product"}],"about":[{"href":"https:\/\/roveyayinevi.com.tr\/index.php\/wp-json\/wp\/v2\/types\/product"}],"wp:attachment":[{"href":"https:\/\/roveyayinevi.com.tr\/index.php\/wp-json\/wp\/v2\/media?parent=735482"}],"wp:term":[{"taxonomy":"product_brand","embeddable":true,"href":"https:\/\/roveyayinevi.com.tr\/index.php\/wp-json\/wp\/v2\/product_brand?post=735482"},{"taxonomy":"product_cat","embeddable":true,"href":"https:\/\/roveyayinevi.com.tr\/index.php\/wp-json\/wp\/v2\/product_cat?post=735482"},{"taxonomy":"product_tag","embeddable":true,"href":"https:\/\/roveyayinevi.com.tr\/index.php\/wp-json\/wp\/v2\/product_tag?post=735482"}],"curies":[{"name":"wp","href":"https:\/\/api.w.org\/{rel}","templated":true}]}}