{"id":735481,"date":"2025-08-27T22:48:44","date_gmt":"2025-08-27T19:48:44","guid":{"rendered":"https:\/\/roveyayinevi.com.tr\/index.php\/urun\/ilk-adimlar\/"},"modified":"2026-04-16T02:43:48","modified_gmt":"2026-04-15T23:43:48","slug":"ilk-adimlar","status":"publish","type":"product","link":"https:\/\/roveyayinevi.com.tr\/index.php\/urun\/ilk-adimlar\/","title":{"rendered":"\u0130lk Ad\u0131mlar"},"content":{"rendered":"<p>Ge\u00e7mi\u015fimizin hik\u00e2yesini ve insan\u0131n evrimine bak\u0131\u015f a\u00e7\u0131m\u0131z\u0131 de\u011fi\u015ftiren yeni ke\u015fifleri derinlemesine inceleyerek, dik y\u00fcr\u00fcmenin bu gezegendeki t\u00fcm t\u00fcrlerin \u00fczerinde y\u00fckselmemize nas\u0131l yard\u0131mc\u0131 oldu\u011funun \u00e7arp\u0131c\u0131 ve ilgi \u00e7ekici hik\u00e2yesi.   D\u00f6rt ayak yerine iki ayak \u00fczerinde y\u00fcr\u00fcyen, yani bipedal olan tek memeli insand\u0131r. Bipedalizm, insan\u0131 gezegendeki en tehlikeli, b\u00fcy\u00fcleyici ve bask\u0131n t\u00fcr k\u0131lan, k\u0131sacas\u0131 insan\u0131 insan yapan \u00f6zelli\u011fidir. Hepimiz dik duran bireyler olmaya u\u011fra\u015f\u0131r\u0131z, e\u011filip b\u00fck\u00fclmeden ya\u015fayanlar\u0131 onurland\u0131r\u0131r\u0131z. Birbirimizin izinden gider ve bir \u00e7ocu\u011fun att\u0131\u011f\u0131 ilk ad\u0131mlar\u0131 kutlar\u0131z. Peki ama ilk ad\u0131mlar\u0131m\u0131z\u0131 tam olarak neden ve nas\u0131l att\u0131k? Ve ne pahas\u0131na?   \u0130lk Ad\u0131mlar\u2019da Paleoantropolog Jeremy DeSilva, okuru insan soyunun k\u00f6kenlerine 7 milyon y\u0131ll\u0131k bir yolculu\u011fa \u00e7\u0131kararak dik y\u00fcr\u00fcmenin konu\u015fmam\u0131zdan teknolojik becerilerimize kadar bir\u00e7ok niteli\u011fimize a\u00e7\u0131lan bir kap\u0131 oldu\u011funu, dahas\u0131 t\u00fcr\u00fcm\u00fcz\u00fcn \u015fefkatli, empati sahibi ve fedak\u00e2r olmas\u0131n\u0131n temelini atm\u0131\u015f olabilece\u011fini g\u00f6steriyor. DeSilva, geli\u015fim psikolojisi laboratuvarlar\u0131ndan, Afrika ve Avrasya\u2019daki antik fosil alanlar\u0131na, iki ayak \u00fczerinde y\u00fcr\u00fcme maceram\u0131z\u0131 g\u00f6zler \u00f6n\u00fcne seriyor.   \u201cDik y\u00fcr\u00fcmek, el becerimizden t\u00fcys\u00fcz bedenlerimize ve b\u00fcy\u00fck beyinlerimize kadar, insan\u0131n e\u015fsizli\u011fini garanti alt\u0131na ald\u0131. DeSilva bunun nas\u0131l ger\u00e7ekle\u015fti\u011fini b\u00fcy\u00fcleyici ve kolay anla\u015f\u0131l\u0131r bir dille anlat\u0131yor.\u201d \u2013Ian Tattersall, Gezegenin Efendileri kitab\u0131n\u0131n yazar\u0131   \u201cDeSilva, belirli bir hareket bi\u00e7iminin bizi d\u00fcnyan\u0131n en harika, tehlikeli ve b\u00fcy\u00fcleyici t\u00fcrlerinden biri haline getirmeye nas\u0131l yard\u0131mc\u0131 oldu\u011funu anlatmak i\u00e7in okuru tarih, anatomi ve evrimin derinliklerinde harika, e\u011flenceli ve bilimsel olarak bir gezintiye \u00e7\u0131kar\u0131yor.\u201d \u2013Agust\u00edn Fuentes, Princeton \u00dcniversitesi\u2019nde Antropoloji Profes\u00f6r\u00fc \u201cDeSilva, insan ve kuyruksuz maymunlar\u0131n evrimi konusunda uzman ge\u00e7mi\u015fiyle sa\u011flam bir bilimsel vaka ortaya koyuyor\u2026 Eri\u015filebilir, de\u011ferli pop\u00fcler antropoloji.\u201d \u2013Kirkus Review   \u201cDeSilva, \u00f6nemli ama \u00e7o\u011fu zaman g\u00f6zden ka\u00e7an g\u00f6zlemleri tespit etme yetene\u011fine sahip\u2026 \u0130nsan\u0131n evrimi konusu \u2013\u00f6zellikle de kuyruksuz maymun ve hominin atalar\u0131 aras\u0131ndaki ili\u015fkilerle ilgili tart\u0131\u015fmalar\u2013 g\u00f6z korkutucu olsa bile, DeSilva cana yak\u0131n bir dil kullan\u0131yor ve her zaman ilgi \u00e7ekici kalmay\u0131 ba\u015far\u0131yor.\u201d \u2013Library Journal    \u201cBipedalizmin tarihinde h\u0131zl\u0131 bir gezinti&#8230; DeSilva\u2019n\u0131n anatomik kan\u0131tlar\u0131, odakl\u0131 bir insan evrimi hik\u00e2yesine d\u00f6n\u00fc\u015ft\u00fcrme yetene\u011fi ve ara\u015ft\u0131rma hevesi, okurlar\u0131 hem bilgilendirecek hem de keyiflendirecek.\u201d \u2013Publishers Weekly   \u201cSaha ve laboratuvar \u00e7al\u0131\u015fmalar\u0131ndan edinilen anekdotlar ile bilimsel bulgular\u0131, k\u00fclt\u00fcrel referanslarla harmanlayan, pop\u00fcler bilimin en iyi hali.\u201d \u2013Science News <\/p>\n","protected":false},"excerpt":{"rendered":"<p>Ge\u00e7mi\u015fimizin hik\u00e2yesini ve insan\u0131n evrimine bak\u0131\u015f a\u00e7\u0131m\u0131z\u0131 de\u011fi\u015ftiren yeni ke\u015fifleri derinlemesine inceleyerek, dik y\u00fcr\u00fcmenin bu gezegendeki t\u00fcm t\u00fcrlerin \u00fczerinde y\u00fckselmemize nas\u0131l yard\u0131mc\u0131 oldu\u011funun \u00e7arp\u0131c\u0131 ve ilgi<span class=\"excerpt-hellip\"> [\u2026]<\/span><\/p>\n","protected":false},"featured_media":0,"template":"","meta":{"_monsterinsights_skip_tracking":false,"_monsterinsights_sitenote_active":false,"_monsterinsights_sitenote_note":"","_monsterinsights_sitenote_category":0},"product_brand":[],"product_cat":[12370,12304],"product_tag":[],"class_list":{"0":"post-735481","1":"product","2":"type-product","3":"status-publish","5":"product_cat-arastirma-inceleme","6":"product_cat-tarih","7":"pa_cilt-ciltsiz","8":"pa_tur-kitap","9":"pa_yayinevi-nova-kitap","10":"pa_yazar-jeremy-desilva","12":"first","13":"instock","14":"sale","15":"shipping-taxable","16":"purchasable","17":"product-type-simple"},"_links":{"self":[{"href":"https:\/\/roveyayinevi.com.tr\/index.php\/wp-json\/wp\/v2\/product\/735481","targetHints":{"allow":["GET"]}}],"collection":[{"href":"https:\/\/roveyayinevi.com.tr\/index.php\/wp-json\/wp\/v2\/product"}],"about":[{"href":"https:\/\/roveyayinevi.com.tr\/index.php\/wp-json\/wp\/v2\/types\/product"}],"wp:attachment":[{"href":"https:\/\/roveyayinevi.com.tr\/index.php\/wp-json\/wp\/v2\/media?parent=735481"}],"wp:term":[{"taxonomy":"product_brand","embeddable":true,"href":"https:\/\/roveyayinevi.com.tr\/index.php\/wp-json\/wp\/v2\/product_brand?post=735481"},{"taxonomy":"product_cat","embeddable":true,"href":"https:\/\/roveyayinevi.com.tr\/index.php\/wp-json\/wp\/v2\/product_cat?post=735481"},{"taxonomy":"product_tag","embeddable":true,"href":"https:\/\/roveyayinevi.com.tr\/index.php\/wp-json\/wp\/v2\/product_tag?post=735481"}],"curies":[{"name":"wp","href":"https:\/\/api.w.org\/{rel}","templated":true}]}}