{"id":735480,"date":"2025-08-27T22:48:42","date_gmt":"2025-08-27T19:48:42","guid":{"rendered":"https:\/\/roveyayinevi.com.tr\/index.php\/urun\/isigin-anisi-zaman-carki-14\/"},"modified":"2026-04-16T02:43:48","modified_gmt":"2026-04-15T23:43:48","slug":"isigin-anisi-zaman-carki-14","status":"publish","type":"product","link":"https:\/\/roveyayinevi.com.tr\/index.php\/urun\/isigin-anisi-zaman-carki-14\/","title":{"rendered":"I\u015f\u0131\u011f\u0131n An\u0131s\u0131 &#8211; Zaman \u00c7ark\u0131 14"},"content":{"rendered":"<p>\u201cZaman \u00c7ark\u0131 d\u00f6ner, \u00c7a\u011flar gelip ge\u00e7er, efsanele\u015fen an\u0131lar b\u0131rak\u0131r ard\u0131nda. Efsaneler solarak mit olur ve onlar\u0131 do\u011furan \u00c7a\u011f yeniden geldi\u011finde mitler bile unutulur.\u201dFantastik edebiyat\u0131n devi Robert Jordan\u2019\u0131n kaleminden \u00e7\u0131kan Zaman \u00c7ark\u0131 destan\u0131 d\u00fcnya \u00e7ap\u0131nda milyonlar\u0131n hayal g\u00fcc\u00fcnde yer etti. Ayr\u0131nt\u0131l\u0131 d\u00fcnyas\u0131, en ince detay\u0131na kadar d\u00fc\u015f\u00fcn\u00fclm\u00fc\u015f b\u00fcy\u00fc sistemi, g\u00f6n\u00fcllere taht kuran karakterleri Zaman \u00c7ark\u0131\u2019n\u0131n okurlar taraf\u0131ndan bu kadar sevilmesinin sadece birka\u00e7 sebebi. Zaman \u00c7ark\u0131\u2019n\u0131n etkileri, Patrick Rothfuss, Brandon Sanderson, Brent Weeks gibi g\u00fcn\u00fcm\u00fcz\u00fcn en b\u00fcy\u00fck fantastik yazarlar\u0131n\u0131n eserlerinde g\u00f6r\u00fclebilir.   Son Uluslar\u0131n h\u00fck\u00fcmdarlar\u0131 Merrilor Meydan\u0131\u2019nda toplanm\u0131\u015ft\u0131. Ya Yenidendo\u011fan Ejder Rand al\u2019Thor\u2019a kat\u0131lacaklar ya da Karanl\u0131k Varl\u0131k\u2019\u0131n zindan\u0131n\u0131n m\u00fch\u00fcrlerini k\u0131rma plan\u0131n\u0131 engelleyeceklerdi. Rand\u2019\u0131n nihai plan\u0131 delili\u011finin bir i\u015fareti de olabilirdi, d\u00fcnyan\u0131n son umudu da. Egwene ise bunun delilik oldu\u011funu d\u00fc\u015f\u00fcn\u00fcyordu.   Andor\u2019da, Trolloclar Caemlyn\u2019i ele ge\u00e7irmi\u015fti. Perrin Aybara kurt d\u00fc\u015f\u00fcnde Katil\u2019le sava\u015f\u0131yordu. Ebou Dar\u2019a yakla\u015fan Mat\u2019in plan\u0131 art\u0131k Seanchan \u0130mparatori\u00e7esi Fortuona olan kar\u0131s\u0131 Tuon\u2019u ziyaret etmekti.   D\u00fcnyan\u0131n ak\u0131beti Shayol Ghul\u2019de belli olacakt\u0131. \u00c7ark d\u00f6n\u00fcyordu, dokuyordu ve \u00c7a\u011f\u2019\u0131n sonu geliyordu. Son Sava\u015f herkesin kaderini belirleyecekti.   Ejderha, bir kez daha zaman\u0131n r\u00fczg\u00e2rlar\u0131nda havalanacak.   \u201cRobert Jordan, kadim fantastik edebiyat gelene\u011finde yap\u0131lacak daha \u00e7ok \u015fey oldu\u011funu g\u00f6steriyor.\u201d \u2013Orson Scott Card   \u201cZaman \u00c7ark\u0131 kitaplar\u0131 hayat\u0131mda bir d\u00f6n\u00fcm noktas\u0131.\u201d \u2013Robin Hobb <\/p>\n","protected":false},"excerpt":{"rendered":"<p>\u201cZaman \u00c7ark\u0131 d\u00f6ner, \u00c7a\u011flar gelip ge\u00e7er, efsanele\u015fen an\u0131lar b\u0131rak\u0131r ard\u0131nda. Efsaneler solarak mit olur ve onlar\u0131 do\u011furan \u00c7a\u011f yeniden geldi\u011finde mitler bile unutulur.\u201dFantastik edebiyat\u0131n devi Robert<span class=\"excerpt-hellip\"> [\u2026]<\/span><\/p>\n","protected":false},"featured_media":0,"template":"","meta":{"_monsterinsights_skip_tracking":false,"_monsterinsights_sitenote_active":false,"_monsterinsights_sitenote_note":"","_monsterinsights_sitenote_category":0},"product_brand":[],"product_cat":[12291,14777],"product_tag":[],"class_list":{"0":"post-735480","1":"product","2":"type-product","3":"status-publish","5":"product_cat-edebiyat","6":"product_cat-fantastik","7":"pa_cilt-ciltsiz","8":"pa_tur-kitap","9":"pa_yayinevi-ithaki-yayinlari","10":"pa_yazar-robert-jordan-brandon-sanderson","12":"first","13":"instock","14":"sale","15":"shipping-taxable","16":"purchasable","17":"product-type-simple"},"_links":{"self":[{"href":"https:\/\/roveyayinevi.com.tr\/index.php\/wp-json\/wp\/v2\/product\/735480","targetHints":{"allow":["GET"]}}],"collection":[{"href":"https:\/\/roveyayinevi.com.tr\/index.php\/wp-json\/wp\/v2\/product"}],"about":[{"href":"https:\/\/roveyayinevi.com.tr\/index.php\/wp-json\/wp\/v2\/types\/product"}],"wp:attachment":[{"href":"https:\/\/roveyayinevi.com.tr\/index.php\/wp-json\/wp\/v2\/media?parent=735480"}],"wp:term":[{"taxonomy":"product_brand","embeddable":true,"href":"https:\/\/roveyayinevi.com.tr\/index.php\/wp-json\/wp\/v2\/product_brand?post=735480"},{"taxonomy":"product_cat","embeddable":true,"href":"https:\/\/roveyayinevi.com.tr\/index.php\/wp-json\/wp\/v2\/product_cat?post=735480"},{"taxonomy":"product_tag","embeddable":true,"href":"https:\/\/roveyayinevi.com.tr\/index.php\/wp-json\/wp\/v2\/product_tag?post=735480"}],"curies":[{"name":"wp","href":"https:\/\/api.w.org\/{rel}","templated":true}]}}