{"id":735478,"date":"2025-08-27T22:48:40","date_gmt":"2025-08-27T19:48:40","guid":{"rendered":"https:\/\/roveyayinevi.com.tr\/index.php\/urun\/yesil-bambu-ve-diger-fantastik-oykuler\/"},"modified":"2026-04-16T02:43:47","modified_gmt":"2026-04-15T23:43:47","slug":"yesil-bambu-ve-diger-fantastik-oykuler","status":"publish","type":"product","link":"https:\/\/roveyayinevi.com.tr\/index.php\/urun\/yesil-bambu-ve-diger-fantastik-oykuler\/","title":{"rendered":"Ye\u015fil Bambu ve Di\u011fer Fantastik \u00d6yk\u00fcler"},"content":{"rendered":"<p>\u201cO y\u0131l\u0131n bir sonbahar g\u00fcn\u00fcnde Saburou birini \u00f6ld\u00fcrd\u00fc. Bir oyun arkada\u015f\u0131n\u0131 Kototoi K\u00f6pr\u00fcs\u00fc\u2019nden Sumida Nehri\u2019ne itti. Ki\u015fisel bir sebebi yoktu. Tabancay\u0131 kendi ba\u015f\u0131na dayay\u0131p ate\u015f etmek isteyen birinin d\u00fcrt\u00fcs\u00fcne tamamen benzer bir d\u00fcrt\u00fc taraf\u0131ndan ele ge\u00e7irilmi\u015fti.\u201d   Yirminci y\u00fczy\u0131l Japon edebiyat\u0131n\u0131n \u00f6nde gelen yazarlar\u0131ndan, \u201cs\u0131rad\u0131\u015f\u0131\u201d hayat\u0131yla da me\u015fhur Osamu Dazai, Ye\u015fil Bambu ve Di\u011fer Fantastik \u00d6yk\u00fcler\u2019de Japon masallar\u0131ndaki tipik su perilerini, denizk\u0131zlar\u0131n\u0131 ve intikamc\u0131 hayaletleri kendine has \u00fcslubuyla yorumlayarak fantastik bir alegori, \u00e7arp\u0131k bir masal d\u00fcnyas\u0131 ortaya \u00e7\u0131kar\u0131yor.   Bu \u00f6yk\u00fc kitab\u0131nda bir denizk\u0131z\u0131 pe\u015finde helak olan samuray \u00c7\u00fbd\u00f4 Konnai\u2019dan onurlu yoksullu\u011funun alt\u00fcst olmamas\u0131 i\u00e7in elinden geleni ard\u0131na koymayan krizantem sevdal\u0131s\u0131 Sainosuke\u2019ye, para pe\u015findeki yalanc\u0131 Saburou\u2019dan k\u0131z pe\u015finde kendini yak\u0131\u015f\u0131kl\u0131 birine d\u00f6n\u00fc\u015ft\u00fcrmek isteyen sihirbaz Tarou\u2019ya kadar hi\u00e7 kimse, Dazai\u2019nin ac\u0131mas\u0131z ve mizahi kaleminden kurtulam\u0131yor. <\/p>\n","protected":false},"excerpt":{"rendered":"<p>\u201cO y\u0131l\u0131n bir sonbahar g\u00fcn\u00fcnde Saburou birini \u00f6ld\u00fcrd\u00fc. Bir oyun arkada\u015f\u0131n\u0131 Kototoi K\u00f6pr\u00fcs\u00fc\u2019nden Sumida Nehri\u2019ne itti. Ki\u015fisel bir sebebi yoktu. Tabancay\u0131 kendi ba\u015f\u0131na dayay\u0131p ate\u015f etmek<span class=\"excerpt-hellip\"> [\u2026]<\/span><\/p>\n","protected":false},"featured_media":0,"template":"","meta":{"_monsterinsights_skip_tracking":false,"_monsterinsights_sitenote_active":false,"_monsterinsights_sitenote_note":"","_monsterinsights_sitenote_category":0},"product_brand":[],"product_cat":[12291,14777],"product_tag":[],"class_list":{"0":"post-735478","1":"product","2":"type-product","3":"status-publish","5":"product_cat-edebiyat","6":"product_cat-fantastik","7":"pa_cilt-ciltsiz","8":"pa_tur-kitap","9":"pa_yayinevi-ithaki-yayinlari","10":"pa_yazar-osamu-dazai","12":"first","13":"instock","14":"sale","15":"shipping-taxable","16":"purchasable","17":"product-type-simple"},"_links":{"self":[{"href":"https:\/\/roveyayinevi.com.tr\/index.php\/wp-json\/wp\/v2\/product\/735478","targetHints":{"allow":["GET"]}}],"collection":[{"href":"https:\/\/roveyayinevi.com.tr\/index.php\/wp-json\/wp\/v2\/product"}],"about":[{"href":"https:\/\/roveyayinevi.com.tr\/index.php\/wp-json\/wp\/v2\/types\/product"}],"wp:attachment":[{"href":"https:\/\/roveyayinevi.com.tr\/index.php\/wp-json\/wp\/v2\/media?parent=735478"}],"wp:term":[{"taxonomy":"product_brand","embeddable":true,"href":"https:\/\/roveyayinevi.com.tr\/index.php\/wp-json\/wp\/v2\/product_brand?post=735478"},{"taxonomy":"product_cat","embeddable":true,"href":"https:\/\/roveyayinevi.com.tr\/index.php\/wp-json\/wp\/v2\/product_cat?post=735478"},{"taxonomy":"product_tag","embeddable":true,"href":"https:\/\/roveyayinevi.com.tr\/index.php\/wp-json\/wp\/v2\/product_tag?post=735478"}],"curies":[{"name":"wp","href":"https:\/\/api.w.org\/{rel}","templated":true}]}}