{"id":735476,"date":"2025-08-27T22:48:38","date_gmt":"2025-08-27T19:48:38","guid":{"rendered":"https:\/\/roveyayinevi.com.tr\/index.php\/urun\/sarmasik-2\/"},"modified":"2026-04-16T02:43:47","modified_gmt":"2026-04-15T23:43:47","slug":"sarmasik-2","status":"publish","type":"product","link":"https:\/\/roveyayinevi.com.tr\/index.php\/urun\/sarmasik-2\/","title":{"rendered":"Sarma\u015f\u0131k"},"content":{"rendered":"<p>2021 LAMBDA EDEB\u0130YAT \u00d6D\u00dcL\u00dc F\u0130NAL\u0130ST\u0130Chana Porter ilk roman\u0131 Sarma\u015f\u0131k\u2019ta uygarl\u0131\u011fa zarardan \u00e7ok faydas\u0131 dokunacak gibi g\u00f6r\u00fcnen bir uzayl\u0131 istilas\u0131n\u0131n \u015fekillendirdi\u011fi yeni ve tuhaf bir d\u00fcnyan\u0131n ke\u015ffine \u00e7\u0131k\u0131yor. Toplumsal ele\u015ftiri ile spek\u00fclatif kurgu i\u00e7 i\u00e7e ge\u00e7erken, \u00fctopya edebiyat\u0131nda yeni bir sayfa a\u00e7\u0131l\u0131yor.   Sarma\u015f\u0131k ad\u0131 verilen uzayl\u0131 varl\u0131\u011f\u0131n geli\u015fiyle birlikte d\u00fcnya yeni bir \u00e7a\u011f\u0131n e\u015fi\u011fine varm\u0131\u015ft\u0131r. Kapitalizm \u00e7\u00f6ker, s\u0131n\u0131rlar kalkar, art\u0131k bir \u015feyin ger\u00e7ekle\u015fmesi i\u00e7in d\u00fc\u015flenmesi yeterlidir. Trina ve e\u015fi Deeba bu \u00fctopik d\u00fcnyan\u0131n tad\u0131n\u0131 \u00e7\u0131kard\u0131ktan bir s\u00fcre sonra Deeba yeniden do\u011fup hayata bir bebek olarak gelmenin hayalini kurar. Bu, \u00f6l\u00fcms\u00fczl\u00fc\u011f\u00fcn de \u00f6tesinde bir durumdur ve Sarma\u015f\u0131k teknolojisiyle ger\u00e7ekle\u015fmesi m\u00fcmk\u00fcnd\u00fcr ama Deeba\u2019n\u0131n yeniden do\u011fmas\u0131 ayn\u0131 zamanda onun \u00f6lece\u011fi anlam\u0131na da gelir. Deeba, bu yepyeni varolu\u015f f\u0131rsat\u0131n\u0131 de\u011ferlendirirken, geride kalan Trina onun yoklu\u011fuyla ba\u015f etmekte zorlanacakt\u0131r.   Yeni d\u00fcnyan\u0131n \u015fartlar\u0131n\u0131 sorgulamaya ba\u015flayan Trina\u2019n\u0131n kar\u015f\u0131s\u0131na bu istiladan kurtar\u0131lmas\u0131 gereken gizemli bir \u00e7ocuk \u00e7\u0131kt\u0131ktan sonra, Trina\u2019n\u0131n kendi hayat\u0131nda da yeni bir ad\u0131m atmas\u0131 ve bir \u015feyleri de\u011fi\u015ftirmesi icap edecektir. Sarma\u015f\u0131k, pembe d\u00fc\u015fler ile k\u00e2buslar aras\u0131ndaki \u00e7izginin bir g\u00f6r\u00fcn\u00fcp bir kayboldu\u011fu, k\u0131yamet sonras\u0131 de\u011fil, saadet sonras\u0131 bir hayatta kalma \u00f6yk\u00fcs\u00fc.   \u201cE\u015fsiz bir uzayl\u0131 istilas\u0131 \u00f6yk\u00fcs\u00fc.\u201d \u2013Jeff VanderMeer   \u201c\u00dctopyalar\u0131n s\u0131k\u0131c\u0131, didaktik ve kurgusal anlamda yetersiz oldu\u011funa dair yanl\u0131\u015f bir kan\u0131 mevcut. Neyse ki Chana Porter var da bu etkileyici kitab\u0131yla o safsatay\u0131 yerle bir ediyor.\u201d \u2013China Mi\u00e9ville   \u201cPorter\u2019\u0131n bize g\u00f6sterdi\u011fi gibi, d\u00fcnyan\u0131n sonu kolay geliyor, as\u0131l m\u00fccadele yeni bir d\u00fcnya kurmakta yat\u0131yor.\u201d \u2013Rachel Pollack <\/p>\n","protected":false},"excerpt":{"rendered":"<p>2021 LAMBDA EDEB\u0130YAT \u00d6D\u00dcL\u00dc F\u0130NAL\u0130ST\u0130Chana Porter ilk roman\u0131 Sarma\u015f\u0131k\u2019ta uygarl\u0131\u011fa zarardan \u00e7ok faydas\u0131 dokunacak gibi g\u00f6r\u00fcnen bir uzayl\u0131 istilas\u0131n\u0131n \u015fekillendirdi\u011fi yeni ve tuhaf bir d\u00fcnyan\u0131n ke\u015ffine<span class=\"excerpt-hellip\"> [\u2026]<\/span><\/p>\n","protected":false},"featured_media":0,"template":"","meta":{"_monsterinsights_skip_tracking":false,"_monsterinsights_sitenote_active":false,"_monsterinsights_sitenote_note":"","_monsterinsights_sitenote_category":0},"product_brand":[],"product_cat":[12540,12291],"product_tag":[],"class_list":{"0":"post-735476","1":"product","2":"type-product","3":"status-publish","5":"product_cat-bilim-kurgu","6":"product_cat-edebiyat","7":"pa_cilt-ciltsiz","8":"pa_tur-kitap","9":"pa_yayinevi-ithaki-yayinlari","10":"pa_yazar-chana-porter","12":"first","13":"instock","14":"sale","15":"shipping-taxable","16":"purchasable","17":"product-type-simple"},"_links":{"self":[{"href":"https:\/\/roveyayinevi.com.tr\/index.php\/wp-json\/wp\/v2\/product\/735476","targetHints":{"allow":["GET"]}}],"collection":[{"href":"https:\/\/roveyayinevi.com.tr\/index.php\/wp-json\/wp\/v2\/product"}],"about":[{"href":"https:\/\/roveyayinevi.com.tr\/index.php\/wp-json\/wp\/v2\/types\/product"}],"wp:attachment":[{"href":"https:\/\/roveyayinevi.com.tr\/index.php\/wp-json\/wp\/v2\/media?parent=735476"}],"wp:term":[{"taxonomy":"product_brand","embeddable":true,"href":"https:\/\/roveyayinevi.com.tr\/index.php\/wp-json\/wp\/v2\/product_brand?post=735476"},{"taxonomy":"product_cat","embeddable":true,"href":"https:\/\/roveyayinevi.com.tr\/index.php\/wp-json\/wp\/v2\/product_cat?post=735476"},{"taxonomy":"product_tag","embeddable":true,"href":"https:\/\/roveyayinevi.com.tr\/index.php\/wp-json\/wp\/v2\/product_tag?post=735476"}],"curies":[{"name":"wp","href":"https:\/\/api.w.org\/{rel}","templated":true}]}}