{"id":735475,"date":"2025-08-27T22:48:36","date_gmt":"2025-08-27T19:48:36","guid":{"rendered":"https:\/\/roveyayinevi.com.tr\/index.php\/urun\/saturn-evleri-1-cilt\/"},"modified":"2026-04-16T02:43:47","modified_gmt":"2026-04-15T23:43:47","slug":"saturn-evleri-1-cilt","status":"publish","type":"product","link":"https:\/\/roveyayinevi.com.tr\/index.php\/urun\/saturn-evleri-1-cilt\/","title":{"rendered":"Sat\u00fcrn Evleri 1. Cilt"},"content":{"rendered":"<p>D\u00fcnya koruma alan\u0131 ilan edilmi\u015f ve terk edilmi\u015fti. \u0130nsanlar art\u0131k 35 kilometre yukar\u0131da, halka \u015feklinde in\u015fa edilmi\u015f bir yap\u0131da ya\u015f\u0131yordu. Ortaokuldan mezun olan Mitsu\u2019nun i\u015fi bu yap\u0131n\u0131n, yani Sat\u00fcrn Evleri\u2019nin camlar\u0131n\u0131 silmekti. Mitsu, varl\u0131\u011f\u0131n\u0131n ve yapt\u0131klar\u0131 i\u015fin anlam\u0131n\u0131 aramak i\u00e7in uzaya ad\u0131m atacakt\u0131. <\/p>\n","protected":false},"excerpt":{"rendered":"<p>D\u00fcnya koruma alan\u0131 ilan edilmi\u015f ve terk edilmi\u015fti. \u0130nsanlar art\u0131k 35 kilometre yukar\u0131da, halka \u015feklinde in\u015fa edilmi\u015f bir yap\u0131da ya\u015f\u0131yordu. Ortaokuldan mezun olan Mitsu\u2019nun i\u015fi bu<span class=\"excerpt-hellip\"> [\u2026]<\/span><\/p>\n","protected":false},"featured_media":0,"template":"","meta":{"_monsterinsights_skip_tracking":false,"_monsterinsights_sitenote_active":false,"_monsterinsights_sitenote_note":"","_monsterinsights_sitenote_category":0},"product_brand":[],"product_cat":[12416,12291],"product_tag":[],"class_list":{"0":"post-735475","1":"product","2":"type-product","3":"status-publish","5":"product_cat-cizgi-roman","6":"product_cat-edebiyat","7":"pa_cilt-ciltsiz","8":"pa_tur-kitap","9":"pa_yayinevi-ithaki-yayinlari","10":"pa_yazar-hisae-ivaoka","12":"first","13":"instock","14":"sale","15":"shipping-taxable","16":"purchasable","17":"product-type-simple"},"_links":{"self":[{"href":"https:\/\/roveyayinevi.com.tr\/index.php\/wp-json\/wp\/v2\/product\/735475","targetHints":{"allow":["GET"]}}],"collection":[{"href":"https:\/\/roveyayinevi.com.tr\/index.php\/wp-json\/wp\/v2\/product"}],"about":[{"href":"https:\/\/roveyayinevi.com.tr\/index.php\/wp-json\/wp\/v2\/types\/product"}],"wp:attachment":[{"href":"https:\/\/roveyayinevi.com.tr\/index.php\/wp-json\/wp\/v2\/media?parent=735475"}],"wp:term":[{"taxonomy":"product_brand","embeddable":true,"href":"https:\/\/roveyayinevi.com.tr\/index.php\/wp-json\/wp\/v2\/product_brand?post=735475"},{"taxonomy":"product_cat","embeddable":true,"href":"https:\/\/roveyayinevi.com.tr\/index.php\/wp-json\/wp\/v2\/product_cat?post=735475"},{"taxonomy":"product_tag","embeddable":true,"href":"https:\/\/roveyayinevi.com.tr\/index.php\/wp-json\/wp\/v2\/product_tag?post=735475"}],"curies":[{"name":"wp","href":"https:\/\/api.w.org\/{rel}","templated":true}]}}