{"id":735473,"date":"2025-08-27T22:48:34","date_gmt":"2025-08-27T19:48:34","guid":{"rendered":"https:\/\/roveyayinevi.com.tr\/index.php\/urun\/ozel-cografya-dersleri\/"},"modified":"2026-04-16T02:43:47","modified_gmt":"2026-04-15T23:43:47","slug":"ozel-cografya-dersleri","status":"publish","type":"product","link":"https:\/\/roveyayinevi.com.tr\/index.php\/urun\/ozel-cografya-dersleri\/","title":{"rendered":"\u00d6zel Co\u011frafya Dersleri"},"content":{"rendered":"<p>\u201cannem zeytin babam k\u00f6m\u00fcrd\u00fc \u015fimdi ikisi de kara toprak bir resim yapt\u0131m \u00f6\u011fretmenime o resmime bak\u0131yordu a\u011flayarak\u201d Hidayet Karaku\u015f&#8217;un daha \u00f6nce Kaynak Yay\u0131nlar\u0131 taraf\u0131ndan \u201c\u00c7ak\u0131l ta\u015f\u0131\u201d ismiyle bas\u0131lan kitab\u0131n\u0131, yeniden d\u00fczenlenmi\u015f ve yeni \u015fiirlerle geni\u015fletilmi\u015f olarak sunuyoruz. <\/p>\n","protected":false},"excerpt":{"rendered":"<p>\u201cannem zeytin babam k\u00f6m\u00fcrd\u00fc \u015fimdi ikisi de kara toprak bir resim yapt\u0131m \u00f6\u011fretmenime o resmime bak\u0131yordu a\u011flayarak\u201d Hidayet Karaku\u015f&#8217;un daha \u00f6nce Kaynak Yay\u0131nlar\u0131 taraf\u0131ndan \u201c\u00c7ak\u0131l ta\u015f\u0131\u201d<span class=\"excerpt-hellip\"> [\u2026]<\/span><\/p>\n","protected":false},"featured_media":0,"template":"","meta":{"_monsterinsights_skip_tracking":false,"_monsterinsights_sitenote_active":false,"_monsterinsights_sitenote_note":"","_monsterinsights_sitenote_category":0},"product_brand":[],"product_cat":[12291,12509],"product_tag":[],"class_list":{"0":"post-735473","1":"product","2":"type-product","3":"status-publish","5":"product_cat-edebiyat","6":"product_cat-siir","7":"pa_cilt-ciltsiz","8":"pa_tur-kitap","9":"pa_yayinevi-bilgi-yayinevi","10":"pa_yazar-hidayet-karakus","12":"first","13":"instock","14":"sale","15":"shipping-taxable","16":"purchasable","17":"product-type-simple"},"_links":{"self":[{"href":"https:\/\/roveyayinevi.com.tr\/index.php\/wp-json\/wp\/v2\/product\/735473","targetHints":{"allow":["GET"]}}],"collection":[{"href":"https:\/\/roveyayinevi.com.tr\/index.php\/wp-json\/wp\/v2\/product"}],"about":[{"href":"https:\/\/roveyayinevi.com.tr\/index.php\/wp-json\/wp\/v2\/types\/product"}],"wp:attachment":[{"href":"https:\/\/roveyayinevi.com.tr\/index.php\/wp-json\/wp\/v2\/media?parent=735473"}],"wp:term":[{"taxonomy":"product_brand","embeddable":true,"href":"https:\/\/roveyayinevi.com.tr\/index.php\/wp-json\/wp\/v2\/product_brand?post=735473"},{"taxonomy":"product_cat","embeddable":true,"href":"https:\/\/roveyayinevi.com.tr\/index.php\/wp-json\/wp\/v2\/product_cat?post=735473"},{"taxonomy":"product_tag","embeddable":true,"href":"https:\/\/roveyayinevi.com.tr\/index.php\/wp-json\/wp\/v2\/product_tag?post=735473"}],"curies":[{"name":"wp","href":"https:\/\/api.w.org\/{rel}","templated":true}]}}