{"id":735470,"date":"2025-08-27T22:48:31","date_gmt":"2025-08-27T19:48:31","guid":{"rendered":"https:\/\/roveyayinevi.com.tr\/index.php\/urun\/huzun-melikesi\/"},"modified":"2026-04-16T02:43:47","modified_gmt":"2026-04-15T23:43:47","slug":"huzun-melikesi","status":"publish","type":"product","link":"https:\/\/roveyayinevi.com.tr\/index.php\/urun\/huzun-melikesi\/","title":{"rendered":"H\u00fcz\u00fcn Melikesi"},"content":{"rendered":"<p>Sel\u00e7uklulara dair nitelikli \u00e7al\u0131\u015fmalar\u0131yla tan\u0131d\u0131\u011f\u0131m\u0131z Erkan G\u00f6ksu\u2019nun kaleminden bir tarihi roman: H\u00fcz\u00fcn Melikesi. G\u00f6ksu bu kitab\u0131nda bizleri 1242 y\u0131l\u0131 Anadolu\u2019suna g\u00f6t\u00fcr\u00fcyor ve Sel\u00e7uklu Melikesi Hond Hatun\u2019un h\u00fcz\u00fcn ve umut dolu hik\u00e2yesini anlat\u0131yor. Sultan Alaeddin Keykubad\u2019\u0131n \u015f\u00fcpheli vefat\u0131 sonras\u0131nda T\u00fcrkiye Sel\u00e7uklu Devleti taht\u0131na o\u011flu II. G\u0131yaseddin ge\u00e7er. Onun tahta oturmas\u0131nda etkili olan devlet adamlar\u0131ndan Sadeddin K\u00f6pek, gen\u00e7 sultan\u0131 kendi emellerine g\u00f6re y\u00f6nlendirmekte, devlet idaresinde geri d\u00f6n\u00fclemez hatalar i\u015flemesine sebep olmaktad\u0131r. Hond Hatun, karde\u015fi G\u0131yaseddin ve Sadeddin K\u00f6pek\u2019in k\u00f6t\u00fc y\u00f6netimine, cinayet ve zul\u00fcmlerine \u015fahit olduk\u00e7a b\u00fcy\u00fck \u00fcz\u00fcnt\u00fc duyar. Bu arada karde\u015fi G\u0131yaseddin\u2019in, babas\u0131n\u0131n \u00f6ld\u00fcr\u00fclmesi olay\u0131na kar\u0131\u015ft\u0131\u011f\u0131n\u0131 \u00f6\u011frenir. Bunun \u00fczerine Konya\u2019da daha fazla kalamaz. Yakla\u015fan Mo\u011fol tehdidi, Babai \u0130syan\u0131, ba\u015fs\u0131z kalm\u0131\u015f Harezmliler ve ba\u015fka s\u0131k\u0131nt\u0131lar\u0131n g\u00f6lgesi alt\u0131nda zor bir d\u00f6nem ge\u00e7iren Anadolu \u015fehirlerini dola\u015fmaya ba\u015flar. Gitti\u011fi her yerde bir hay\u0131r m\u00fcessesi kurmaya \u00e7al\u0131\u015fsa da Anadolu\u2019nun \u00fczerinde dola\u015fan kara bulutlar, ba\u015flatt\u0131\u011f\u0131 hi\u00e7bir in\u015faat\u0131n tamamlanmas\u0131n\u0131 g\u00f6rmesine izin vermez. Son dura\u011f\u0131 ise Erzurum olur. Burada \u00c7ifte Minareli Medrese\u2019yi yapt\u0131rmaya ba\u015flar. Bu s\u0131rada Erzurum S\u00fcba\u015f\u0131l\u0131\u011f\u0131na, Sinaneddin Yakut atan\u0131r. Sinaneddin\u2019le Hond Hatun aras\u0131nda eskiye dayanan dillenmemi\u015f bir sevda vard\u0131r. Her ikisi de y\u0131llar sonra bir araya gelmenin mutlulu\u011funu ya\u015farken, Mo\u011fol kas\u0131rgas\u0131 Erzurum\u2019a ula\u015f\u0131r. Bir Sel\u00e7uklu melikesinin h\u00fcz\u00fcnl\u00fc hik\u00e2yesini merkeze alarak T\u00fcrkiye Sel\u00e7uklu Devleti\u2019ni y\u0131k\u0131l\u0131\u015fa g\u00f6t\u00fcren s\u00fcreci anlatan H\u00fcz\u00fcn Melikesi, bir yandan Sel\u00e7uklu tarihinin unutulmaya y\u00fcz tutmu\u015f hat\u0131ralar\u0131n\u0131 canland\u0131r\u0131rken di\u011fer yandan da zihinlerde do\u011fru ve ger\u00e7ek bir Sel\u00e7uklu tasavvuru olu\u015fmas\u0131na katk\u0131 sa\u011flayan bir eser. <\/p>\n","protected":false},"excerpt":{"rendered":"<p>Sel\u00e7uklulara dair nitelikli \u00e7al\u0131\u015fmalar\u0131yla tan\u0131d\u0131\u011f\u0131m\u0131z Erkan G\u00f6ksu\u2019nun kaleminden bir tarihi roman: H\u00fcz\u00fcn Melikesi. G\u00f6ksu bu kitab\u0131nda bizleri 1242 y\u0131l\u0131 Anadolu\u2019suna g\u00f6t\u00fcr\u00fcyor ve Sel\u00e7uklu Melikesi Hond Hatun\u2019un<span class=\"excerpt-hellip\"> [\u2026]<\/span><\/p>\n","protected":false},"featured_media":0,"template":"","meta":{"_monsterinsights_skip_tracking":false,"_monsterinsights_sitenote_active":false,"_monsterinsights_sitenote_note":"","_monsterinsights_sitenote_category":0},"product_brand":[],"product_cat":[12291,12745],"product_tag":[],"class_list":{"0":"post-735470","1":"product","2":"type-product","3":"status-publish","5":"product_cat-edebiyat","6":"product_cat-tarihi-roman","7":"pa_cilt-ciltsiz","8":"pa_tur-kitap","9":"pa_yayinevi-kronik-kitap","10":"pa_yazar-erkan-goksu","12":"first","13":"instock","14":"sale","15":"shipping-taxable","16":"purchasable","17":"product-type-simple"},"_links":{"self":[{"href":"https:\/\/roveyayinevi.com.tr\/index.php\/wp-json\/wp\/v2\/product\/735470","targetHints":{"allow":["GET"]}}],"collection":[{"href":"https:\/\/roveyayinevi.com.tr\/index.php\/wp-json\/wp\/v2\/product"}],"about":[{"href":"https:\/\/roveyayinevi.com.tr\/index.php\/wp-json\/wp\/v2\/types\/product"}],"wp:attachment":[{"href":"https:\/\/roveyayinevi.com.tr\/index.php\/wp-json\/wp\/v2\/media?parent=735470"}],"wp:term":[{"taxonomy":"product_brand","embeddable":true,"href":"https:\/\/roveyayinevi.com.tr\/index.php\/wp-json\/wp\/v2\/product_brand?post=735470"},{"taxonomy":"product_cat","embeddable":true,"href":"https:\/\/roveyayinevi.com.tr\/index.php\/wp-json\/wp\/v2\/product_cat?post=735470"},{"taxonomy":"product_tag","embeddable":true,"href":"https:\/\/roveyayinevi.com.tr\/index.php\/wp-json\/wp\/v2\/product_tag?post=735470"}],"curies":[{"name":"wp","href":"https:\/\/api.w.org\/{rel}","templated":true}]}}