{"id":735467,"date":"2025-08-27T22:48:28","date_gmt":"2025-08-27T19:48:28","guid":{"rendered":"https:\/\/roveyayinevi.com.tr\/index.php\/urun\/limit-2-cilt\/"},"modified":"2026-04-16T02:43:47","modified_gmt":"2026-04-15T23:43:47","slug":"limit-2-cilt","status":"publish","type":"product","link":"https:\/\/roveyayinevi.com.tr\/index.php\/urun\/limit-2-cilt\/","title":{"rendered":"Limit &#8211; 2. Cilt"},"content":{"rendered":"<p>Mizuki ve arkada\u015flar\u0131, s\u0131n\u0131f\u00e7a \u00e7\u0131kt\u0131klar\u0131 bir gezi s\u0131ras\u0131nda ciddi bir trafik kazas\u0131 ge\u00e7irdiler ve \u00f6\u011frencilerden b\u00fcy\u00fck k\u0131sm\u0131 \u00f6ld\u00fc. Geride sadece 5 ki\u015fi kald\u0131 ve onlar da hem yaral\u0131 hem de medeniyetten uzakta, t\u00fcm zorluklara ra\u011fmen hayata tutunmaya \u00e7al\u0131\u015f\u0131yorlar. B\u00fct\u00fcn bunlar yetmezmi\u015f gibi gruptakilerin bir k\u0131sm\u0131 da birbirlerinden nefret ediyor ve bir yandan hayatta kalmak i\u00e7in \u00e7abalarken bir yandan da di\u011ferleri \u00fczerinde kendi tahakk\u00fcmlerini kurma \u00e7abas\u0131ndalar.   Mizuki hayli zor bir durumda zira bu cehennemden kurtulmas\u0131, \u00e7ok k\u0131sa bir s\u00fcre \u00f6nce burun k\u0131v\u0131rarak bakt\u0131\u011f\u0131 baz\u0131 arkada\u015flar\u0131n\u0131n yard\u0131mlar\u0131na ba\u011fl\u0131. Vah\u015fi do\u011fada g\u00fc\u00e7l\u00fc olanlar ayakta kalacak ve Mizuki de grubun fiziksel g\u00fc\u00e7 sahibi \u00fcyelerinden biri de\u011fil. Mizuki\u2019nin hayatta kalabilmesi, kendisinden nefret eden \u00fc\u00e7 ki\u015finin g\u00fcvenini kazanabilmesine ba\u011fl\u0131 ve bu g\u00fcveni kazanmas\u0131 hi\u00e7 de kolay olmayacak!   Limit, bir grup gencin ya\u015fad\u0131\u011f\u0131 zorlu hayatta kalma m\u00fccadelesinin hik\u00e2yesi! <\/p>\n","protected":false},"excerpt":{"rendered":"<p>Mizuki ve arkada\u015flar\u0131, s\u0131n\u0131f\u00e7a \u00e7\u0131kt\u0131klar\u0131 bir gezi s\u0131ras\u0131nda ciddi bir trafik kazas\u0131 ge\u00e7irdiler ve \u00f6\u011frencilerden b\u00fcy\u00fck k\u0131sm\u0131 \u00f6ld\u00fc. Geride sadece 5 ki\u015fi kald\u0131 ve onlar da<span class=\"excerpt-hellip\"> [\u2026]<\/span><\/p>\n","protected":false},"featured_media":0,"template":"","meta":{"_monsterinsights_skip_tracking":false,"_monsterinsights_sitenote_active":false,"_monsterinsights_sitenote_note":"","_monsterinsights_sitenote_category":0},"product_brand":[],"product_cat":[12416,12291],"product_tag":[],"class_list":{"0":"post-735467","1":"product","2":"type-product","3":"status-publish","5":"product_cat-cizgi-roman","6":"product_cat-edebiyat","7":"pa_cilt-ciltsiz","8":"pa_tur-kitap","9":"pa_yayinevi-akil-celen-kitaplar","10":"pa_yazar-keiko-suenobu","12":"first","13":"instock","14":"sale","15":"shipping-taxable","16":"purchasable","17":"product-type-simple"},"_links":{"self":[{"href":"https:\/\/roveyayinevi.com.tr\/index.php\/wp-json\/wp\/v2\/product\/735467","targetHints":{"allow":["GET"]}}],"collection":[{"href":"https:\/\/roveyayinevi.com.tr\/index.php\/wp-json\/wp\/v2\/product"}],"about":[{"href":"https:\/\/roveyayinevi.com.tr\/index.php\/wp-json\/wp\/v2\/types\/product"}],"wp:attachment":[{"href":"https:\/\/roveyayinevi.com.tr\/index.php\/wp-json\/wp\/v2\/media?parent=735467"}],"wp:term":[{"taxonomy":"product_brand","embeddable":true,"href":"https:\/\/roveyayinevi.com.tr\/index.php\/wp-json\/wp\/v2\/product_brand?post=735467"},{"taxonomy":"product_cat","embeddable":true,"href":"https:\/\/roveyayinevi.com.tr\/index.php\/wp-json\/wp\/v2\/product_cat?post=735467"},{"taxonomy":"product_tag","embeddable":true,"href":"https:\/\/roveyayinevi.com.tr\/index.php\/wp-json\/wp\/v2\/product_tag?post=735467"}],"curies":[{"name":"wp","href":"https:\/\/api.w.org\/{rel}","templated":true}]}}