{"id":735461,"date":"2025-08-27T22:48:21","date_gmt":"2025-08-27T19:48:21","guid":{"rendered":"https:\/\/roveyayinevi.com.tr\/index.php\/urun\/gerdanlik-1-butun-siirleri-9\/"},"modified":"2026-04-16T02:43:47","modified_gmt":"2026-04-15T23:43:47","slug":"gerdanlik-1-butun-siirleri-9","status":"publish","type":"product","link":"https:\/\/roveyayinevi.com.tr\/index.php\/urun\/gerdanlik-1-butun-siirleri-9\/","title":{"rendered":"Gerdanl\u0131k 1 &#8211; B\u00fct\u00fcn \u015eiirleri 9"},"content":{"rendered":"<p>Yeni yollar deneyin \u00e7a\u011fda\u015f g\u00f6r\u00fcnmek i\u00e7in \u00c7atalla kola yiyin-kam\u0131\u015fla pilav i\u00e7in Giriniz vir\u00fcs olup kavramlar\u0131n i\u00e7ine Ne kadar de\u011fer varsa kemirin i\u00e7in i\u00e7in <\/p>\n","protected":false},"excerpt":{"rendered":"<p>Yeni yollar deneyin \u00e7a\u011fda\u015f g\u00f6r\u00fcnmek i\u00e7in \u00c7atalla kola yiyin-kam\u0131\u015fla pilav i\u00e7in Giriniz vir\u00fcs olup kavramlar\u0131n i\u00e7ine Ne kadar de\u011fer varsa kemirin i\u00e7in i\u00e7in<\/p>\n","protected":false},"featured_media":0,"template":"","meta":{"_monsterinsights_skip_tracking":false,"_monsterinsights_sitenote_active":false,"_monsterinsights_sitenote_note":"","_monsterinsights_sitenote_category":0},"product_brand":[],"product_cat":[12291,12509],"product_tag":[],"class_list":{"0":"post-735461","1":"product","2":"type-product","3":"status-publish","5":"product_cat-edebiyat","6":"product_cat-siir","7":"pa_cilt-ciltsiz","8":"pa_tur-kitap","9":"pa_yayinevi-altinordu-yayinlari","10":"pa_yazar-abdurrahim-karakoc","12":"first","13":"instock","14":"sale","15":"shipping-taxable","16":"purchasable","17":"product-type-simple"},"_links":{"self":[{"href":"https:\/\/roveyayinevi.com.tr\/index.php\/wp-json\/wp\/v2\/product\/735461","targetHints":{"allow":["GET"]}}],"collection":[{"href":"https:\/\/roveyayinevi.com.tr\/index.php\/wp-json\/wp\/v2\/product"}],"about":[{"href":"https:\/\/roveyayinevi.com.tr\/index.php\/wp-json\/wp\/v2\/types\/product"}],"wp:attachment":[{"href":"https:\/\/roveyayinevi.com.tr\/index.php\/wp-json\/wp\/v2\/media?parent=735461"}],"wp:term":[{"taxonomy":"product_brand","embeddable":true,"href":"https:\/\/roveyayinevi.com.tr\/index.php\/wp-json\/wp\/v2\/product_brand?post=735461"},{"taxonomy":"product_cat","embeddable":true,"href":"https:\/\/roveyayinevi.com.tr\/index.php\/wp-json\/wp\/v2\/product_cat?post=735461"},{"taxonomy":"product_tag","embeddable":true,"href":"https:\/\/roveyayinevi.com.tr\/index.php\/wp-json\/wp\/v2\/product_tag?post=735461"}],"curies":[{"name":"wp","href":"https:\/\/api.w.org\/{rel}","templated":true}]}}