{"id":735460,"date":"2025-08-27T22:48:19","date_gmt":"2025-08-27T19:48:19","guid":{"rendered":"https:\/\/roveyayinevi.com.tr\/index.php\/urun\/yasakli-ruyalar-butun-siirleri-8\/"},"modified":"2026-04-16T02:43:47","modified_gmt":"2026-04-15T23:43:47","slug":"yasakli-ruyalar-butun-siirleri-8","status":"publish","type":"product","link":"https:\/\/roveyayinevi.com.tr\/index.php\/urun\/yasakli-ruyalar-butun-siirleri-8\/","title":{"rendered":"Yasakl\u0131 R\u00fcyalar &#8211; B\u00fct\u00fcn \u015eiirleri 8"},"content":{"rendered":"<p>\u201cSoy\u201d d\u00fczeni, \u201c\u00e7al\u201d d\u00fczeni K\u00f6r \u00e7a\u011f\u0131n topal d\u00fczeni S\u00fcrs\u00fcn m\u00fc babam, s\u00fcrs\u00fcn m\u00fc?   Soyguncu din\u00e7, millet yorgun Vurguncular daha vurgun Vursun mu anam vursun mu? <\/p>\n","protected":false},"excerpt":{"rendered":"<p>\u201cSoy\u201d d\u00fczeni, \u201c\u00e7al\u201d d\u00fczeni K\u00f6r \u00e7a\u011f\u0131n topal d\u00fczeni S\u00fcrs\u00fcn m\u00fc babam, s\u00fcrs\u00fcn m\u00fc? Soyguncu din\u00e7, millet yorgun Vurguncular daha vurgun Vursun mu anam vursun mu?<\/p>\n","protected":false},"featured_media":0,"template":"","meta":{"_monsterinsights_skip_tracking":false,"_monsterinsights_sitenote_active":false,"_monsterinsights_sitenote_note":"","_monsterinsights_sitenote_category":0},"product_brand":[],"product_cat":[12291,12509],"product_tag":[],"class_list":{"0":"post-735460","1":"product","2":"type-product","3":"status-publish","5":"product_cat-edebiyat","6":"product_cat-siir","7":"pa_cilt-ciltsiz","8":"pa_tur-kitap","9":"pa_yayinevi-altinordu-yayinlari","10":"pa_yazar-abdurrahim-karakoc","12":"first","13":"instock","14":"sale","15":"shipping-taxable","16":"purchasable","17":"product-type-simple"},"_links":{"self":[{"href":"https:\/\/roveyayinevi.com.tr\/index.php\/wp-json\/wp\/v2\/product\/735460","targetHints":{"allow":["GET"]}}],"collection":[{"href":"https:\/\/roveyayinevi.com.tr\/index.php\/wp-json\/wp\/v2\/product"}],"about":[{"href":"https:\/\/roveyayinevi.com.tr\/index.php\/wp-json\/wp\/v2\/types\/product"}],"wp:attachment":[{"href":"https:\/\/roveyayinevi.com.tr\/index.php\/wp-json\/wp\/v2\/media?parent=735460"}],"wp:term":[{"taxonomy":"product_brand","embeddable":true,"href":"https:\/\/roveyayinevi.com.tr\/index.php\/wp-json\/wp\/v2\/product_brand?post=735460"},{"taxonomy":"product_cat","embeddable":true,"href":"https:\/\/roveyayinevi.com.tr\/index.php\/wp-json\/wp\/v2\/product_cat?post=735460"},{"taxonomy":"product_tag","embeddable":true,"href":"https:\/\/roveyayinevi.com.tr\/index.php\/wp-json\/wp\/v2\/product_tag?post=735460"}],"curies":[{"name":"wp","href":"https:\/\/api.w.org\/{rel}","templated":true}]}}