{"id":735458,"date":"2025-08-27T22:48:17","date_gmt":"2025-08-27T19:48:17","guid":{"rendered":"https:\/\/roveyayinevi.com.tr\/index.php\/urun\/kan-yazisi-butun-siirleri-2\/"},"modified":"2026-04-16T02:43:47","modified_gmt":"2026-04-15T23:43:47","slug":"kan-yazisi-butun-siirleri-2","status":"publish","type":"product","link":"https:\/\/roveyayinevi.com.tr\/index.php\/urun\/kan-yazisi-butun-siirleri-2\/","title":{"rendered":"Kan Yaz\u0131s\u0131 &#8211; B\u00fct\u00fcn \u015eiirleri 2"},"content":{"rendered":"<p>Gev\u015fek durma, \u00e7aresine e\u011fil ha! Aman hoca, Anadolu peri\u015fan. Ahmet A\u011fa, \u00c7oban Osman de\u011fil ha! Bir koskoca Anadolu peri\u015fan.   D\u00fczenciler kambur dikti d\u00fczene; Can\u0131m kurban bu d\u00fc\u011f\u00fcm\u00fc \u00e7\u00f6zene \u00dc\u00e7 be\u015f putlu mutlu olmu\u015f bize ne! U\u00e7tan uca Anadolu peri\u015fan.<\/p>\n","protected":false},"excerpt":{"rendered":"<p>Gev\u015fek durma, \u00e7aresine e\u011fil ha! Aman hoca, Anadolu peri\u015fan. Ahmet A\u011fa, \u00c7oban Osman de\u011fil ha! Bir koskoca Anadolu peri\u015fan. D\u00fczenciler kambur dikti d\u00fczene; Can\u0131m kurban bu<span class=\"excerpt-hellip\"> [\u2026]<\/span><\/p>\n","protected":false},"featured_media":0,"template":"","meta":{"_monsterinsights_skip_tracking":false,"_monsterinsights_sitenote_active":false,"_monsterinsights_sitenote_note":"","_monsterinsights_sitenote_category":0},"product_brand":[],"product_cat":[12291,12509],"product_tag":[],"class_list":{"0":"post-735458","1":"product","2":"type-product","3":"status-publish","5":"product_cat-edebiyat","6":"product_cat-siir","7":"pa_cilt-ciltsiz","8":"pa_tur-kitap","9":"pa_yayinevi-altinordu-yayinlari","10":"pa_yazar-abdurrahim-karakoc","12":"first","13":"instock","14":"sale","15":"shipping-taxable","16":"purchasable","17":"product-type-simple"},"_links":{"self":[{"href":"https:\/\/roveyayinevi.com.tr\/index.php\/wp-json\/wp\/v2\/product\/735458","targetHints":{"allow":["GET"]}}],"collection":[{"href":"https:\/\/roveyayinevi.com.tr\/index.php\/wp-json\/wp\/v2\/product"}],"about":[{"href":"https:\/\/roveyayinevi.com.tr\/index.php\/wp-json\/wp\/v2\/types\/product"}],"wp:attachment":[{"href":"https:\/\/roveyayinevi.com.tr\/index.php\/wp-json\/wp\/v2\/media?parent=735458"}],"wp:term":[{"taxonomy":"product_brand","embeddable":true,"href":"https:\/\/roveyayinevi.com.tr\/index.php\/wp-json\/wp\/v2\/product_brand?post=735458"},{"taxonomy":"product_cat","embeddable":true,"href":"https:\/\/roveyayinevi.com.tr\/index.php\/wp-json\/wp\/v2\/product_cat?post=735458"},{"taxonomy":"product_tag","embeddable":true,"href":"https:\/\/roveyayinevi.com.tr\/index.php\/wp-json\/wp\/v2\/product_tag?post=735458"}],"curies":[{"name":"wp","href":"https:\/\/api.w.org\/{rel}","templated":true}]}}