{"id":735456,"date":"2025-08-27T22:48:15","date_gmt":"2025-08-27T19:48:15","guid":{"rendered":"https:\/\/roveyayinevi.com.tr\/index.php\/urun\/sen-olmadan-olmaz\/"},"modified":"2025-11-13T07:18:04","modified_gmt":"2025-11-13T04:18:04","slug":"sen-olmadan-olmaz","status":"publish","type":"product","link":"https:\/\/roveyayinevi.com.tr\/index.php\/urun\/sen-olmadan-olmaz\/","title":{"rendered":"Sen Ol&#8217;madan Olmaz"},"content":{"rendered":"<p>Bir eve sahip ol, bir i\u015fe sahip ol, iyi bir arabaya sahip ol. Ama yetmez; bir eve daha sahip ol, bolca paraya sahip ol, en iyi elbiselere sahip ol, iyi bir kartvizite sahip ol, iyi bir mevkiye sahip ol, iyi tan\u0131d\u0131klara sahip ol, en iyi cep telefonuna sahip ol, en b\u00fcy\u00fck televizyona sahip ol, iyi \u00e7ocuklara sahip ol; sahip ol da nas\u0131l olursan ol. Gerekirse sava\u015f, yalan s\u00f6yle, ger\u00e7e\u011fi \u00e7arp\u0131t, m\u00fccadele et; gerekirse her \u015feyi g\u00f6ze al ve bir alg\u0131 olu\u015ftur, imaj\u0131n\u0131 de\u011fi\u015ftir; sana inan\u0131rlar, bak g\u00f6receksin&#8230; \u0130nsanlar size inanabilir ama yarat\u0131c\u0131y\u0131 ve onun kurmu\u015f oldu\u011fu sistemi kand\u0131rabilir misiniz? Zaten kand\u0131ram\u0131yoruz. Biz ne isek sistem bize geri veriyor&#8230; Sahip olmazsan ol\u2019mazs\u0131n. Bu fikir, insanl\u0131\u011f\u0131n yeni kimli\u011finin temeli ve d\u00fcnyadaki mutsuzlu\u011fun ana sebebi. Sahip oldu\u011fu kadar var olaca\u011f\u0131n\u0131 zanneden insanl\u0131k ve onun yaratt\u0131\u011f\u0131, bitmek bilmeyen, yok edici bir i\u015ftah. \u0130\u015fte bug\u00fcn, bu i\u015ftah\u0131n kaosunu ya\u015f\u0131yoruz; en k\u00fc\u00e7\u00fck aileden \u00fclkenin tamam\u0131na kadar. Kendinize art\u0131k \u015fu soruyu sorman\u0131n zaman\u0131 gelmedi mi? Sahip oldu\u011funuz t\u00fcm maddi \u015feyler, imaj ve kimlikler, t\u00fcm ili\u015fkiler ve paran\u0131z, bir anda u\u00e7up gitse geriye sizden bir \u015fey kal\u0131r m\u0131? Yoksa siz de mi yok olursunuz? Sen Ol\u2019madan Olmaz; ya\u015fam\u0131n\u0131zdaki kafa kar\u0131\u015f\u0131kl\u0131\u011f\u0131n\u0131n, yerini bulamaman\u0131n, mutsuzlu\u011fun, endi\u015fenin, korkunun ve gelecek kayg\u0131s\u0131n\u0131n insan\u0131 kendi zihninde nas\u0131l de\u011fersizle\u015ftirdi\u011finin izini s\u00fcr\u00fcyor ve g\u00fcn\u00fcm\u00fczde her insan\u0131n i\u00e7indeki o dolmak bilmeyen bo\u015fluk ve tatminsizlik duygusunun nedenlerini anlat\u0131yor.<\/p>\n","protected":false},"excerpt":{"rendered":"<p>Bir eve sahip ol, bir i\u015fe sahip ol, iyi bir arabaya sahip ol. Ama yetmez; bir eve daha sahip ol, bolca paraya sahip ol, en iyi<span class=\"excerpt-hellip\"> [\u2026]<\/span><\/p>\n","protected":false},"featured_media":0,"template":"","meta":{"_monsterinsights_skip_tracking":false,"_monsterinsights_sitenote_active":false,"_monsterinsights_sitenote_note":"","_monsterinsights_sitenote_category":0},"product_brand":[],"product_cat":[12364,12376],"product_tag":[],"class_list":{"0":"post-735456","1":"product","2":"type-product","3":"status-publish","5":"product_cat-genel-konular","6":"product_cat-kisisel-gelisim","7":"pa_cilt-ciltsiz","8":"pa_tur-kitap","9":"pa_yayinevi-olasilik-yayinlari","10":"pa_yazar-serdar-cakir","12":"first","13":"outofstock","14":"sale","15":"shipping-taxable","16":"purchasable","17":"product-type-simple"},"_links":{"self":[{"href":"https:\/\/roveyayinevi.com.tr\/index.php\/wp-json\/wp\/v2\/product\/735456","targetHints":{"allow":["GET"]}}],"collection":[{"href":"https:\/\/roveyayinevi.com.tr\/index.php\/wp-json\/wp\/v2\/product"}],"about":[{"href":"https:\/\/roveyayinevi.com.tr\/index.php\/wp-json\/wp\/v2\/types\/product"}],"wp:attachment":[{"href":"https:\/\/roveyayinevi.com.tr\/index.php\/wp-json\/wp\/v2\/media?parent=735456"}],"wp:term":[{"taxonomy":"product_brand","embeddable":true,"href":"https:\/\/roveyayinevi.com.tr\/index.php\/wp-json\/wp\/v2\/product_brand?post=735456"},{"taxonomy":"product_cat","embeddable":true,"href":"https:\/\/roveyayinevi.com.tr\/index.php\/wp-json\/wp\/v2\/product_cat?post=735456"},{"taxonomy":"product_tag","embeddable":true,"href":"https:\/\/roveyayinevi.com.tr\/index.php\/wp-json\/wp\/v2\/product_tag?post=735456"}],"curies":[{"name":"wp","href":"https:\/\/api.w.org\/{rel}","templated":true}]}}