{"id":735454,"date":"2025-08-27T22:48:13","date_gmt":"2025-08-27T19:48:13","guid":{"rendered":"https:\/\/roveyayinevi.com.tr\/index.php\/urun\/gokcekimi-butun-siirleri-6\/"},"modified":"2026-04-16T02:43:47","modified_gmt":"2026-04-15T23:43:47","slug":"gokcekimi-butun-siirleri-6","status":"publish","type":"product","link":"https:\/\/roveyayinevi.com.tr\/index.php\/urun\/gokcekimi-butun-siirleri-6\/","title":{"rendered":"G\u00f6k\u00e7ekimi &#8211; B\u00fct\u00fcn \u015eiirleri 6"},"content":{"rendered":"<p>Caddeler komada, a\u011fa\u00e7lar sarho\u015f Kaybettim, g\u00f6ren yok \u00e7ocuklu\u011fumu. \u00d6z\u00fcm alev alev, ellerim bombo\u015f \u0130sterim, veren yok \u00e7ocuklu\u011fumu.   Y\u0131llar geldi ge\u00e7ti ya\u011fan kar gibi Nere baksam orda gurbet var gibi Bir tablo, bir hal\u0131, bir bahar gibi Ufkuma geren yok \u00e7ocuklu\u011fumu. <\/p>\n","protected":false},"excerpt":{"rendered":"<p>Caddeler komada, a\u011fa\u00e7lar sarho\u015f Kaybettim, g\u00f6ren yok \u00e7ocuklu\u011fumu. \u00d6z\u00fcm alev alev, ellerim bombo\u015f \u0130sterim, veren yok \u00e7ocuklu\u011fumu. Y\u0131llar geldi ge\u00e7ti ya\u011fan kar gibi Nere baksam orda<span class=\"excerpt-hellip\"> [\u2026]<\/span><\/p>\n","protected":false},"featured_media":0,"template":"","meta":{"_monsterinsights_skip_tracking":false,"_monsterinsights_sitenote_active":false,"_monsterinsights_sitenote_note":"","_monsterinsights_sitenote_category":0},"product_brand":[],"product_cat":[12291,12509],"product_tag":[],"class_list":{"0":"post-735454","1":"product","2":"type-product","3":"status-publish","5":"product_cat-edebiyat","6":"product_cat-siir","7":"pa_cilt-ciltsiz","8":"pa_tur-kitap","9":"pa_yayinevi-altinordu-yayinlari","10":"pa_yazar-abdurrahim-karakoc","12":"first","13":"instock","14":"sale","15":"shipping-taxable","16":"purchasable","17":"product-type-simple"},"_links":{"self":[{"href":"https:\/\/roveyayinevi.com.tr\/index.php\/wp-json\/wp\/v2\/product\/735454","targetHints":{"allow":["GET"]}}],"collection":[{"href":"https:\/\/roveyayinevi.com.tr\/index.php\/wp-json\/wp\/v2\/product"}],"about":[{"href":"https:\/\/roveyayinevi.com.tr\/index.php\/wp-json\/wp\/v2\/types\/product"}],"wp:attachment":[{"href":"https:\/\/roveyayinevi.com.tr\/index.php\/wp-json\/wp\/v2\/media?parent=735454"}],"wp:term":[{"taxonomy":"product_brand","embeddable":true,"href":"https:\/\/roveyayinevi.com.tr\/index.php\/wp-json\/wp\/v2\/product_brand?post=735454"},{"taxonomy":"product_cat","embeddable":true,"href":"https:\/\/roveyayinevi.com.tr\/index.php\/wp-json\/wp\/v2\/product_cat?post=735454"},{"taxonomy":"product_tag","embeddable":true,"href":"https:\/\/roveyayinevi.com.tr\/index.php\/wp-json\/wp\/v2\/product_tag?post=735454"}],"curies":[{"name":"wp","href":"https:\/\/api.w.org\/{rel}","templated":true}]}}