{"id":735448,"date":"2025-08-27T22:48:06","date_gmt":"2025-08-27T19:48:06","guid":{"rendered":"https:\/\/roveyayinevi.com.tr\/index.php\/urun\/cevremizdeki-esyalar-egitici-eglenceli-boyama\/"},"modified":"2026-04-16T02:43:46","modified_gmt":"2026-04-15T23:43:46","slug":"cevremizdeki-esyalar-egitici-eglenceli-boyama","status":"publish","type":"product","link":"https:\/\/roveyayinevi.com.tr\/index.php\/urun\/cevremizdeki-esyalar-egitici-eglenceli-boyama\/","title":{"rendered":"\u00c7evremizdeki E\u015fyalar &#8211; E\u011fitici E\u011flenceli Boyama"},"content":{"rendered":"<p>\u201cE\u011fitici E\u011flenceli Boyama\u201d serisiyle \u00e7ocuklar; \u00b7         Kalem Kullanma Kolayl\u0131\u011f\u0131 \u00b7         El-G\u00f6z Koordinasyonu \u00b7         G\u00f6rsel Okuma Becerisi \u00b7         \u00c7evreye Fark\u0131ndal\u0131k kazanacaklar.   E\u011fitici E\u011flenceli Boyama serisinde; \u00b7         Harfler Say\u0131lar \u00b7         Hayvanlar \u00b7         Yiyecekler \u00b7         Ta\u015f\u0131tlar-Meslekler \u00b7         \u00c7evremizdeki E\u015fyalar \u00b7         \u0130lk \u0130ngilizce S\u00f6zc\u00fcklerim kitaplar\u0131 bulunuyor. <\/p>\n","protected":false},"excerpt":{"rendered":"<p>\u201cE\u011fitici E\u011flenceli Boyama\u201d serisiyle \u00e7ocuklar; \u00b7 Kalem Kullanma Kolayl\u0131\u011f\u0131 \u00b7 El-G\u00f6z Koordinasyonu \u00b7 G\u00f6rsel Okuma Becerisi \u00b7 \u00c7evreye Fark\u0131ndal\u0131k kazanacaklar. E\u011fitici E\u011flenceli Boyama serisinde; \u00b7 Harfler<span class=\"excerpt-hellip\"> [\u2026]<\/span><\/p>\n","protected":false},"featured_media":0,"template":"","meta":{"_monsterinsights_skip_tracking":false,"_monsterinsights_sitenote_active":false,"_monsterinsights_sitenote_note":"","_monsterinsights_sitenote_category":0},"product_brand":[],"product_cat":[12644,12274],"product_tag":[],"class_list":{"0":"post-735448","1":"product","2":"type-product","3":"status-publish","5":"product_cat-boyama-kitaplari","6":"product_cat-cocuk-ve-genclik-kitaplari","7":"pa_cilt-ciltsiz","8":"pa_tur-kitap","9":"pa_yayinevi-bicirik-yayinlari","10":"pa_yazar-bicirik-yayinlari-kolektif","12":"first","13":"instock","14":"sale","15":"shipping-taxable","16":"purchasable","17":"product-type-simple"},"_links":{"self":[{"href":"https:\/\/roveyayinevi.com.tr\/index.php\/wp-json\/wp\/v2\/product\/735448","targetHints":{"allow":["GET"]}}],"collection":[{"href":"https:\/\/roveyayinevi.com.tr\/index.php\/wp-json\/wp\/v2\/product"}],"about":[{"href":"https:\/\/roveyayinevi.com.tr\/index.php\/wp-json\/wp\/v2\/types\/product"}],"wp:attachment":[{"href":"https:\/\/roveyayinevi.com.tr\/index.php\/wp-json\/wp\/v2\/media?parent=735448"}],"wp:term":[{"taxonomy":"product_brand","embeddable":true,"href":"https:\/\/roveyayinevi.com.tr\/index.php\/wp-json\/wp\/v2\/product_brand?post=735448"},{"taxonomy":"product_cat","embeddable":true,"href":"https:\/\/roveyayinevi.com.tr\/index.php\/wp-json\/wp\/v2\/product_cat?post=735448"},{"taxonomy":"product_tag","embeddable":true,"href":"https:\/\/roveyayinevi.com.tr\/index.php\/wp-json\/wp\/v2\/product_tag?post=735448"}],"curies":[{"name":"wp","href":"https:\/\/api.w.org\/{rel}","templated":true}]}}