{"id":735445,"date":"2025-08-27T22:48:03","date_gmt":"2025-08-27T19:48:03","guid":{"rendered":"https:\/\/roveyayinevi.com.tr\/index.php\/urun\/okul-oncesi-ogretmenleri-meslek-etigi\/"},"modified":"2026-04-16T02:43:46","modified_gmt":"2026-04-15T23:43:46","slug":"okul-oncesi-ogretmenleri-meslek-etigi","status":"publish","type":"product","link":"https:\/\/roveyayinevi.com.tr\/index.php\/urun\/okul-oncesi-ogretmenleri-meslek-etigi\/","title":{"rendered":"Okul \u00d6ncesi \u00d6\u011fretmenleri Meslek Eti\u011fi"},"content":{"rendered":"<p>\u0130nsano\u011flunun sosyal bir varl\u0131k olmas\u0131, tek ba\u015f\u0131na ya\u015fayamamas\u0131 ve sosyal sorumluluklar\u0131n\u0131n bulunmas\u0131, onu varolu\u015fu itibariyle ahlakl\u0131 olmas\u0131n\u0131 zorunlu k\u0131lmaktad\u0131r. Zira insanlar hem mutlu olmak, hem de toplum i\u00e7inde rahat\u00e7a ya\u015fayabilmek i\u00e7in baz\u0131 kurallara ihtiya\u00e7 duyarlar. \u015eayet bu kurallar olmasayd\u0131 sokakta dola\u015fmak bile g\u00fc\u00e7le\u015firdi. Anla\u015f\u0131l\u0131yor ki, insan davran\u0131\u015flar\u0131n\u0131 ve ikili ili\u015fkilerini belirleyen kurallar, yani ahlaki ilkeler bulunmaktad\u0131r.Bu ahlaki ilkelerin temelini ise bir tak\u0131m erdem ve de\u011ferler olu\u015fturmaktad\u0131r. Ya\u015fad\u0131\u011f\u0131m\u0131z toplumu bir binaya benzetirsek, bireyler binan\u0131n yap\u0131 ta\u015flar\u0131n\u0131, de\u011ferlerinse bu yap\u0131n\u0131n \u00e7imentosu oldu\u011funu s\u00f6yleyebiliriz. Her de\u011ferin duygu, d\u00fc\u015f\u00fcnce ve davran\u0131\u015f boyutu bulunmaktad\u0131r. Bir de\u011ferin kabul edilebilir olmas\u0131 i\u00e7in ona duygu y\u00fcklemesi \u015fartt\u0131r. De\u011ferin anlam ve \u00f6nemi, hatta s\u00fcrd\u00fcr\u00fclebilirli\u011fi ta\u015f\u0131d\u0131\u011f\u0131 duyguyla do\u011fru orant\u0131l\u0131d\u0131r. Bireysel vesosyal mutlulu\u011fun yakalanmas\u0131nda da toplumsal de\u011ferlerin ve ki\u015fisel \u00f6zelliklerin i\u00e7selle\u015ftirilmesinin \u00f6nemi tart\u0131\u015f\u0131lamazd\u0131r. Bir toplumu toplum yapan belki de en \u00f6nemli unsur o toplumun moral de\u011ferlerdir. E\u011fer bir toplumda bu ahlaki de\u011ferler iyi yerle\u015ftirilip oturtulmaz ise o zaman o toplumun i\u015fleyi\u015findeaksakl\u0131klar hatta daha ileri safhas\u0131nda toplumsal kaoslar\u0131n olu\u015fmas\u0131 i\u00e7ten bile de\u011fildir. Dolay\u0131s\u0131yla ahlaki de\u011ferler o toplumu ayakta tutar ve g\u00fc\u00e7l\u00fc k\u0131lar. Ahlaki de\u011ferler ve kurallar toplumsal ya\u015fay\u0131\u015f\u0131n asl\u0131nda her kesim ve kademesinde olmal\u0131d\u0131r. \u00d6rne\u011fin bu, mesleki a\u00e7\u0131dan ele al\u0131n\u0131rsa t\u00fcm meslek gruplar\u0131n\u0131n kendine has ahlaki ilkeleri olmal\u0131d\u0131r. Bu o mesle\u011fin sayg\u0131nl\u0131\u011f\u0131 a\u00e7\u0131s\u0131ndan da \u00f6nemli ve gereklidir. Etik ilkeler olarak adland\u0131r\u0131lan bu hususo meslekteki aksakl\u0131klar\u0131 ve karma\u015falar\u0131 ortadan kald\u0131rmak i\u00e7in mutlaka her meslek i\u00e7in olu\u015fturulmal\u0131d\u0131r.\u00d6\u011fretmenlik meslek eti\u011fi \u00fclkemizde \u00e7ok ilgilenilmi\u015f bir konu olmamakla birlikte g\u00fcn\u00fcm\u00fczde art\u0131k daha fark edilir bir boyuttad\u0131r. Ancak halen bu mesle\u011fin kendine has etik ilke standartlar\u0131 olu\u015fturulmam\u0131\u015ft\u0131r. Bu kitapta da etik ve ahlaki de\u011ferlerden yola \u00e7\u0131k\u0131larak, meslek eti\u011fi ve okul \u00f6ncesi \u00f6\u011fretmenli\u011fi meslek eti\u011fi konusu irdelenmi\u015ftir. Ayr\u0131ca uzun y\u0131llar\u0131 kapsayan \u00e7al\u0131\u015fmalar sonucunda okul \u00f6ncesi \u00f6\u011fretmenlik mesle\u011fine y\u00f6nelik etik ilkeler \u00f6l\u00e7e\u011fi de yer almaktad\u0131r.Kitap gerek i\u00e7erik gerekse \u00f6l\u00e7ek a\u00e7\u0131s\u0131ndan \u00f6ncelikle okul \u00f6ncesi e\u011fitim alan\u0131nda \u00e7al\u0131\u015fan akademisyenlerin ve e\u011fitimcilerin yan\u0131nda bu konuya ilgisi olan herkese yol g\u00f6sterir niteliktedir.Umuyoruz ki; hem \u00f6\u011fretmenlik mesle\u011fi hem de okul \u00f6ncesi e\u011fitim alan\u0131na olumlu katk\u0131 sa\u011flas\u0131n.<\/p>\n","protected":false},"excerpt":{"rendered":"<p>\u0130nsano\u011flunun sosyal bir varl\u0131k olmas\u0131, tek ba\u015f\u0131na ya\u015fayamamas\u0131 ve sosyal sorumluluklar\u0131n\u0131n bulunmas\u0131, onu varolu\u015fu itibariyle ahlakl\u0131 olmas\u0131n\u0131 zorunlu k\u0131lmaktad\u0131r. Zira insanlar hem mutlu olmak, hem de<span class=\"excerpt-hellip\"> [\u2026]<\/span><\/p>\n","protected":false},"featured_media":0,"template":"","meta":{"_monsterinsights_skip_tracking":false,"_monsterinsights_sitenote_active":false,"_monsterinsights_sitenote_note":"","_monsterinsights_sitenote_category":0},"product_brand":[],"product_cat":[12573,12566],"product_tag":[],"class_list":{"0":"post-735445","1":"product","2":"type-product","3":"status-publish","5":"product_cat-akademik-kitaplar","6":"product_cat-egitim","7":"pa_cilt-ciltsiz","8":"pa_tur-kitap","9":"pa_yayinevi-egiten-kitap","10":"pa_yazar-egiten-kolektif","12":"first","13":"instock","14":"sale","15":"shipping-taxable","16":"purchasable","17":"product-type-simple"},"_links":{"self":[{"href":"https:\/\/roveyayinevi.com.tr\/index.php\/wp-json\/wp\/v2\/product\/735445","targetHints":{"allow":["GET"]}}],"collection":[{"href":"https:\/\/roveyayinevi.com.tr\/index.php\/wp-json\/wp\/v2\/product"}],"about":[{"href":"https:\/\/roveyayinevi.com.tr\/index.php\/wp-json\/wp\/v2\/types\/product"}],"wp:attachment":[{"href":"https:\/\/roveyayinevi.com.tr\/index.php\/wp-json\/wp\/v2\/media?parent=735445"}],"wp:term":[{"taxonomy":"product_brand","embeddable":true,"href":"https:\/\/roveyayinevi.com.tr\/index.php\/wp-json\/wp\/v2\/product_brand?post=735445"},{"taxonomy":"product_cat","embeddable":true,"href":"https:\/\/roveyayinevi.com.tr\/index.php\/wp-json\/wp\/v2\/product_cat?post=735445"},{"taxonomy":"product_tag","embeddable":true,"href":"https:\/\/roveyayinevi.com.tr\/index.php\/wp-json\/wp\/v2\/product_tag?post=735445"}],"curies":[{"name":"wp","href":"https:\/\/api.w.org\/{rel}","templated":true}]}}