{"id":735444,"date":"2025-08-27T22:48:02","date_gmt":"2025-08-27T19:48:02","guid":{"rendered":"https:\/\/roveyayinevi.com.tr\/index.php\/urun\/kisa-londra-tarihi\/"},"modified":"2026-04-16T02:43:46","modified_gmt":"2026-04-15T23:43:46","slug":"kisa-londra-tarihi","status":"publish","type":"product","link":"https:\/\/roveyayinevi.com.tr\/index.php\/urun\/kisa-londra-tarihi\/","title":{"rendered":"K\u0131sa Londra Tarihi"},"content":{"rendered":"<p>\u0130stila, i\u015fgal, g\u00f6\u00e7, Bu\u0308yu\u0308k Yang\u0131n, Nazi sald\u0131r\u0131lar\u0131 gibi \u00e7e\u015fitli kar\u0131\u015f\u0131kl\u0131klarla \u015fekillenen Londra Tarihi e\u015fsiz bir \u00e7e\u015fitlilik sunmaktad\u0131r. David Long\u2019un bu inan\u0131lmaz hik\u00e2yeyi en iyi anlatan 100 yeri se\u00e7ti\u011fi bu kitap Roma tap\u0131naklar\u0131n\u0131, Sakson mezarlar\u0131n\u0131, Beyaz Kule\u2019yi, donmu\u015f Thames Nehri u\u0308zerinde kurulan fuarlar\u0131, yel de\u011firmenlerini, Kar\u0131nde\u015fen Jack\u2019in ilk cinayetini i\u015fledi\u011fi yeri, Thames Tu\u0308neli\u2019ni, Highbury Stad\u0131\u2019n\u0131 ke\u015ffetmenizi sa\u011fl\u0131yor. En gu\u0308zeli, bunlar\u0131n bu\u0308yu\u0308k b\u00f6lu\u0308mu\u0308 genellikle u\u0308cretsiz olarak gezilebilmektedir ve okurlar, b\u00f6yle ziyaretlerde bu kitab\u0131n yararl\u0131 bir rehber oldu\u011funu g\u00f6receklerdir. Bu bu\u0308yu\u0308leyici ve \u015fa\u015f\u0131rt\u0131c\u0131 k\u0131sa kitap u\u0308nlu\u0308 yerler ve i\u00e7indeki gizli hazineler aras\u0131nda genellikle g\u00f6zden ka\u00e7an mu\u0308cevherleri ortaya \u00e7\u0131kar\u0131yor. <\/p>\n","protected":false},"excerpt":{"rendered":"<p>\u0130stila, i\u015fgal, g\u00f6\u00e7, Bu\u0308yu\u0308k Yang\u0131n, Nazi sald\u0131r\u0131lar\u0131 gibi \u00e7e\u015fitli kar\u0131\u015f\u0131kl\u0131klarla \u015fekillenen Londra Tarihi e\u015fsiz bir \u00e7e\u015fitlilik sunmaktad\u0131r. David Long\u2019un bu inan\u0131lmaz hik\u00e2yeyi en iyi anlatan 100<span class=\"excerpt-hellip\"> [\u2026]<\/span><\/p>\n","protected":false},"featured_media":0,"template":"","meta":{"_monsterinsights_skip_tracking":false,"_monsterinsights_sitenote_active":false,"_monsterinsights_sitenote_note":"","_monsterinsights_sitenote_category":0},"product_brand":[],"product_cat":[12370,12304],"product_tag":[],"class_list":{"0":"post-735444","1":"product","2":"type-product","3":"status-publish","5":"product_cat-arastirma-inceleme","6":"product_cat-tarih","7":"pa_cilt-ciltsiz","8":"pa_tur-kitap","9":"pa_yayinevi-say-yayinlari","10":"pa_yazar-david-long","12":"first","13":"instock","14":"sale","15":"shipping-taxable","16":"purchasable","17":"product-type-simple"},"_links":{"self":[{"href":"https:\/\/roveyayinevi.com.tr\/index.php\/wp-json\/wp\/v2\/product\/735444","targetHints":{"allow":["GET"]}}],"collection":[{"href":"https:\/\/roveyayinevi.com.tr\/index.php\/wp-json\/wp\/v2\/product"}],"about":[{"href":"https:\/\/roveyayinevi.com.tr\/index.php\/wp-json\/wp\/v2\/types\/product"}],"wp:attachment":[{"href":"https:\/\/roveyayinevi.com.tr\/index.php\/wp-json\/wp\/v2\/media?parent=735444"}],"wp:term":[{"taxonomy":"product_brand","embeddable":true,"href":"https:\/\/roveyayinevi.com.tr\/index.php\/wp-json\/wp\/v2\/product_brand?post=735444"},{"taxonomy":"product_cat","embeddable":true,"href":"https:\/\/roveyayinevi.com.tr\/index.php\/wp-json\/wp\/v2\/product_cat?post=735444"},{"taxonomy":"product_tag","embeddable":true,"href":"https:\/\/roveyayinevi.com.tr\/index.php\/wp-json\/wp\/v2\/product_tag?post=735444"}],"curies":[{"name":"wp","href":"https:\/\/api.w.org\/{rel}","templated":true}]}}