{"id":735443,"date":"2025-08-27T22:48:01","date_gmt":"2025-08-27T19:48:01","guid":{"rendered":"https:\/\/roveyayinevi.com.tr\/index.php\/urun\/insan-denen-garip-hayvan\/"},"modified":"2026-04-16T02:43:46","modified_gmt":"2026-04-15T23:43:46","slug":"insan-denen-garip-hayvan","status":"publish","type":"product","link":"https:\/\/roveyayinevi.com.tr\/index.php\/urun\/insan-denen-garip-hayvan\/","title":{"rendered":"\u0130nsan Denen Garip Hayvan"},"content":{"rendered":"<p>Turhan Sel\u00e7uk&#8217;tan insan do\u011fas\u0131n\u0131 hicveden karikat\u00fcrler&#8230;\u201cTurhan Sel\u00e7uk Se\u00e7kisi\u201d, T\u00fcrkiye&#8217;de s\u00f6zs\u00fcz karikat\u00fcr\u00fcn \u00f6nc\u00fcs\u00fc olan Turhan Sel\u00e7uk&#8217;un mizah\u0131n\u0131 gen\u00e7 nesillere tan\u0131t\u0131yor; b\u00fcy\u00fck ustan\u0131n kendi zaman\u0131n\u0131n \u00e7ok \u00f6tesindeki \u00e7izgilerine farkl\u0131 bir bak\u0131\u015f imk\u00e2n\u0131 sunuyor.\u00dc\u00e7 ciltlik se\u00e7ki, sanat\u00e7\u0131n\u0131n y\u0131llar i\u00e7inde \u00e7e\u015fitli kitaplarda ve mecralarda yay\u0131mlanan siyah beyaz karikat\u00fcrlerini ayr\u0131nt\u0131l\u0131 bir kataloglama ve tematik d\u00fczenleme \u00e7al\u0131\u015fmas\u0131n\u0131n ard\u0131ndan yeniden g\u00fcn y\u00fcz\u00fcne \u00e7\u0131kar\u0131yor. \u0130nsan Denen Garip Hayvan, Sel\u00e7uk&#8217;un 1951-2001 y\u0131llar\u0131 aras\u0131nda T\u00fcrkiye&#8217;nin ve d\u00fcnyan\u0131n se\u00e7kin gazete ve dergilerinde kendine yer bulan, baz\u0131lar\u0131 farkl\u0131 d\u00f6nem ve mecralarda tekrar tekrar yay\u0131mlanarak yank\u0131 uyand\u0131rm\u0131\u015f 86 karikat\u00fcr\u00fcn\u00fc bir araya getiriyor. \u0130nsan Denen Garip Hayvan&#8217;da, gelmi\u015f ge\u00e7mi\u015f en \u201cy\u0131rt\u0131c\u0131\u201d canl\u0131n\u0131n kendini \u201cdaha insan\u201d yapma \u00e7abas\u0131n\u0131 \u00e7izgilere d\u00f6ken Turhan Sel\u00e7uk, insan do\u011fas\u0131n\u0131n a\u00e7g\u00f6zl\u00fc ve \u015fiddete meyilli yap\u0131s\u0131n\u0131 incelikle hicvediyor. Kitaptaki se\u00e7ki kad\u0131n-erkek ili\u015fkilerindeki yozla\u015fmadan k\u00fclt\u00fcr\u00fcn metala\u015fmas\u0131 ve sanatta yabanc\u0131la\u015fmaya, bilim ve teknolojideki geli\u015fmelerin toplumdaki yans\u0131malar\u0131ndan sporun ve \u00f6zellikle de futbolun siyasetle kesi\u015fmesine kadar, insana dair hemen her konuya e\u011filiyor. Se\u00e7ki ayr\u0131ca plans\u0131z g\u00f6\u00e7\u00fcn k\u00f6r\u00fckledi\u011fi \u00e7arp\u0131k kentle\u015fme, do\u011fan\u0131n alt\u00fcst olan dengesi, insan\u0131n uzayla imtihan\u0131 gibi meseleleri de g\u00fcndeme alarak elli y\u0131ll\u0131k d\u00fcnya d\u00fczeninde ger\u00e7ekte \u00e7ok az \u015feyin de\u011fi\u015fti\u011fini a\u00e7\u0131\u011fa vuruyor. Sanat ya\u015fam\u0131 boyunca karikat\u00fcr\u00fcn ne oldu\u011fu ve ne olmas\u0131 gerekti\u011fi \u00fcst\u00fcne kafa yoran Sel\u00e7uk, toplumsal \u00f6ng\u00f6r\u00fc yetene\u011fi ve zaman\u0131n\u0131n \u00f6tesindeki eserleriyle g\u00fcn\u00fcm\u00fcz okurlar\u0131n\u0131 \u015fa\u015f\u0131rtmay\u0131 s\u00fcrd\u00fcr\u00fcyor.\u201c\u0130nsan G\u00fclen Hayvand\u0131r.\u201d<\/p>\n","protected":false},"excerpt":{"rendered":"<p>Turhan Sel\u00e7uk&#8217;tan insan do\u011fas\u0131n\u0131 hicveden karikat\u00fcrler&#8230;\u201cTurhan Sel\u00e7uk Se\u00e7kisi\u201d, T\u00fcrkiye&#8217;de s\u00f6zs\u00fcz karikat\u00fcr\u00fcn \u00f6nc\u00fcs\u00fc olan Turhan Sel\u00e7uk&#8217;un mizah\u0131n\u0131 gen\u00e7 nesillere tan\u0131t\u0131yor; b\u00fcy\u00fck ustan\u0131n kendi zaman\u0131n\u0131n \u00e7ok \u00f6tesindeki \u00e7izgilerine<span class=\"excerpt-hellip\"> [\u2026]<\/span><\/p>\n","protected":false},"featured_media":0,"template":"","meta":{"_monsterinsights_skip_tracking":false,"_monsterinsights_sitenote_active":false,"_monsterinsights_sitenote_note":"","_monsterinsights_sitenote_category":0},"product_brand":[],"product_cat":[12291,49405],"product_tag":[],"class_list":{"0":"post-735443","1":"product","2":"type-product","3":"status-publish","5":"product_cat-edebiyat","6":"product_cat-karikatur","7":"pa_cilt-ciltsiz","8":"pa_tur-kitap","9":"pa_yayinevi-desen-yayinlari","10":"pa_yazar-turhan-selcuk","12":"first","13":"instock","14":"sale","15":"shipping-taxable","16":"purchasable","17":"product-type-simple"},"_links":{"self":[{"href":"https:\/\/roveyayinevi.com.tr\/index.php\/wp-json\/wp\/v2\/product\/735443","targetHints":{"allow":["GET"]}}],"collection":[{"href":"https:\/\/roveyayinevi.com.tr\/index.php\/wp-json\/wp\/v2\/product"}],"about":[{"href":"https:\/\/roveyayinevi.com.tr\/index.php\/wp-json\/wp\/v2\/types\/product"}],"wp:attachment":[{"href":"https:\/\/roveyayinevi.com.tr\/index.php\/wp-json\/wp\/v2\/media?parent=735443"}],"wp:term":[{"taxonomy":"product_brand","embeddable":true,"href":"https:\/\/roveyayinevi.com.tr\/index.php\/wp-json\/wp\/v2\/product_brand?post=735443"},{"taxonomy":"product_cat","embeddable":true,"href":"https:\/\/roveyayinevi.com.tr\/index.php\/wp-json\/wp\/v2\/product_cat?post=735443"},{"taxonomy":"product_tag","embeddable":true,"href":"https:\/\/roveyayinevi.com.tr\/index.php\/wp-json\/wp\/v2\/product_tag?post=735443"}],"curies":[{"name":"wp","href":"https:\/\/api.w.org\/{rel}","templated":true}]}}