{"id":735441,"date":"2025-08-27T22:47:59","date_gmt":"2025-08-27T19:47:59","guid":{"rendered":"https:\/\/roveyayinevi.com.tr\/index.php\/urun\/kalk-yerine-yat\/"},"modified":"2026-04-16T02:43:46","modified_gmt":"2026-04-15T23:43:46","slug":"kalk-yerine-yat","status":"publish","type":"product","link":"https:\/\/roveyayinevi.com.tr\/index.php\/urun\/kalk-yerine-yat\/","title":{"rendered":"Kalk Yerine Yat"},"content":{"rendered":"<p>Babam\u0131n nerede oldu\u011funu bilmiyorduk, bir ak\u015fam valizini al\u0131p \u00e7ekip gitmi\u015fti. H\u00e2l\u00e2 da g\u00f6rmedim. Belki \u00f6lm\u00fc\u015ft\u00fcr.\u00d6lmediyse de kendi bilir, biz onu \u00f6yle bildik. Annem g\u00fcnlerce evden d\u0131\u015far\u0131 \u00e7\u0131kmad\u0131. Kocas\u0131 onu terk etti\u011fi i\u00e7in kendinden utan\u0131yordu. Onu teselli edebilecek, ak\u0131l verecek kimsemiz yoktu. Babam\u0131n gidi\u015finden bir hafta sonra dolapta yiyecek hi\u00e7bir \u015fey kalmad\u0131. Hi\u00e7birimiz ne yapaca\u011f\u0131z diye d\u00fc\u015f\u00fcnmedik. D\u00fc\u015f\u00fcnmenin nas\u0131l bir \u015fey oldu\u011funu bilmiyorduk. D\u00fc\u015f\u00fcnmenin ne oldu\u011funu bilsek babam da d\u00fc\u015f\u00fcn\u00fcrd\u00fc, ben olmazsam ne yapar arkamdakiler der, gitmezdi. Arkadakiler bilmiyorlard\u0131 demek ki. D\u00fc\u015f\u00fcnmenin sadece kendine yanmak oldu\u011funu san\u0131yorlard\u0131. Babam kendi hayat\u0131n\u0131 kurtarmak i\u00e7in bas\u0131p gitmi\u015fti, annem de evde kendine yan\u0131yordu.\u015eermin Ya\u015far\u2019dan sa\u011fda solda uyuyakalmaktan tutulup kalm\u0131\u015f, g\u00fcn\u00fcn birinde uyan\u0131p yerini bulmu\u015f insanlar\u0131n s\u0131radan ve bir o kadar da ola\u011fan\u00fcst\u00fc \u00f6yk\u00fcleri\u2026<\/p>\n","protected":false},"excerpt":{"rendered":"<p>Babam\u0131n nerede oldu\u011funu bilmiyorduk, bir ak\u015fam valizini al\u0131p \u00e7ekip gitmi\u015fti. H\u00e2l\u00e2 da g\u00f6rmedim. Belki \u00f6lm\u00fc\u015ft\u00fcr.\u00d6lmediyse de kendi bilir, biz onu \u00f6yle bildik. Annem g\u00fcnlerce evden d\u0131\u015far\u0131<span class=\"excerpt-hellip\"> [\u2026]<\/span><\/p>\n","protected":false},"featured_media":0,"template":"","meta":{"_monsterinsights_skip_tracking":false,"_monsterinsights_sitenote_active":false,"_monsterinsights_sitenote_note":"","_monsterinsights_sitenote_category":0},"product_brand":[],"product_cat":[13835],"product_tag":[],"class_list":{"0":"post-735441","1":"product","2":"type-product","3":"status-publish","5":"product_cat-cok-satanlar","6":"pa_cilt-ciltsiz","7":"pa_tur-kitap","8":"pa_yayinevi-dogan-kitap","9":"pa_yazar-sermin-yasar","11":"first","12":"instock","13":"sale","14":"shipping-taxable","15":"purchasable","16":"product-type-simple"},"_links":{"self":[{"href":"https:\/\/roveyayinevi.com.tr\/index.php\/wp-json\/wp\/v2\/product\/735441","targetHints":{"allow":["GET"]}}],"collection":[{"href":"https:\/\/roveyayinevi.com.tr\/index.php\/wp-json\/wp\/v2\/product"}],"about":[{"href":"https:\/\/roveyayinevi.com.tr\/index.php\/wp-json\/wp\/v2\/types\/product"}],"wp:attachment":[{"href":"https:\/\/roveyayinevi.com.tr\/index.php\/wp-json\/wp\/v2\/media?parent=735441"}],"wp:term":[{"taxonomy":"product_brand","embeddable":true,"href":"https:\/\/roveyayinevi.com.tr\/index.php\/wp-json\/wp\/v2\/product_brand?post=735441"},{"taxonomy":"product_cat","embeddable":true,"href":"https:\/\/roveyayinevi.com.tr\/index.php\/wp-json\/wp\/v2\/product_cat?post=735441"},{"taxonomy":"product_tag","embeddable":true,"href":"https:\/\/roveyayinevi.com.tr\/index.php\/wp-json\/wp\/v2\/product_tag?post=735441"}],"curies":[{"name":"wp","href":"https:\/\/api.w.org\/{rel}","templated":true}]}}